{"id":51951,"date":"2023-07-19T07:32:53","date_gmt":"2023-07-19T11:32:53","guid":{"rendered":"https:\/\/mynextpay.ca\/?page_id=51951"},"modified":"2023-09-10T23:56:13","modified_gmt":"2023-09-11T03:56:13","slug":"politiques-des-cookies","status":"publish","type":"page","link":"https:\/\/mynextpay.ca\/fr\/politiques-des-cookies\/","title":{"rendered":"Politiques des Cookies"},"content":{"rendered":"<p>[et_pb_section fb_built=\u00a0\u00bb1&Prime; _builder_version=\u00a0\u00bb4.16&Prime; _module_preset=\u00a0\u00bbdefault\u00a0\u00bb background_image=\u00a0\u00bbhttps:\/\/mynextpay.ca\/wp-content\/uploads\/2020\/12\/callcenter.jpg\u00a0\u00bb custom_padding=\u00a0\u00bb150px||150px||true|false\u00a0\u00bb global_colors_info=\u00a0\u00bb{}\u00a0\u00bb][et_pb_row column_structure=\u00a0\u00bb1_2,1_2&Prime; _builder_version=\u00a0\u00bb4.16&Prime; _module_preset=\u00a0\u00bbdefault\u00a0\u00bb global_colors_info=\u00a0\u00bb{}\u00a0\u00bb][et_pb_column type=\u00a0\u00bb1_2&Prime; _builder_version=\u00a0\u00bb4.16&Prime; _module_preset=\u00a0\u00bbdefault\u00a0\u00bb global_colors_info=\u00a0\u00bb{}\u00a0\u00bb][et_pb_text _builder_version=\u00a0\u00bb4.21.0&Prime; _module_preset=\u00a0\u00bbdefault\u00a0\u00bb header_font=\u00a0\u00bbPoppins||||||||\u00a0\u00bb header_text_color=\u00a0\u00bb#000000&Prime; header_font_size=\u00a0\u00bb40px\u00a0\u00bb header_text_shadow_style=\u00a0\u00bbpreset3&Prime; header_text_shadow_color=\u00a0\u00bb#ffffff\u00a0\u00bb global_colors_info=\u00a0\u00bb{}\u00a0\u00bb]<\/p>\n<h1><span style=\"font-weight: 400;\">Politique des Cookies<\/span><\/h1>\n<p>&nbsp;<\/p>\n<p>[\/et_pb_text][\/et_pb_column][et_pb_column type=\u00a0\u00bb1_2&Prime; _builder_version=\u00a0\u00bb4.16&Prime; _module_preset=\u00a0\u00bbdefault\u00a0\u00bb global_colors_info=\u00a0\u00bb{}\u00a0\u00bb][\/et_pb_column][\/et_pb_row][\/et_pb_section][et_pb_section fb_built=\u00a0\u00bb1&Prime; _builder_version=\u00a0\u00bb4.16&Prime; _module_preset=\u00a0\u00bbdefault\u00a0\u00bb global_colors_info=\u00a0\u00bb{}\u00a0\u00bb][et_pb_row _builder_version=\u00a0\u00bb4.16&Prime; _module_preset=\u00a0\u00bbdefault\u00a0\u00bb global_colors_info=\u00a0\u00bb{}\u00a0\u00bb][et_pb_column type=\u00a0\u00bb4_4&Prime; _builder_version=\u00a0\u00bb4.16&Prime; _module_preset=\u00a0\u00bbdefault\u00a0\u00bb global_colors_info=\u00a0\u00bb{}\u00a0\u00bb][et_pb_text _builder_version=\u00a0\u00bb4.21.0&Prime; _module_preset=\u00a0\u00bbdefault\u00a0\u00bb global_colors_info=\u00a0\u00bb{}\u00a0\u00bb]<\/p>\n<p>\u00a0<span style=\"font-weight: 400;\">Derni\u00e8re mise \u00e0 jour : <\/span><span style=\"font-weight: 400;\">2023-07-19<\/span><\/p>\n<p><b><\/b><\/p>\n<p><b>1. Introduction<\/b><b><\/b><\/p>\n<p><b> <\/b><\/p>\n<p><b><\/b><\/p>\n<p><span style=\"font-weight: 400;\">Bienvenue <\/span><span style=\"font-weight: 400;\">chez Mynextpay.ca<\/span><span style=\"font-weight: 400;\">. Cette Politique des Cookies explique comme<\/span>Ennt nous utilisons les cookies et les technologies de suivi similaires sur notre site web.\u00a0 utilisant notre site web, vous consentez \u00e0 l&rsquo;utilisation des cookies comme d\u00e9crit dans cette politique.<\/p>\n<p><b><\/b><\/p>\n<p><b>2. Qu&rsquo;est-ce que les Cookies<\/b><b><\/b><\/p>\n<p><b> <\/b><\/p>\n<p><b><\/b><\/p>\n<p><span style=\"font-weight: 400;\">Les cookies sont de petits fichiers texte qui sont stock\u00e9s sur votre appareil (ordinateur, smartphone, tablette) lorsque vous visitez un site web. Ils nous aident \u00e0 fournir une meilleure exp\u00e9rience utilisateur et plus personnalis\u00e9e. Les cookies ne contiennent pas d&rsquo;informations personnellement identifiables.<\/span><\/p>\n<p><b><\/b><\/p>\n<p><b>3. Types de Cookies que Nous Utilisons<\/b><\/p>\n<p><span style=\"font-weight: 400;\">Nous utilisons les types de cookies suivants sur notre site web :<\/span><\/p>\n<ul>\n<li><b>Cookies Essentiels: <\/b><span style=\"font-weight: 400;\">Ces cookies sont n\u00e9cessaires pour le fonctionnement de notre site web. Ils vous permettent de naviguer et d&rsquo;utiliser des fonctionnalit\u00e9s essentielles, telles que l&rsquo;acc\u00e8s \u00e0 des zones s\u00e9curis\u00e9es.<\/span><span style=\"font-weight: 400;\"><\/span><\/li>\n<\/ul>\n<p><span style=\"font-weight: 400;\"><\/span><\/p>\n<ul>\n<li><b>Cookies Fonctionnels:<\/b><span style=\"font-weight: 400;\"> Les cookies fonctionnels am\u00e9liorent votre exp\u00e9rience en se souvenant de vos pr\u00e9f\u00e9rences, de la s\u00e9lection de la langue, et d&rsquo;autres choix que vous avez faits sur le site.<\/span><\/li>\n<\/ul>\n<p><span style=\"font-weight: 400;\"><\/span><\/p>\n<ul>\n<li><b>Cookies Analytiques\/De Performance:<\/b><span style=\"font-weight: 400;\"> Ces cookies nous aident \u00e0 comprendre comment les visiteurs interagissent avec notre site web, quelles pages sont les plus visit\u00e9es, et s&rsquo;il y a des probl\u00e8mes. Ces informations nous aident \u00e0 am\u00e9liorer les performances de notre site web.<\/span><\/li>\n<\/ul>\n<p><span style=\"font-weight: 400;\"><\/span><\/p>\n<ul>\n<li><b>Cookies Publicitaires\/De Ciblage: <\/b><span style=\"font-weight: 400;\">Nous pouvons utiliser ces cookies pour diffuser des publicit\u00e9s cibl\u00e9es en fonction de vos int\u00e9r\u00eats et de votre comportement de navigation.<\/span><\/li>\n<\/ul>\n<p><b><\/b><\/p>\n<p><b>4. Comment Nous Utilisons les Cookies<\/b><\/p>\n<p><span style=\"font-weight: 400;\"><br \/><\/span><span style=\"font-weight: 400;\">Nous utilisons les cookies aux fins suivantes :<\/span><\/p>\n<p>&nbsp;<\/p>\n<p><span style=\"font-weight: 400;\">Pour am\u00e9liorer votre exp\u00e9rience de navigation et la fonctionnalit\u00e9 du site web.<\/span><\/p>\n<p><span style=\"font-weight: 400;\">Pour analyser le comportement des utilisateurs et les performances du site web afin de prendre des d\u00e9cisions \u00e9clair\u00e9es pour les am\u00e9liorations.<\/span><\/p>\n<p><span style=\"font-weight: 400;\">Pour fournir du contenu personnalis\u00e9 et des publicit\u00e9s en fonction de vos int\u00e9r\u00eats.<\/span><\/p>\n<p><b><\/b><\/p>\n<p><b>5. Consentement aux Cookies<\/b><\/p>\n<p><b><\/b><\/p>\n<p><span style=\"font-weight: 400;\">Lors de votre visite sur notre site web, une banni\u00e8re de consentement aux cookies vous sera pr\u00e9sent\u00e9e. En continuant \u00e0 utiliser notre site web apr\u00e8s avoir accept\u00e9 les cookies, vous acceptez nos pratiques en mati\u00e8re de cookies telles qu&rsquo;elles sont d\u00e9crites dans cette politique.<\/span><\/p>\n<p>&nbsp;<\/p>\n<p><span style=\"font-weight: 400;\">Vous pouvez g\u00e9rer vos pr\u00e9f\u00e9rences en mati\u00e8re de cookies en ajustant les param\u00e8tres de votre navigateur. Veuillez noter que le blocage de certains types de cookies peut avoir un impact sur votre exp\u00e9rience utilisateur sur notre site web.<\/span><span style=\"font-weight: 400;\"><\/span><\/p>\n<p>&nbsp;<\/p>\n<p><b><\/b><\/p>\n<p><b>6. Dur\u00e9e des Cookies<\/b><b><\/b><\/p>\n<p><b> <\/b><\/p>\n<p><b><\/b><\/p>\n<p><span style=\"font-weight: 400;\">Certains cookies peuvent expirer lorsque vous fermez votre navigateur (cookies de session), tandis que d&rsquo;autres peuvent rester sur votre appareil pendant une p\u00e9riode plus longue (cookies persistants).<\/span><\/p>\n<p><b><\/b><\/p>\n<p><b>7. Comment nous Contacter<\/b><\/p>\n<p><span style=\"font-weight: 400;\">Si vous avez des questions ou des pr\u00e9occupations concernant notre politique des cookies ou nos pratiques en mati\u00e8re de donn\u00e9es, veuillez nous contacter \u00e0 :<\/span><\/p>\n<p>&nbsp;<\/p>\n<p><span style=\"font-weight: 400;\">D\u00e9tails de Support : info@mynextpay.ca<\/span><\/p>\n<p>&nbsp;<\/p>\n<p><b>8. Modifications de la Politique des Cookies<\/b><span style=\"font-weight: 400;\"><\/span><\/p>\n<p>&nbsp;<\/p>\n<p><span style=\"font-weight: 400;\">Nous nous r\u00e9servons le droit de mettre \u00e0 jour cette Politique des Cookies de temps \u00e0 temps pour refl\u00e9ter les changements dans nos pratiques. Toutes les mises \u00e0 jour seront publi\u00e9es sur cette page, et la date de la derni\u00e8re r\u00e9vision sera indiqu\u00e9e en haut.<\/span><\/p>\n<p><quillbot-extension-portal><\/quillbot-extension-portal><\/p>\n<p>[\/et_pb_text][\/et_pb_column][\/et_pb_row][\/et_pb_section]<\/p>\n","protected":false},"excerpt":{"rendered":"<p>Politique des Cookies &nbsp;\u00a0Derni\u00e8re mise \u00e0 jour : 2023-07-19 1. Introduction Bienvenue chez Mynextpay.ca. Cette Politique des Cookies explique commeEnnt nous utilisons les cookies et les technologies de suivi similaires sur notre site web.\u00a0 utilisant notre site web, vous consentez \u00e0 l&rsquo;utilisation des cookies comme d\u00e9crit dans cette politique. 2. Qu&rsquo;est-ce que les Cookies Les [&hellip;]<\/p>\n","protected":false},"author":20,"featured_media":0,"parent":0,"menu_order":0,"comment_status":"closed","ping_status":"closed","template":"","meta":{"_et_pb_use_builder":"on","_et_pb_old_content":"","_et_gb_content_width":"","footnotes":""},"class_list":["post-51951","page","type-page","status-publish","hentry"],"_links":{"self":[{"href":"https:\/\/mynextpay.ca\/fr\/wp-json\/wp\/v2\/pages\/51951","targetHints":{"allow":["GET"]}}],"collection":[{"href":"https:\/\/mynextpay.ca\/fr\/wp-json\/wp\/v2\/pages"}],"about":[{"href":"https:\/\/mynextpay.ca\/fr\/wp-json\/wp\/v2\/types\/page"}],"author":[{"embeddable":true,"href":"https:\/\/mynextpay.ca\/fr\/wp-json\/wp\/v2\/users\/20"}],"replies":[{"embeddable":true,"href":"https:\/\/mynextpay.ca\/fr\/wp-json\/wp\/v2\/comments?post=51951"}],"version-history":[{"count":0,"href":"https:\/\/mynextpay.ca\/fr\/wp-json\/wp\/v2\/pages\/51951\/revisions"}],"wp:attachment":[{"href":"https:\/\/mynextpay.ca\/fr\/wp-json\/wp\/v2\/media?parent=51951"}],"curies":[{"name":"wp","href":"https:\/\/api.w.org\/{rel}","templated":true}]}}