{"id":50429,"date":"2021-06-29T10:15:08","date_gmt":"2021-06-29T10:15:08","guid":{"rendered":"https:\/\/mynextpay.ca\/?page_id=50429"},"modified":"2021-06-29T11:00:48","modified_gmt":"2021-06-29T11:00:48","slug":"pret-rapide-sans-document","status":"publish","type":"page","link":"https:\/\/mynextpay.ca\/fr\/pret-rapide-sans-document\/","title":{"rendered":"Pr\u00eat sans document"},"content":{"rendered":"\n[et_pb_section fb_built=\u00a0\u00bb1&Prime; _builder_version=\u00a0\u00bb4.9.7&Prime; _module_preset=\u00a0\u00bbdefault\u00a0\u00bb background_image=\u00a0\u00bbhttps:\/\/mynextpay.ca\/wp-content\/uploads\/2021\/06\/pret-rapide-sans-document-1.jpg\u00a0\u00bb custom_padding=\u00a0\u00bb180px||180px||true|false\u00a0\u00bb hover_enabled=\u00a0\u00bb0&Prime; alt=\u00a0\u00bbpr\u00eat sans document\u00a0\u00bb title_text=\u00a0\u00bbpr\u00eat sans document\u00a0\u00bb sticky_enabled=\u00a0\u00bb0&Prime;][\/et_pb_section][et_pb_section fb_built=\u00a0\u00bb1&Prime; _builder_version=\u00a0\u00bb4.7.7&Prime; _module_preset=\u00a0\u00bbdefault\u00a0\u00bb use_background_color_gradient=\u00a0\u00bbon\u00a0\u00bb background_color_gradient_start=\u00a0\u00bbrgba(2,161,33,0.71)\u00a0\u00bb background_color_gradient_end=\u00a0\u00bbrgba(2,161,33,0.91)\u00a0\u00bb background_color_gradient_direction=\u00a0\u00bb268deg\u00a0\u00bb background_color_gradient_end_position=\u00a0\u00bb60%\u00a0\u00bb background_color_gradient_overlays_image=\u00a0\u00bbon\u00a0\u00bb background_image=\u00a0\u00bbhttps:\/\/mynextpay.ca\/wp-content\/uploads\/2020\/12\/cdnbills.jpg\u00a0\u00bb][et_pb_row _builder_version=\u00a0\u00bb4.7.7&Prime; _module_preset=\u00a0\u00bbdefault\u00a0\u00bb][et_pb_column type=\u00a0\u00bb4_4&Prime; _builder_version=\u00a0\u00bb4.7.7&Prime; _module_preset=\u00a0\u00bbdefault\u00a0\u00bb][et_pb_text _builder_version=\u00a0\u00bb4.9.7&Prime; _module_preset=\u00a0\u00bbdefault\u00a0\u00bb header_font=\u00a0\u00bbPoppins||||||||\u00a0\u00bb header_text_color=\u00a0\u00bb#ffffff\u00a0\u00bb header_font_size=\u00a0\u00bb36px\u00a0\u00bb header_3_font=\u00a0\u00bbPoppins||||||||\u00a0\u00bb header_3_text_color=\u00a0\u00bb#ffffff\u00a0\u00bb header_3_font_size=\u00a0\u00bb32px\u00a0\u00bb hover_enabled=\u00a0\u00bb0&Prime; sticky_enabled=\u00a0\u00bb0&Prime;]<h1>Pr\u00eat sans document<\/h1>[\/et_pb_text][et_pb_text _builder_version=\u00a0\u00bb4.9.7&Prime; _module_preset=\u00a0\u00bbdefault\u00a0\u00bb text_font=\u00a0\u00bbPoppins|300|||||||\u00a0\u00bb text_text_color=\u00a0\u00bb#ffffff\u00a0\u00bb text_font_size=\u00a0\u00bb23px\u00a0\u00bb text_line_height=\u00a0\u00bb1.2em\u00a0\u00bb hover_enabled=\u00a0\u00bb0&Prime; sticky_enabled=\u00a0\u00bb0&Prime;]<p>Vous avez besoin d\u2019argent rapidement? Les institutions financi\u00e8res v\u00e9rifient votre dossier de cr\u00e9dit avant d&rsquo;approuver un pr\u00eat. Vous devez \u00eatre patient, car cela peut prendre plusieurs jours avant que vous ne receviez votre argent. Si vous avez besoin d&rsquo;argent le plus rapidement possible pour r\u00e9gler vos d\u00e9penses urgentes, il existe une solution \u00e0 votre situation : un pr\u00eat sans document. <\/p>[\/et_pb_text][et_pb_button button_url=\u00a0\u00bbhttps:\/\/mynextpay.ca\/apply-now\/\u00a0\u00bb button_text=\u00a0\u00bbAppliquer pour un pr\u00eat\u00a0\u00bb _builder_version=\u00a0\u00bb4.9.4&Prime; _module_preset=\u00a0\u00bbdefault\u00a0\u00bb custom_button=\u00a0\u00bbon\u00a0\u00bb button_text_color=\u00a0\u00bb#ffffff\u00a0\u00bb button_bg_color=\u00a0\u00bb#000000&Prime; button_border_width=\u00a0\u00bb0px\u00a0\u00bb][\/et_pb_button][\/et_pb_column][\/et_pb_row][\/et_pb_section][et_pb_section fb_built=\u00a0\u00bb1&Prime; _builder_version=\u00a0\u00bb4.7.7&Prime; _module_preset=\u00a0\u00bbdefault\u00a0\u00bb][et_pb_row column_structure=\u00a0\u00bb3_5,2_5&Prime; _builder_version=\u00a0\u00bb4.7.7&Prime; _module_preset=\u00a0\u00bbdefault\u00a0\u00bb][et_pb_column type=\u00a0\u00bb3_5&Prime; _builder_version=\u00a0\u00bb4.7.7&Prime; _module_preset=\u00a0\u00bbdefault\u00a0\u00bb][et_pb_text _builder_version=\u00a0\u00bb4.9.7&Prime; _module_preset=\u00a0\u00bbdefault\u00a0\u00bb hover_enabled=\u00a0\u00bb0&Prime; sticky_enabled=\u00a0\u00bb0&Prime;]<h2>Qu&rsquo;est-ce qu&rsquo;un pr\u00eat sans document ?\u00a0<\/h2>\n<p>Ce type de pr\u00eat personnel est utilis\u00e9 pour couvrir des d\u00e9penses qui doivent \u00eatre pay\u00e9es maintenant. La facilit\u00e9 de cr\u00e9dit est la principale raison pour laquelle les gens demandent un pr\u00eat sans document. Lorsque vous remplissez votre demande, vous pouvez recevoir imm\u00e9diatement votre argent sur votre compte bancaire dans les 24 heures.\u00a0<\/p>\n<p>Un pr\u00eat sans document a \u00e9galement l&rsquo;avantage d&rsquo;\u00eatre accord\u00e9 <strong>sans v\u00e9rification de cr\u00e9dit<\/strong>. Votre dossier de cr\u00e9dit ne devrait pas avoir d&rsquo;incidence sur vos chances d&rsquo;obtenir de l&rsquo;argent lorsque vous en avez vraiment besoin. C&rsquo;est la raison pour laquelle nous utilisons d&rsquo;autres crit\u00e8res que <a href=\"https:\/\/www.transunion.ca\/fr\/pointage-de-credit\" target=\"_blank\" rel=\"noopener\">la cote de cr\u00e9dit<\/a> pour approuver un pr\u00eat. <\/p>[\/et_pb_text][\/et_pb_column][et_pb_column type=\u00a0\u00bb2_5&Prime; _builder_version=\u00a0\u00bb4.9.4&Prime; _module_preset=\u00a0\u00bbdefault\u00a0\u00bb][et_pb_text _builder_version=\u00a0\u00bb4.9.7&Prime; _module_preset=\u00a0\u00bbdefault\u00a0\u00bb hover_enabled=\u00a0\u00bb0&Prime; sticky_enabled=\u00a0\u00bb0&Prime;]<h2>Quels sont les crit\u00e8res pour obtenir un pr\u00eat sans document?\u00a0\u00a0<\/h2>\n<p>Vous devez r\u00e9sider au m\u00eame endroit et avoir \u00e9t\u00e9 employ\u00e9 \u00e0 temps plein pendant plus de 6 mois. Vous ne devez pas non plus \u00eatre en faillite ou insolvable.\u00a0\u00a0<\/p>[\/et_pb_text][\/et_pb_column][\/et_pb_row][et_pb_row _builder_version=\u00a0\u00bb4.7.7&Prime; _module_preset=\u00a0\u00bbdefault\u00a0\u00bb][et_pb_column type=\u00a0\u00bb4_4&Prime; _builder_version=\u00a0\u00bb4.7.7&Prime; _module_preset=\u00a0\u00bbdefault\u00a0\u00bb][et_pb_text _builder_version=\u00a0\u00bb4.9.7&Prime; _module_preset=\u00a0\u00bbdefault\u00a0\u00bb hover_enabled=\u00a0\u00bb0&Prime; sticky_enabled=\u00a0\u00bb0&Prime;]<h2>Comment puis-je demander un pr\u00eat rapide?\u00a0<\/h2>\n<p>Vous pouvez remplir <a href=\"https:\/\/mynextpay.ca\/fr\/demande-en-ligne\/\">votre demande de pr\u00eat en ligne via notre formulaire<\/a>. Nous vous demanderons de soumettre les documents suivants :\u00a0<\/p>\n<ul>\n<li>Un sp\u00e9cimen de ch\u00e8que ;\u00a0\u00a0\u00a0<\/li>\n<li>Vos deux derniers bulletins de salaire ;\u00a0\u00a0\u00a0<\/li>\n<li>Un justificatif de domicile ;\u00a0\u00a0<\/li>\n<li>Les 90 derniers jours de votre relev\u00e9 bancaire ;\u00a0\u00a0<\/li>\n<li>Une preuve de votre num\u00e9ro d&rsquo;assurance sociale<\/li>\n<li>Deux pi\u00e8ces d&rsquo;identit\u00e9 avec photo\u00a0<\/li>\n<\/ul>\n<p>Lorsque vous aurez termin\u00e9, nos pr\u00eateurs priv\u00e9s vous r\u00e9pondront le jour m\u00eame. Nous pouvons accepter des micropr\u00eats d&rsquo;un montant total compris entre 300 $ et 3 000 $.<\/p>[\/et_pb_text][\/et_pb_column][\/et_pb_row][\/et_pb_section][et_pb_section fb_built=\u00a0\u00bb1&Prime; _builder_version=\u00a0\u00bb4.7.7&Prime; _module_preset=\u00a0\u00bbdefault\u00a0\u00bb background_color=\u00a0\u00bb#f7f7f7&Prime; custom_margin=\u00a0\u00bb||-80px|||\u00a0\u00bb][et_pb_row column_structure=\u00a0\u00bb1_2,1_2&Prime; _builder_version=\u00a0\u00bb4.7.7&Prime; _module_preset=\u00a0\u00bbdefault\u00a0\u00bb][et_pb_column type=\u00a0\u00bb1_2&Prime; _builder_version=\u00a0\u00bb4.7.7&Prime; _module_preset=\u00a0\u00bbdefault\u00a0\u00bb][et_pb_text _builder_version=\u00a0\u00bb4.9.7&Prime; _module_preset=\u00a0\u00bbdefault\u00a0\u00bb hover_enabled=\u00a0\u00bb0&Prime; sticky_enabled=\u00a0\u00bb0&Prime;]<h2>Comment se fait le remboursement du pr\u00eat rapide sans document?\u00a0\u00a0<\/h2>\n<p>Le remboursement de votre pr\u00eat sans document se fait avec un taux d&rsquo;int\u00e9r\u00eat de 15%. La p\u00e9riode d&rsquo;amortissement ne doit pas \u00eatre sup\u00e9rieure \u00e0 2 ans.\u00a0<\/p>\n<p>Vous pouvez d\u00e9cider de ne payer les int\u00e9r\u00eats que sur votre prochain ch\u00e8que de paie apr\u00e8s avoir demand\u00e9 le pr\u00eat. Vous pouvez \u00e9galement choisir de rembourser le capital pour le diminuer. Enfin, la derni\u00e8re option consiste \u00e0 rembourser la totalit\u00e9 de votre capital avec les int\u00e9r\u00eats.<\/p>[\/et_pb_text][\/et_pb_column][et_pb_column type=\u00a0\u00bb1_2&Prime; _builder_version=\u00a0\u00bb4.7.7&Prime; _module_preset=\u00a0\u00bbdefault\u00a0\u00bb][et_pb_text _builder_version=\u00a0\u00bb4.9.7&Prime; _module_preset=\u00a0\u00bbdefault\u00a0\u00bb hover_enabled=\u00a0\u00bb0&Prime; sticky_enabled=\u00a0\u00bb0&Prime;]<h2>Obtenez un pr\u00eat sans document avec My Next Pay !\u00a0 \u00a0\u00a0<\/h2>\n<p><strong>Depuis plus de 12 ans, <\/strong>My Next Pay aide les gens avec leurs probl\u00e8mes financiers en leur donnant acc\u00e8s \u00e0 des pr\u00eats sans document quand ils en ont vraiment besoin. Que vous soyez \u00e0 la recherche d&rsquo;un pr\u00eat \u00e0 court terme, d&rsquo;un pr\u00eat sur salaire ou d&rsquo;un pr\u00eat sans enqu\u00eate de cr\u00e9dit, nous vous fournirons une solution adapt\u00e9e \u00e0 vos besoins.\u00a0\u00a0<\/p>\n<p>Nous travaillons dur pour fournir des services financiers qui correspondent aux attentes de nos clients. Si vous avez besoin d&rsquo;un pr\u00eat sans document, <strong>parlez-nous imm\u00e9diatement.<\/strong> Nous serons heureux de r\u00e9pondre \u00e0 toutes vos questions.<\/p>[\/et_pb_text][\/et_pb_column][\/et_pb_row][\/et_pb_section][et_pb_section fb_built=\u00a0\u00bb1&Prime; _builder_version=\u00a0\u00bb4.7.7&Prime; _module_preset=\u00a0\u00bbdefault\u00a0\u00bb background_color=\u00a0\u00bb#ffffff\u00a0\u00bb][et_pb_row _builder_version=\u00a0\u00bb4.7.7&Prime; _module_preset=\u00a0\u00bbdefault\u00a0\u00bb][et_pb_column type=\u00a0\u00bb4_4&Prime; _builder_version=\u00a0\u00bb4.7.7&Prime; _module_preset=\u00a0\u00bbdefault\u00a0\u00bb][et_pb_text _builder_version=\u00a0\u00bb4.7.7&Prime; _module_preset=\u00a0\u00bbdefault\u00a0\u00bb][yasr_visitor_votes][\/et_pb_text][\/et_pb_column][\/et_pb_row][\/et_pb_section]\n","protected":false},"excerpt":{"rendered":"<p>Pr\u00eat sans documentVous avez besoin d\u2019argent rapidement? Les institutions financi\u00e8res v\u00e9rifient votre dossier de cr\u00e9dit avant d&rsquo;approuver un pr\u00eat. Vous devez \u00eatre patient, car cela peut prendre plusieurs jours avant que vous ne receviez votre argent. Si vous avez besoin d&rsquo;argent le plus rapidement possible pour r\u00e9gler vos d\u00e9penses urgentes, il existe une solution \u00e0 [&hellip;]<\/p>\n","protected":false},"author":15,"featured_media":0,"parent":0,"menu_order":0,"comment_status":"closed","ping_status":"closed","template":"","meta":{"_et_pb_use_builder":"on","_et_pb_old_content":"","_et_gb_content_width":"","footnotes":""},"class_list":["post-50429","page","type-page","status-publish","hentry"],"_links":{"self":[{"href":"https:\/\/mynextpay.ca\/fr\/wp-json\/wp\/v2\/pages\/50429","targetHints":{"allow":["GET"]}}],"collection":[{"href":"https:\/\/mynextpay.ca\/fr\/wp-json\/wp\/v2\/pages"}],"about":[{"href":"https:\/\/mynextpay.ca\/fr\/wp-json\/wp\/v2\/types\/page"}],"author":[{"embeddable":true,"href":"https:\/\/mynextpay.ca\/fr\/wp-json\/wp\/v2\/users\/15"}],"replies":[{"embeddable":true,"href":"https:\/\/mynextpay.ca\/fr\/wp-json\/wp\/v2\/comments?post=50429"}],"version-history":[{"count":0,"href":"https:\/\/mynextpay.ca\/fr\/wp-json\/wp\/v2\/pages\/50429\/revisions"}],"wp:attachment":[{"href":"https:\/\/mynextpay.ca\/fr\/wp-json\/wp\/v2\/media?parent=50429"}],"curies":[{"name":"wp","href":"https:\/\/api.w.org\/{rel}","templated":true}]}}