{"id":50401,"date":"2021-06-23T19:42:34","date_gmt":"2021-06-23T19:42:34","guid":{"rendered":"https:\/\/mynextpay.ca\/?page_id=50401"},"modified":"2021-06-29T11:07:38","modified_gmt":"2021-06-29T11:07:38","slug":"pret-urgent","status":"publish","type":"page","link":"https:\/\/mynextpay.ca\/fr\/pret-urgent\/","title":{"rendered":"Pr\u00eat urgent"},"content":{"rendered":"\n[et_pb_section fb_built=\u00a0\u00bb1&Prime; _builder_version=\u00a0\u00bb4.9.7&Prime; _module_preset=\u00a0\u00bbdefault\u00a0\u00bb background_image=\u00a0\u00bbhttps:\/\/mynextpay.ca\/wp-content\/uploads\/2021\/06\/pret-urgent.jpg\u00a0\u00bb custom_padding=\u00a0\u00bb180px||180px||true|false\u00a0\u00bb hover_enabled=\u00a0\u00bb0&Prime; alt=\u00a0\u00bbpret urgent\u00a0\u00bb title_text=\u00a0\u00bbpret urgent\u00a0\u00bb sticky_enabled=\u00a0\u00bb0&Prime;][\/et_pb_section][et_pb_section fb_built=\u00a0\u00bb1&Prime; _builder_version=\u00a0\u00bb4.7.7&Prime; _module_preset=\u00a0\u00bbdefault\u00a0\u00bb use_background_color_gradient=\u00a0\u00bbon\u00a0\u00bb background_color_gradient_start=\u00a0\u00bbrgba(2,161,33,0.71)\u00a0\u00bb background_color_gradient_end=\u00a0\u00bbrgba(2,161,33,0.91)\u00a0\u00bb background_color_gradient_direction=\u00a0\u00bb268deg\u00a0\u00bb background_color_gradient_end_position=\u00a0\u00bb60%\u00a0\u00bb background_color_gradient_overlays_image=\u00a0\u00bbon\u00a0\u00bb background_image=\u00a0\u00bbhttps:\/\/mynextpay.ca\/wp-content\/uploads\/2020\/12\/cdnbills.jpg\u00a0\u00bb][et_pb_row _builder_version=\u00a0\u00bb4.7.7&Prime; _module_preset=\u00a0\u00bbdefault\u00a0\u00bb][et_pb_column type=\u00a0\u00bb4_4&Prime; _builder_version=\u00a0\u00bb4.7.7&Prime; _module_preset=\u00a0\u00bbdefault\u00a0\u00bb][et_pb_text _builder_version=\u00a0\u00bb4.9.4&Prime; _module_preset=\u00a0\u00bbdefault\u00a0\u00bb header_font=\u00a0\u00bbPoppins||||||||\u00a0\u00bb header_text_color=\u00a0\u00bb#ffffff\u00a0\u00bb header_font_size=\u00a0\u00bb36px\u00a0\u00bb header_3_font=\u00a0\u00bbPoppins||||||||\u00a0\u00bb header_3_text_color=\u00a0\u00bb#ffffff\u00a0\u00bb header_3_font_size=\u00a0\u00bb32px\u00a0\u00bb]<h1>Pr\u00eat urgent <\/h1>[\/et_pb_text][et_pb_text _builder_version=\u00a0\u00bb4.9.4&Prime; _module_preset=\u00a0\u00bbdefault\u00a0\u00bb text_font=\u00a0\u00bbPoppins|300|||||||\u00a0\u00bb text_text_color=\u00a0\u00bb#ffffff\u00a0\u00bb text_font_size=\u00a0\u00bb23px\u00a0\u00bb text_line_height=\u00a0\u00bb1.2em\u00a0\u00bb]<p>Vous souhaitez obtenir des fonds rapidement pour faire face &agrave; des besoins urgents? Les institutions financi&egrave;res prennent beaucoup de temps avant d&rsquo;accorder un pr&ecirc;t. Heureusement, vous pouvez demander un pr&ecirc;t urgent gr&acirc;ce &agrave; My Next Pay. Lorsque votre demande sera approuv&eacute;e, vous recevrez votre argent dans votre compte bancaire en moins de 24 heures. <\/p>[\/et_pb_text][et_pb_button button_url=\u00a0\u00bbhttps:\/\/mynextpay.ca\/apply-now\/\u00a0\u00bb button_text=\u00a0\u00bbAppliquer pour un pr\u00eat\u00a0\u00bb _builder_version=\u00a0\u00bb4.9.4&Prime; _module_preset=\u00a0\u00bbdefault\u00a0\u00bb custom_button=\u00a0\u00bbon\u00a0\u00bb button_text_color=\u00a0\u00bb#ffffff\u00a0\u00bb button_bg_color=\u00a0\u00bb#000000&Prime; button_border_width=\u00a0\u00bb0px\u00a0\u00bb][\/et_pb_button][\/et_pb_column][\/et_pb_row][\/et_pb_section][et_pb_section fb_built=\u00a0\u00bb1&Prime; _builder_version=\u00a0\u00bb4.7.7&Prime; _module_preset=\u00a0\u00bbdefault\u00a0\u00bb][et_pb_row _builder_version=\u00a0\u00bb4.7.7&Prime; _module_preset=\u00a0\u00bbdefault\u00a0\u00bb][et_pb_column type=\u00a0\u00bb4_4&Prime; _builder_version=\u00a0\u00bb4.7.7&Prime; _module_preset=\u00a0\u00bbdefault\u00a0\u00bb][et_pb_text _builder_version=\u00a0\u00bb4.9.7&Prime; _module_preset=\u00a0\u00bbdefault\u00a0\u00bb hover_enabled=\u00a0\u00bb0&Prime; sticky_enabled=\u00a0\u00bb0&Prime;]<h2>Qu\u2019est-ce qu\u2019un pr\u00eat urgent ?<\/h2>\n<p>Un pr\u00eat urgent sert \u00e0 couvrir des d\u00e9penses pour des besoins imm\u00e9diats. Il peut s\u2019agir, par exemple, d\u2019une vitre cass\u00e9e ou d\u2019un solde de carte de cr\u00e9dit \u00e0 payer le plus rapidement possible. Ce type de pr\u00eat ne peut cependant pas \u00eatre une solution \u00e0 long terme, car <a href=\"https:\/\/www.banqueducanada.ca\/taux\/taux-dinteret\/\" target=\"_blank\" rel=\"noopener\">le taux d\u2019int\u00e9r\u00eat<\/a> est beaucoup plus \u00e9lev\u00e9.<\/p>[\/et_pb_text][\/et_pb_column][\/et_pb_row][et_pb_row column_structure=\u00a0\u00bb3_5,2_5&Prime; _builder_version=\u00a0\u00bb4.7.7&Prime; _module_preset=\u00a0\u00bbdefault\u00a0\u00bb][et_pb_column type=\u00a0\u00bb3_5&Prime; _builder_version=\u00a0\u00bb4.7.7&Prime; _module_preset=\u00a0\u00bbdefault\u00a0\u00bb][et_pb_text _builder_version=\u00a0\u00bb4.9.7&Prime; _module_preset=\u00a0\u00bbdefault\u00a0\u00bb hover_enabled=\u00a0\u00bb0&Prime; sticky_enabled=\u00a0\u00bb0&Prime;]<h3>Quels sont les avantages d\u2019un pr\u00eat urgent ?<\/h3>\n<p>Avant d\u2019octroyer un pr\u00eat, les institutions financi\u00e8res font une enqu\u00eate de cr\u00e9dit pour v\u00e9rifier vos ant\u00e9c\u00e9dents. Cela peut prendre environ 2 semaines. De plus, un mauvais cr\u00e9dit peut nuire grandement \u00e0 vos chances d\u2019obtenir de l\u2019argent rapidement.<\/p>\n<p>Un pr\u00eat urgent est un pr\u00eat sans enqu\u00eate de cr\u00e9dit. Cela veut dire que nous nous basons sur d\u2019autres crit\u00e8res que la cote de cr\u00e9dit avant d\u2019octroyer un pr\u00eat. Il y a \u00e9galement tr\u00e8s peu de documents \u00e0 remettre, ce qui diminue le temps n\u00e9cessaire pour approuver votre pr\u00eat.<\/p>[\/et_pb_text][\/et_pb_column][et_pb_column type=\u00a0\u00bb2_5&Prime; _builder_version=\u00a0\u00bb4.7.7&Prime; _module_preset=\u00a0\u00bbdefault\u00a0\u00bb][et_pb_text _builder_version=\u00a0\u00bb4.9.7&Prime; _module_preset=\u00a0\u00bbdefault\u00a0\u00bb hover_enabled=\u00a0\u00bb0&Prime; sticky_enabled=\u00a0\u00bb0&Prime;]<h3>Quels sont les crit\u00e8res \u00e0 remplir pour obtenir un pr\u00eat urgent ?<\/h3>\n<p>Pour obtenir un pr\u00eat urgent, vous devez r\u00e9sider \u00e0 la m\u00eame adresse et occuper un emploi \u00e0 temps plein depuis plus de 6 mois. Vous devez \u00e9galement ne pas \u00eatre insolvable ou en situation de faillite. \u00a0\u00a0<\/p>[\/et_pb_text][\/et_pb_column][\/et_pb_row][\/et_pb_section][et_pb_section fb_built=\u00a0\u00bb1&Prime; _builder_version=\u00a0\u00bb4.7.7&Prime; _module_preset=\u00a0\u00bbdefault\u00a0\u00bb background_color=\u00a0\u00bb#f7f7f7&Prime; custom_margin=\u00a0\u00bb||-80px|||\u00a0\u00bb][et_pb_row column_structure=\u00a0\u00bb1_2,1_2&Prime; _builder_version=\u00a0\u00bb4.7.7&Prime; _module_preset=\u00a0\u00bbdefault\u00a0\u00bb][et_pb_column type=\u00a0\u00bb1_2&Prime; _builder_version=\u00a0\u00bb4.7.7&Prime; _module_preset=\u00a0\u00bbdefault\u00a0\u00bb][et_pb_text _builder_version=\u00a0\u00bb4.9.4&Prime; _module_preset=\u00a0\u00bbdefault\u00a0\u00bb]<h2>Comment faire sa demande de pr\u00eat?<\/h2>\n<p>Vous devez prendre quelques minutes pour <a href=\"https:\/\/mynextpay.ca\/fr\/demande-en-ligne\/\">remplir le formulaire de demande en ligne<\/a>. Vous devez \u00e9galement nous faire parvenir les documents suivants pour d\u00e9montrer que vous correspondez \u00e0 nos crit\u00e8res :<\/p>\n<ul>\n<li>Deux pi\u00e8ces d\u2019identit\u00e9 avec photos;\u00a0<\/li>\n<li>Une preuve du num\u00e9ro d\u2019assurance sociale;\u00a0<\/li>\n<li>Vos 2 derniers talons de paie;\u00a0<\/li>\n<li>Les 90 derniers jours de votre relev\u00e9 bancaire;\u00a0<\/li>\n<li>Un sp\u00e9cimen de ch\u00e8que;\u00a0<\/li>\n<li>Une preuve d\u2019adresse.<\/li>\n<\/ul>[\/et_pb_text][\/et_pb_column][et_pb_column type=\u00a0\u00bb1_2&Prime; _builder_version=\u00a0\u00bb4.7.7&Prime; _module_preset=\u00a0\u00bbdefault\u00a0\u00bb][et_pb_text _builder_version=\u00a0\u00bb4.9.4&Prime; _module_preset=\u00a0\u00bbdefault\u00a0\u00bb]<h2>Comment s&rsquo;effectue le remboursement?<\/h2>\n<p>Vous devez rembourser votre pr&ecirc;t d&rsquo;argent urgent avec un taux d&rsquo;int&eacute;r&ecirc;t de 12%. Le pr&ecirc;t doit &ecirc;tre rembours&eacute; sur une p&eacute;riode maximale de deux ans. Trois options s&rsquo;offrent &agrave; vous.&nbsp;<\/p>\n<p>Vous pouvez payer uniquement les int&eacute;r&ecirc;ts lors de la prochaine paie qui suit votre demande de pr&ecirc;t. Vous pouvez &eacute;galement payer une partie du capital pour le diminuer. Finalement, la derni&egrave;re option qui s&rsquo;offre &agrave; vous est de payer la totalit&eacute; de votre pr&ecirc;t avec les int&eacute;r&ecirc;ts. <\/p>[\/et_pb_text][\/et_pb_column][\/et_pb_row][\/et_pb_section][et_pb_section fb_built=\u00a0\u00bb1&Prime; _builder_version=\u00a0\u00bb4.7.7&Prime; _module_preset=\u00a0\u00bbdefault\u00a0\u00bb background_color=\u00a0\u00bb#ffffff\u00a0\u00bb][et_pb_row _builder_version=\u00a0\u00bb4.7.7&Prime; _module_preset=\u00a0\u00bbdefault\u00a0\u00bb][et_pb_column type=\u00a0\u00bb4_4&Prime; _builder_version=\u00a0\u00bb4.7.7&Prime; _module_preset=\u00a0\u00bbdefault\u00a0\u00bb][et_pb_text _builder_version=\u00a0\u00bb4.9.7&Prime; _module_preset=\u00a0\u00bbdefault\u00a0\u00bb]<h2>Obtenez un pr\u00eat avec My Next Pay!<\/h2>\n<p>Depuis plus de 12 ans, My Next Pay aide les gens qui ont une situation financi\u00e8re difficile en leur donnant acc\u00e8s \u00e0 de l&rsquo;argent rapidement lorsqu\u2019ils en ont le plus besoin. Que ce soit pour une avance de fonds, un pr\u00eat \u00e0 court terme ou un pr\u00eat sur salaire, nous trouverons la solution qui convient \u00e0 vos besoins.<\/p>\n<p>Si vous avez besoin d\u2019un pr\u00eat d\u2019argent urgent, discutez avec nous d\u00e8s maintenant. Nous serons \u00e0 votre \u00e9coute et nous r\u00e9pondrons \u00e0 toutes vos questions avec grand plaisir.\u00a0<\/p>[\/et_pb_text][\/et_pb_column][\/et_pb_row][et_pb_row _builder_version=\u00a0\u00bb4.7.7&Prime; _module_preset=\u00a0\u00bbdefault\u00a0\u00bb][et_pb_column type=\u00a0\u00bb4_4&Prime; _builder_version=\u00a0\u00bb4.7.7&Prime; _module_preset=\u00a0\u00bbdefault\u00a0\u00bb][et_pb_text _builder_version=\u00a0\u00bb4.7.7&Prime; _module_preset=\u00a0\u00bbdefault\u00a0\u00bb][yasr_visitor_votes][\/et_pb_text][\/et_pb_column][\/et_pb_row][\/et_pb_section]\n","protected":false},"excerpt":{"rendered":"<p>Pr\u00eat urgent Vous souhaitez obtenir des fonds rapidement pour faire face &agrave; des besoins urgents? Les institutions financi&egrave;res prennent beaucoup de temps avant d&rsquo;accorder un pr&ecirc;t. Heureusement, vous pouvez demander un pr&ecirc;t urgent gr&acirc;ce &agrave; My Next Pay. Lorsque votre demande sera approuv&eacute;e, vous recevrez votre argent dans votre compte bancaire en moins de 24 [&hellip;]<\/p>\n","protected":false},"author":15,"featured_media":0,"parent":0,"menu_order":0,"comment_status":"closed","ping_status":"closed","template":"","meta":{"_et_pb_use_builder":"on","_et_pb_old_content":"","_et_gb_content_width":"","footnotes":""},"class_list":["post-50401","page","type-page","status-publish","hentry"],"_links":{"self":[{"href":"https:\/\/mynextpay.ca\/fr\/wp-json\/wp\/v2\/pages\/50401","targetHints":{"allow":["GET"]}}],"collection":[{"href":"https:\/\/mynextpay.ca\/fr\/wp-json\/wp\/v2\/pages"}],"about":[{"href":"https:\/\/mynextpay.ca\/fr\/wp-json\/wp\/v2\/types\/page"}],"author":[{"embeddable":true,"href":"https:\/\/mynextpay.ca\/fr\/wp-json\/wp\/v2\/users\/15"}],"replies":[{"embeddable":true,"href":"https:\/\/mynextpay.ca\/fr\/wp-json\/wp\/v2\/comments?post=50401"}],"version-history":[{"count":0,"href":"https:\/\/mynextpay.ca\/fr\/wp-json\/wp\/v2\/pages\/50401\/revisions"}],"wp:attachment":[{"href":"https:\/\/mynextpay.ca\/fr\/wp-json\/wp\/v2\/media?parent=50401"}],"curies":[{"name":"wp","href":"https:\/\/api.w.org\/{rel}","templated":true}]}}