{"id":50035,"date":"2021-02-17T17:56:17","date_gmt":"2021-02-17T17:56:17","guid":{"rendered":"https:\/\/mynextpay.ca\/?page_id=50035"},"modified":"2023-02-13T17:35:54","modified_gmt":"2023-02-13T22:35:54","slug":"pret-personnel-sans-refus","status":"publish","type":"page","link":"https:\/\/mynextpay.ca\/fr\/pret-personnel-sans-refus\/","title":{"rendered":"Pr\u00eat personnel sans refus"},"content":{"rendered":"<p>[et_pb_section fb_built=\u00a0\u00bb1&Prime; _builder_version=\u00a0\u00bb4.7.7&Prime; _module_preset=\u00a0\u00bbdefault\u00a0\u00bb background_image=\u00a0\u00bbhttps:\/\/mynextpay.ca\/wp-content\/uploads\/2021\/02\/pret-personnel-sans-refus-1.jpg\u00a0\u00bb custom_padding=\u00a0\u00bb180px||180px||true|false\u00a0\u00bb hover_enabled=\u00a0\u00bb0&Prime; title_text=\u00a0\u00bbpret-personnel-sans-refus\u00a0\u00bb alt=\u00a0\u00bbPr\u00eat personnel sans refus\u00a0\u00bb sticky_enabled=\u00a0\u00bb0&Prime;][\/et_pb_section][et_pb_section fb_built=\u00a0\u00bb1&Prime; _builder_version=\u00a0\u00bb4.7.7&Prime; _module_preset=\u00a0\u00bbdefault\u00a0\u00bb use_background_color_gradient=\u00a0\u00bbon\u00a0\u00bb background_color_gradient_start=\u00a0\u00bbrgba(2,161,33,0.71)\u00a0\u00bb background_color_gradient_end=\u00a0\u00bbrgba(2,161,33,0.91)\u00a0\u00bb background_color_gradient_direction=\u00a0\u00bb268deg\u00a0\u00bb background_color_gradient_end_position=\u00a0\u00bb60%\u00a0\u00bb background_color_gradient_overlays_image=\u00a0\u00bbon\u00a0\u00bb background_image=\u00a0\u00bbhttps:\/\/mynextpay.ca\/wp-content\/uploads\/2020\/12\/cdnbills.jpg\u00a0\u00bb][et_pb_row _builder_version=\u00a0\u00bb4.7.7&Prime; _module_preset=\u00a0\u00bbdefault\u00a0\u00bb][et_pb_column type=\u00a0\u00bb4_4&Prime; _builder_version=\u00a0\u00bb4.7.7&Prime; _module_preset=\u00a0\u00bbdefault\u00a0\u00bb][et_pb_text _builder_version=\u00a0\u00bb4.7.7&Prime; _module_preset=\u00a0\u00bbdefault\u00a0\u00bb header_font=\u00a0\u00bbPoppins||||||||\u00a0\u00bb header_text_color=\u00a0\u00bb#ffffff\u00a0\u00bb header_font_size=\u00a0\u00bb36px\u00a0\u00bb header_3_font=\u00a0\u00bbPoppins||||||||\u00a0\u00bb header_3_text_color=\u00a0\u00bb#ffffff\u00a0\u00bb header_3_font_size=\u00a0\u00bb32px\u00a0\u00bb]<\/p>\n<h1>Pr\u00eat personnel sans refus<\/h1>\n<p>[\/et_pb_text][et_pb_text _builder_version=\u00a0\u00bb4.7.7&Prime; _module_preset=\u00a0\u00bbdefault\u00a0\u00bb text_font=\u00a0\u00bbPoppins|300|||||||\u00a0\u00bb text_text_color=\u00a0\u00bb#ffffff\u00a0\u00bb text_font_size=\u00a0\u00bb23px\u00a0\u00bb text_line_height=\u00a0\u00bb1.2em\u00a0\u00bb]<\/p>\n<p><span style=\"font-weight: 400;\">Vous avez besoin d\u2019argent imm\u00e9diatement pour une d\u00e9pense urgente ? Les institutions bancaires prendront leur temps avant de vous accorder un pr\u00eat. De plus, un mauvais cr\u00e9dit pourrait grandement nuire \u00e0 vos chances d\u2019obtenir un pr\u00eat. Il existe cependant une solution pour vous d\u00e9panner : le pr\u00eat personnel sans refus.\u00a0\u00a0\u00a0<\/span><\/p>\n<p>[\/et_pb_text][et_pb_button button_url=\u00a0\u00bbhttps:\/\/mynextpay.ca\/fr\/demande-en-ligne\u00a0\u00bb button_text=\u00a0\u00bbPostuler Maintenant\u00a0\u00bb _builder_version=\u00a0\u00bb4.7.7&Prime; _module_preset=\u00a0\u00bbdefault\u00a0\u00bb custom_button=\u00a0\u00bbon\u00a0\u00bb button_text_color=\u00a0\u00bb#ffffff\u00a0\u00bb button_bg_color=\u00a0\u00bb#000000&Prime; button_border_width=\u00a0\u00bb0px\u00a0\u00bb][\/et_pb_button][\/et_pb_column][\/et_pb_row][\/et_pb_section][et_pb_section fb_built=\u00a0\u00bb1&Prime; _builder_version=\u00a0\u00bb4.7.7&Prime; _module_preset=\u00a0\u00bbdefault\u00a0\u00bb][et_pb_row _builder_version=\u00a0\u00bb4.7.7&Prime; _module_preset=\u00a0\u00bbdefault\u00a0\u00bb][et_pb_column type=\u00a0\u00bb4_4&Prime; _builder_version=\u00a0\u00bb4.7.7&Prime; _module_preset=\u00a0\u00bbdefault\u00a0\u00bb][et_pb_text _builder_version=\u00a0\u00bb4.7.7&Prime; _module_preset=\u00a0\u00bbdefault\u00a0\u00bb]<\/p>\n<h2>Qu\u2019est-ce qu\u2019un pr\u00eat personnel sans refus?<\/h2>\n<p>Un pr\u00eat personnel sans refus sert \u00e0 vous d\u00e9panner dans des situations o\u00f9 vous avez besoin d\u2019argent dans les plus brefs d\u00e9lais. Elle ne doit cependant n\u2019\u00eatre utilis\u00e9e qu\u2019en situation d\u2019urgence et ne peut pas servir de solution \u00e0 long terme, notamment \u00e0 cause de son taux d\u2019int\u00e9r\u00eat \u00e9lev\u00e9.<\/p>\n<p>&nbsp;<\/p>\n<p>[\/et_pb_text][et_pb_text _builder_version=\u00a0\u00bb4.7.7&Prime; _module_preset=\u00a0\u00bbdefault\u00a0\u00bb hover_enabled=\u00a0\u00bb0&Prime; sticky_enabled=\u00a0\u00bb0&Prime;]<\/p>\n<h2>Pourquoi demander un pr\u00eat personnel sans refus?<\/h2>\n<p>Lorsque vous faites une demande de pr\u00eat aupr\u00e8s de votre institution financi\u00e8re, celle-ci prendra le temps d\u2019analyser votre <a href=\"https:\/\/www.bnc.ca\/particuliers\/conseils\/credit\/quest-ce-quune-cote-de-credit.html\" target=\"_blank\" rel=\"noopener noreferrer\">cote de cr\u00e9dit<\/a>. Celle-ci se base entre autres sur votre historique de cr\u00e9dit et sert \u00e0 estimer les chances que vous soyez en d\u00e9faut de paiement.<\/p>\n<p>Un pr\u00eat personnel sans refus est un pr\u00eat sans enqu\u00eate de cr\u00e9dit, c&rsquo;est-\u00e0-dire qu\u2019il est accord\u00e9 sans v\u00e9rification de cr\u00e9dit. Notre r\u00e9seau de pr\u00eateurs priv\u00e9s se base sur d\u2019autres crit\u00e8res que le score de cr\u00e9dit avant de vous octroyer un montant d\u2019argent. Votre mauvais dossier de cr\u00e9dit n\u2019aura donc pas d\u2019impact sur vos chances d\u2019obtenir un pr\u00eat.<\/p>\n<p>&nbsp;<\/p>\n<h3>Un pr\u00eat rapide<\/h3>\n<p>Une enqu\u00eate de cr\u00e9dit prend g\u00e9n\u00e9ralement 2 semaines. Lorsqu\u2019il n\u2019y a pas de v\u00e9rification de cr\u00e9dit, le nombre de documents \u00e0 remettre est beaucoup moins \u00e9lev\u00e9. Par cons\u00e9quent, les d\u00e9lais sont plus courts. Une fois que vous aurez termin\u00e9 de compl\u00e9ter votre demande, vous pourrez obtenir votre argent directement dans votre compte bancaire en moins de 24 heures.<\/p>\n<p>[\/et_pb_text][\/et_pb_column][\/et_pb_row][\/et_pb_section][et_pb_section fb_built=\u00a0\u00bb1&Prime; _builder_version=\u00a0\u00bb4.7.7&Prime; _module_preset=\u00a0\u00bbdefault\u00a0\u00bb background_color=\u00a0\u00bb#f7f7f7&Prime;][et_pb_row column_structure=\u00a0\u00bb1_2,1_2&Prime; _builder_version=\u00a0\u00bb4.7.7&Prime; _module_preset=\u00a0\u00bbdefault\u00a0\u00bb][et_pb_column type=\u00a0\u00bb1_2&Prime; _builder_version=\u00a0\u00bb4.7.7&Prime; _module_preset=\u00a0\u00bbdefault\u00a0\u00bb][et_pb_text _builder_version=\u00a0\u00bb4.7.7&Prime; _module_preset=\u00a0\u00bbdefault\u00a0\u00bb]<\/p>\n<h2>Comment faire une demande de pr\u00eat personnel sans refus?<\/h2>\n<p>Il suffit de prendre quelques minutes de votre temps pour remplir un formulaire de demande de pr\u00eats en ligne. Vous devez \u00e9galement nous parvenir les documents suivants :<\/p>\n<p>&nbsp;<\/p>\n<ul>\n<li>Une preuve d\u2019adresse<\/li>\n<li>Un sp\u00e9cimen de ch\u00e8que<\/li>\n<li>Deux pi\u00e8ces d\u2019identit\u00e9 avec photos<\/li>\n<li>Une preuve de votre num\u00e9ro d\u2019assurance sociale<\/li>\n<li>Vos deux derniers talons de paie<\/li>\n<li>Les 90 derniers jours de votre relev\u00e9 bancaire<\/li>\n<\/ul>\n<p>[\/et_pb_text][\/et_pb_column][et_pb_column type=\u00a0\u00bb1_2&Prime; _builder_version=\u00a0\u00bb4.7.7&Prime; _module_preset=\u00a0\u00bbdefault\u00a0\u00bb][et_pb_text _builder_version=\u00a0\u00bb4.7.7&Prime; _module_preset=\u00a0\u00bbdefault\u00a0\u00bb]<\/p>\n<h2>Comment s\u2019effectue le remboursement?<\/h2>\n<p>Vous pouvez rembourser votre pr\u00eat en payant <strong>15$ d\u2019int\u00e9r\u00eat sur 100$ de capital<\/strong>. Le d\u00e9lai de remboursement maximal est de <strong>2 ans<\/strong>.\u00a0<span style=\"font-size: 14px; font-style: inherit; font-variant-ligatures: inherit; font-variant-caps: inherit;\">Vous pouvez choisir de rembourser ou non du capital lors de votre prochaine paie qui suit votre demande de pr\u00eat.\u00a0<\/span><span style=\"font-size: 14px; font-style: inherit; font-variant-ligatures: inherit; font-variant-caps: inherit;\">Une autre option est de rembourser la totalit\u00e9 du capital avec les int\u00e9r\u00eats. Cela pourrait fonctionner lorsque le montant du pr\u00eat est minime.\u00a0<\/span><span style=\"font-size: 14px; font-style: inherit; font-variant-ligatures: inherit; font-variant-caps: inherit;\">Nous acceptons en effet des pr\u00eats dont le montant varie <\/span><strong style=\"font-size: 14px; font-style: inherit; font-variant-ligatures: inherit; font-variant-caps: inherit;\">entre 300 et 3000 dollars<\/strong><span style=\"font-size: 14px; font-style: inherit; font-variant-ligatures: inherit; font-variant-caps: inherit;\">.<\/span><\/p>\n<p>[\/et_pb_text][et_pb_text _builder_version=\u00a0\u00bb4.7.7&Prime; _module_preset=\u00a0\u00bbdefault\u00a0\u00bb hover_enabled=\u00a0\u00bb0&Prime; sticky_enabled=\u00a0\u00bb0&Prime;]<\/p>\n<h2>Obtenez un pr\u00eat d\u2019argent rapide avec My Next Pay!<\/h2>\n<p>Depuis plus de 12 ans, My Next Pay vient en aide aux gens qui ont des difficult\u00e9s financi\u00e8res en leur donnant acc\u00e8s \u00e0 des pr\u00eats imm\u00e9diatement lorsque ces derniers en ont le plus besoin.<span style=\"font-size: 14px; font-style: inherit; font-variant-ligatures: inherit; font-variant-caps: inherit;\">Que ce soit pour un <\/span><a href=\"https:\/\/mynextpay.ca\/fr\/pret-a-court-terme\/\" style=\"font-size: 14px; font-style: inherit; font-variant-ligatures: inherit; font-variant-caps: inherit;\" target=\"_blank\" rel=\"noopener noreferrer\">pr\u00eat \u00e0 court terme<\/a><span style=\"font-size: 14px; font-style: inherit; font-variant-ligatures: inherit; font-variant-caps: inherit;\">, un <\/span><a href=\"https:\/\/mynextpay.ca\/fr\/prets-sans-enquete-de-credit\/\" style=\"font-size: 14px; font-style: inherit; font-variant-ligatures: inherit; font-variant-caps: inherit;\" target=\"_blank\" rel=\"noopener noreferrer\">pr\u00eat sans enqu\u00eate de cr\u00e9dit<\/a><span style=\"font-size: 14px; font-style: inherit; font-variant-ligatures: inherit; font-variant-caps: inherit;\"> ou une <\/span><a href=\"https:\/\/mynextpay.ca\/fr\/consolidation-de-dettes\/\" style=\"font-size: 14px; font-style: inherit; font-variant-ligatures: inherit; font-variant-caps: inherit;\" target=\"_blank\" rel=\"noopener noreferrer\">consolidation de dettes<\/a><span style=\"font-size: 14px; font-style: inherit; font-variant-ligatures: inherit; font-variant-caps: inherit;\">, nous trouverons la solution qui convient \u00e0 vos besoins.<\/span><\/p>\n<p>[\/et_pb_text][\/et_pb_column][\/et_pb_row][et_pb_row _builder_version=\u00a0\u00bb4.7.7&Prime; _module_preset=\u00a0\u00bbdefault\u00a0\u00bb][et_pb_column type=\u00a0\u00bb4_4&Prime; _builder_version=\u00a0\u00bb4.7.7&Prime; _module_preset=\u00a0\u00bbdefault\u00a0\u00bb][et_pb_text _builder_version=\u00a0\u00bb4.7.7&Prime; _module_preset=\u00a0\u00bbdefault\u00a0\u00bb][yasr_visitor_votes][\/et_pb_text][\/et_pb_column][\/et_pb_row][\/et_pb_section]<\/p>\n","protected":false},"excerpt":{"rendered":"<p>Pr\u00eat personnel sans refusVous avez besoin d\u2019argent imm\u00e9diatement pour une d\u00e9pense urgente ? Les institutions bancaires prendront leur temps avant de vous accorder un pr\u00eat. De plus, un mauvais cr\u00e9dit pourrait grandement nuire \u00e0 vos chances d\u2019obtenir un pr\u00eat. Il existe cependant une solution pour vous d\u00e9panner : le pr\u00eat personnel sans refus.\u00a0\u00a0\u00a0Qu\u2019est-ce qu\u2019un pr\u00eat [&hellip;]<\/p>\n","protected":false},"author":15,"featured_media":0,"parent":0,"menu_order":0,"comment_status":"closed","ping_status":"closed","template":"","meta":{"_et_pb_use_builder":"on","_et_pb_old_content":"","_et_gb_content_width":"","footnotes":""},"class_list":["post-50035","page","type-page","status-publish","hentry"],"_links":{"self":[{"href":"https:\/\/mynextpay.ca\/fr\/wp-json\/wp\/v2\/pages\/50035","targetHints":{"allow":["GET"]}}],"collection":[{"href":"https:\/\/mynextpay.ca\/fr\/wp-json\/wp\/v2\/pages"}],"about":[{"href":"https:\/\/mynextpay.ca\/fr\/wp-json\/wp\/v2\/types\/page"}],"author":[{"embeddable":true,"href":"https:\/\/mynextpay.ca\/fr\/wp-json\/wp\/v2\/users\/15"}],"replies":[{"embeddable":true,"href":"https:\/\/mynextpay.ca\/fr\/wp-json\/wp\/v2\/comments?post=50035"}],"version-history":[{"count":0,"href":"https:\/\/mynextpay.ca\/fr\/wp-json\/wp\/v2\/pages\/50035\/revisions"}],"wp:attachment":[{"href":"https:\/\/mynextpay.ca\/fr\/wp-json\/wp\/v2\/media?parent=50035"}],"curies":[{"name":"wp","href":"https:\/\/api.w.org\/{rel}","templated":true}]}}