{"id":49828,"date":"2021-01-05T17:21:40","date_gmt":"2021-01-05T17:21:40","guid":{"rendered":"http:\/\/dev21.mynextpay.ca\/conditions-dutilisation\/"},"modified":"2022-05-13T10:17:12","modified_gmt":"2022-05-13T14:17:12","slug":"conditions-dutilisation","status":"publish","type":"page","link":"https:\/\/mynextpay.ca\/fr\/conditions-dutilisation\/","title":{"rendered":"Conditions d&rsquo;Utilisation"},"content":{"rendered":"<p>[et_pb_section fb_built=\u00a0\u00bb1&Prime; _builder_version=\u00a0\u00bb4.7.7&Prime; _module_preset=\u00a0\u00bbdefault\u00a0\u00bb background_image=\u00a0\u00bbhttps:\/\/mynextpay.ca\/wp-content\/uploads\/2020\/12\/callcenter.jpg\u00a0\u00bb custom_padding=\u00a0\u00bb150px||150px||true|false\u00a0\u00bb][et_pb_row column_structure=\u00a0\u00bb1_2,1_2&Prime; _builder_version=\u00a0\u00bb4.7.7&Prime; _module_preset=\u00a0\u00bbdefault\u00a0\u00bb][et_pb_column type=\u00a0\u00bb1_2&Prime; _builder_version=\u00a0\u00bb4.7.7&Prime; _module_preset=\u00a0\u00bbdefault\u00a0\u00bb][et_pb_text _builder_version=\u00a0\u00bb4.7.7&Prime; _module_preset=\u00a0\u00bbdefault\u00a0\u00bb header_font=\u00a0\u00bbPoppins||||||||\u00a0\u00bb header_text_color=\u00a0\u00bb#000000&Prime; header_font_size=\u00a0\u00bb40px\u00a0\u00bb header_text_shadow_style=\u00a0\u00bbpreset3&Prime; header_text_shadow_color=\u00a0\u00bb#ffffff\u00a0\u00bb]<\/p>\n<h1>Conditions d&rsquo;Utilisation<\/h1>\n<p>[\/et_pb_text][\/et_pb_column][et_pb_column type=\u00a0\u00bb1_2&Prime; _builder_version=\u00a0\u00bb4.7.7&Prime; _module_preset=\u00a0\u00bbdefault\u00a0\u00bb][\/et_pb_column][\/et_pb_row][\/et_pb_section][et_pb_section fb_built=\u00a0\u00bb1&Prime; _builder_version=\u00a0\u00bb4.7.7&Prime; _module_preset=\u00a0\u00bbdefault\u00a0\u00bb][et_pb_row _builder_version=\u00a0\u00bb4.7.7&Prime; _module_preset=\u00a0\u00bbdefault\u00a0\u00bb][et_pb_column type=\u00a0\u00bb4_4&Prime; _builder_version=\u00a0\u00bb4.7.7&Prime; _module_preset=\u00a0\u00bbdefault\u00a0\u00bb][et_pb_text _builder_version=\u00a0\u00bb4.9.7&Prime; _module_preset=\u00a0\u00bbdefault\u00a0\u00bb hover_enabled=\u00a0\u00bb0&Prime; sticky_enabled=\u00a0\u00bb0&Prime;]Avis : Toute transaction effectu\u00e9e sur ce site est r\u00e9put\u00e9e avoir eu lieu \u00e0 nos bureaux, quel que soit l\u2019endroit d\u2019o\u00f9 le site a \u00e9t\u00e9 consult\u00e9.<\/p>\n<p>Avertissement : Une micro-pr\u00eat est une solution financi\u00e8re \u00e0 court terme \u00e0 un probl\u00e8me \u00e0 court terme. Le premier pr\u00eat doit \u00eatre enti\u00e8rement rembours\u00e9 avant qu\u2019un nouveau pr\u00eat puisse \u00eatre accord\u00e9.<\/p>\n<p>Modalit\u00e9s et conditions : Dans le pr\u00e9sent accord (\u00ab Contrat \u00bb), les mots \u00ab vous ou votre \u00bb d\u00e9signent le client identifi\u00e9 en face. Les mots \u00ab Nous \u00bb, \u00ab Notre \u00bb d\u00e9signentmynextpay.ca.<\/p>\n<p>Acceptation \u2013 Comme indiqu\u00e9 dans le pr\u00e9sent accord, vous acceptez les conditions d\u2019utilisation d\u00e9crites dans le pr\u00e9sent accord en nous autorisant \u00e0 d\u00e9biter votre compte bancaire lorsque votre pr\u00eat arrive \u00e0 \u00e9ch\u00e9ance. Le pr\u00e9sent accord constitue une confirmation de notre accord, y compris les conditions, qui vous ont \u00e9t\u00e9 communiqu\u00e9es par \u00e9crit par notre bureau, sur notre site web accessible \u00e0 l\u2019adresse www.mynextpay.ca et verbalement par l\u2019un de nos op\u00e9rateurs avant la r\u00e9alisation de la transaction.<\/p>\n<p>Pr\u00e9sentation Num\u00e9rique des Fonds \u2013 Vous acceptez la pr\u00e9sentation \u00e9lectronique par nos soins de tous les fonds dus et la repr\u00e9sentation de toutes les pr\u00e9sentations qui nous sont retourn\u00e9es pour quelque raison que ce soit. Cette repr\u00e9sentation \u00e9lectronique peut \u00eatre inf\u00e9rieure au montant initial qui nous est d\u00fb ou par tranches totalisant le montant d\u00fb, y compris les frais maximums autoris\u00e9s pour fonds insuffisants que nous facturons.<\/p>\n<p>Recours Collectif \u2013 Vous acceptez, dans les limites autoris\u00e9es par la loi, de ne pas intenter, rejoindre ou participer \u00e0 un recours collectif ou \u00e0 une action multi-plaignants concernant toute r\u00e9clamation, tout litige ou toute controverse que vous pourriez avoir \u00e0 l\u2019encontre demynextpay.ca. Vous acceptez l\u2019inscription d\u2019une mesure injonctive pour mettre fin \u00e0 une telle poursuite ou pour vous retirer en tant que participant \u00e0 la poursuite. Le pr\u00e9sent accord ne constitue pas une renonciation \u00e0 vos droits et recours de poursuivre une r\u00e9clamation individuellement, comme indiqu\u00e9 dans le pr\u00e9sent document.<\/p>\n<p>Documentation \u2013 Vous acceptez que les e-mails, les formulaires \u00e9lectroniques, les dossiers, les photocopies et\/ou les t\u00e9l\u00e9copies des documents que vous soumettez soient valables et ex\u00e9cutoires comme l\u2019original. En outre, vous acceptez que le fait de donner votre consentement verbal en personne ou par t\u00e9l\u00e9phone, de saisir votre nom comme signature \u00e9lectronique, ou de toute autre mani\u00e8re ou m\u00e9thode d\u2019acceptation telle que d\u00e9crite dans le pr\u00e9sent document constitue une acceptation de toutes les conditions g\u00e9n\u00e9rales de l\u2019accord, pour lesquelles il sera consid\u00e9r\u00e9 comme valide et contraignant pour toutes les parties \u00e0 cet accord.<\/p>\n<p>Signature \u00e9lectronique \/ Consentement verbal \u2013 En acceptant cette demande, vous comprenez et acceptez toutes les conditions du pr\u00e9sent accord et en soumettant la demande en ligne par Internet ou par t\u00e9l\u00e9phone, vous demandez une avance de fonds et certifiez que les informations que vous fournissez sont vraies et correctes sous peine de parjure. Vous reconnaissez qu\u2019en soumettant votre signature \u00e9lectronique ou votre consentement verbal par t\u00e9l\u00e9phone, vous n\u2019\u00eates pas actuellement impliqu\u00e9 dans une faillite ou n\u2019envisagez pas d\u2019en faire une \u00e0 l\u2019avenir. Vous nous autorisez \u00e0 v\u00e9rifier les informations contenues dans la pr\u00e9sente demande et, par la pr\u00e9sente, vous donnez \u00e0mynextpay.ca le consentement d\u2019obtenir des informations vous concernant aupr\u00e8s d\u2019une agence de renseignements sur les consommateurs ou par tout autre moyen disponible. Vous comprenez quemynextpay.ca, se r\u00e9serve le droit de refuser un demandeur \u00e0 tout moment, avec un motif d\u00e9termin\u00e9 par le jugement du risque, apr\u00e8s l\u2019ach\u00e8vement de la diligence raisonnable du demandeur. Afin de traiter cette demande, vous comprenez que la v\u00e9rification des renseignements que vous avez fournis est n\u00e9cessaire, y compris, mais sans s\u2019y limiter, la v\u00e9rification de l\u2019emploi et du compte bancaire. Vous acceptez la responsabilit\u00e9 personnelle de prot\u00e9ger tout code PIN ou num\u00e9ro de client qui pourrait vous \u00eatre attribu\u00e9.[\/et_pb_text][\/et_pb_column][\/et_pb_row][\/et_pb_section]<\/p>\n","protected":false},"excerpt":{"rendered":"<p>Conditions d&rsquo;UtilisationAvis : Toute transaction effectu\u00e9e sur ce site est r\u00e9put\u00e9e avoir eu lieu \u00e0 nos bureaux, quel que soit l\u2019endroit d\u2019o\u00f9 le site a \u00e9t\u00e9 consult\u00e9. Avertissement : Une micro-pr\u00eat est une solution financi\u00e8re \u00e0 court terme \u00e0 un probl\u00e8me \u00e0 court terme. Le premier pr\u00eat doit \u00eatre enti\u00e8rement rembours\u00e9 avant qu\u2019un nouveau pr\u00eat [&hellip;]<\/p>\n","protected":false},"author":15,"featured_media":0,"parent":0,"menu_order":0,"comment_status":"closed","ping_status":"closed","template":"","meta":{"_et_pb_use_builder":"on","_et_pb_old_content":"","_et_gb_content_width":"","footnotes":""},"class_list":["post-49828","page","type-page","status-publish","hentry"],"_links":{"self":[{"href":"https:\/\/mynextpay.ca\/fr\/wp-json\/wp\/v2\/pages\/49828","targetHints":{"allow":["GET"]}}],"collection":[{"href":"https:\/\/mynextpay.ca\/fr\/wp-json\/wp\/v2\/pages"}],"about":[{"href":"https:\/\/mynextpay.ca\/fr\/wp-json\/wp\/v2\/types\/page"}],"author":[{"embeddable":true,"href":"https:\/\/mynextpay.ca\/fr\/wp-json\/wp\/v2\/users\/15"}],"replies":[{"embeddable":true,"href":"https:\/\/mynextpay.ca\/fr\/wp-json\/wp\/v2\/comments?post=49828"}],"version-history":[{"count":0,"href":"https:\/\/mynextpay.ca\/fr\/wp-json\/wp\/v2\/pages\/49828\/revisions"}],"wp:attachment":[{"href":"https:\/\/mynextpay.ca\/fr\/wp-json\/wp\/v2\/media?parent=49828"}],"curies":[{"name":"wp","href":"https:\/\/api.w.org\/{rel}","templated":true}]}}