{"id":49820,"date":"2021-01-05T17:10:42","date_gmt":"2021-01-05T17:10:42","guid":{"rendered":"http:\/\/dev21.mynextpay.ca\/refaire-son-credit\/"},"modified":"2023-07-10T11:49:32","modified_gmt":"2023-07-10T15:49:32","slug":"refaire-son-credit","status":"publish","type":"page","link":"https:\/\/mynextpay.ca\/fr\/refaire-son-credit\/","title":{"rendered":"Refaire son credit"},"content":{"rendered":"<p>[et_pb_section fb_built=\u00a0\u00bb1&Prime; _builder_version=\u00a0\u00bb4.16&Prime; _module_preset=\u00a0\u00bbdefault\u00a0\u00bb background_image=\u00a0\u00bbhttps:\/\/mynextpay.ca\/wp-content\/uploads\/2021\/05\/credit-consolidation.jpg\u00a0\u00bb custom_padding=\u00a0\u00bb150px||150px||true|false\u00a0\u00bb global_colors_info=\u00a0\u00bb{}\u00a0\u00bb][\/et_pb_section][et_pb_section fb_built=\u00a0\u00bb1&Prime; _builder_version=\u00a0\u00bb4.16&Prime; _module_preset=\u00a0\u00bbdefault\u00a0\u00bb use_background_color_gradient=\u00a0\u00bbon\u00a0\u00bb background_color_gradient_direction=\u00a0\u00bb268deg\u00a0\u00bb background_color_gradient_stops=\u00a0\u00bbrgba(2,161,33,0.71) 0%|rgba(2,161,33,0.91) 60%\u00a0\u00bb background_color_gradient_overlays_image=\u00a0\u00bbon\u00a0\u00bb background_color_gradient_start=\u00a0\u00bbrgba(2,161,33,0.71)\u00a0\u00bb background_color_gradient_end=\u00a0\u00bbrgba(2,161,33,0.91)\u00a0\u00bb background_color_gradient_end_position=\u00a0\u00bb60%\u00a0\u00bb background_enable_image=\u00a0\u00bboff\u00a0\u00bb global_colors_info=\u00a0\u00bb{}\u00a0\u00bb][et_pb_row column_structure=\u00a0\u00bb2_5,3_5&Prime; _builder_version=\u00a0\u00bb4.16&Prime; _module_preset=\u00a0\u00bbdefault\u00a0\u00bb global_colors_info=\u00a0\u00bb{}\u00a0\u00bb][et_pb_column type=\u00a0\u00bb2_5&Prime; _builder_version=\u00a0\u00bb4.16&Prime; _module_preset=\u00a0\u00bbdefault\u00a0\u00bb global_colors_info=\u00a0\u00bb{}\u00a0\u00bb][et_pb_text _builder_version=\u00a0\u00bb4.21.0&Prime; _module_preset=\u00a0\u00bbdefault\u00a0\u00bb header_2_font=\u00a0\u00bb|700|||||||\u00a0\u00bb header_2_text_color=\u00a0\u00bb#ffffff\u00a0\u00bb header_2_font_size=\u00a0\u00bb30px\u00a0\u00bb header_3_font=\u00a0\u00bbPoppins||||||||\u00a0\u00bb header_3_text_color=\u00a0\u00bb#ffffff\u00a0\u00bb header_3_font_size=\u00a0\u00bb32px\u00a0\u00bb hover_enabled=\u00a0\u00bb0&Prime; global_colors_info=\u00a0\u00bb{}\u00a0\u00bb sticky_enabled=\u00a0\u00bb0&Prime;]<\/p>\n<h1><strong><span style=\"color: #ffffff;\">Refaire son cr\u00e9dit avec My Next Pay<\/span><\/strong><\/h1>\n<p>[\/et_pb_text][et_pb_text _builder_version=\u00a0\u00bb4.16&Prime; _module_preset=\u00a0\u00bbdefault\u00a0\u00bb text_font=\u00a0\u00bbPoppins|300|||||||\u00a0\u00bb text_text_color=\u00a0\u00bb#ffffff\u00a0\u00bb text_font_size=\u00a0\u00bb23px\u00a0\u00bb text_line_height=\u00a0\u00bb1.2em\u00a0\u00bb global_colors_info=\u00a0\u00bb{}\u00a0\u00bb]<\/p>\n<p>Chez My Next Pay, nous sommes bien au courant de l&rsquo;impact qu&rsquo;une faible cote de cr&eacute;dit peut avoir sur l&rsquo;ensemble de vos taux d&rsquo;int&eacute;r&ecirc;t. C&rsquo;est pourquoi nous souhaitons vous aider &agrave; refaire votre cr&eacute;dit en vous proposant une solution adapt&eacute;e.<\/p>\n<p>[\/et_pb_text][et_pb_button button_url=\u00a0\u00bbhttps:\/\/mynextpay.ca\/fr\/demande-en-ligne\u00a0\u00bb button_text=\u00a0\u00bbPostuler Maintenant\u00a0\u00bb _builder_version=\u00a0\u00bb4.16&Prime; _module_preset=\u00a0\u00bbdefault\u00a0\u00bb custom_button=\u00a0\u00bbon\u00a0\u00bb button_text_color=\u00a0\u00bb#ffffff\u00a0\u00bb button_bg_color=\u00a0\u00bb#000000&Prime; button_border_width=\u00a0\u00bb0px\u00a0\u00bb global_colors_info=\u00a0\u00bb{}\u00a0\u00bb][\/et_pb_button][\/et_pb_column][et_pb_column type=\u00a0\u00bb3_5&Prime; _builder_version=\u00a0\u00bb4.16&Prime; _module_preset=\u00a0\u00bbdefault\u00a0\u00bb global_colors_info=\u00a0\u00bb{}\u00a0\u00bb][et_pb_text _builder_version=\u00a0\u00bb4.16&Prime; _module_preset=\u00a0\u00bbdefault\u00a0\u00bb text_text_color=\u00a0\u00bb#ffffff\u00a0\u00bb text_font_size=\u00a0\u00bb19px\u00a0\u00bb text_line_height=\u00a0\u00bb1.2em\u00a0\u00bb header_3_text_color=\u00a0\u00bb#ffffff\u00a0\u00bb background_color=\u00a0\u00bbrgba(255,255,255,0.22)\u00a0\u00bb custom_padding=\u00a0\u00bb20px|20px|20px|20px|true|true\u00a0\u00bb global_colors_info=\u00a0\u00bb{}\u00a0\u00bb]<\/p>\n<h3><strong>Refaire son cr&eacute;dit: Pourquoi nous choisir?<\/strong><\/h3>\n<p><strong>Depuis plus de 12 ans<\/strong>, My Next Pay se donne comme objectif d&rsquo;aider les gens qui ont des probl&egrave;mes financiers en leur permettant d&rsquo;obtenir du cr&eacute;dit rapidement lorsqu&rsquo;ils en ont r&eacute;ellement besoin.&nbsp;<\/p>\n<p>Que ce soit pour <a href=\"https:\/\/mynextpay.ca\/fr\/pret-sur-salaire\/\">un pr&ecirc;t sur salaire<\/a>, <a href=\"https:\/\/mynextpay.ca\/fr\/pret-a-court-terme\/\">un pr&ecirc;t &agrave; court terme<\/a> ou tout autre type de pr&ecirc;t personnel, nous avons la solution qui correspond &agrave; vos besoins financiers. Besoin de refaire son cr&eacute;dit. Faites votre demande d&egrave;s maintenant sur notre site internet. Vous recevrez une r&eacute;ponse dans un d&eacute;lai de 24 heures.&nbsp;<\/p>\n<p>Avec My Next Pay, vous n&rsquo;aurez pas de mauvaise surprise ! Nous ne demandons pas de frais initiaux et il n&rsquo;y aura aucuns frais cach&eacute;s, nous vous garantissons notre transparence.<\/p>\n<p>[\/et_pb_text][\/et_pb_column][\/et_pb_row][\/et_pb_section][et_pb_section fb_built=\u00a0\u00bb1&Prime; _builder_version=\u00a0\u00bb4.16&Prime; _module_preset=\u00a0\u00bbdefault\u00a0\u00bb min_height=\u00a0\u00bb294.1px\u00a0\u00bb custom_padding=\u00a0\u00bb||0px|||\u00a0\u00bb global_colors_info=\u00a0\u00bb{}\u00a0\u00bb][et_pb_row column_structure=\u00a0\u00bb1_3,1_3,1_3&Prime; _builder_version=\u00a0\u00bb4.16&Prime; _module_preset=\u00a0\u00bbdefault\u00a0\u00bb global_colors_info=\u00a0\u00bb{}\u00a0\u00bb][et_pb_column type=\u00a0\u00bb1_3&Prime; _builder_version=\u00a0\u00bb4.16&Prime; _module_preset=\u00a0\u00bbdefault\u00a0\u00bb global_colors_info=\u00a0\u00bb{}\u00a0\u00bb][et_pb_text _builder_version=\u00a0\u00bb4.16&Prime; _module_preset=\u00a0\u00bbdefault\u00a0\u00bb global_colors_info=\u00a0\u00bb{}\u00a0\u00bb]<\/p>\n<h2><strong>Qu&rsquo;est-ce qu&rsquo;une carte de cr&eacute;dit s&eacute;curis&eacute;e<\/strong><\/h2>\n<p>Le fonctionnement d&rsquo;une carte de cr&eacute;dit s&eacute;curis&eacute;e est le m&ecirc;me que celui d&rsquo;une carte d&eacute;bit. Le montant que vous ajoutez dans votre compte ch&egrave;ques correspond &agrave; votre limite de cr&eacute;dit. Si par exemple, le montant de votre compte-ch&egrave;ques est de 1000$, le montant maximal que vous pouvez utiliser est de 1000$. <\/p>\n<p>[\/et_pb_text][\/et_pb_column][et_pb_column type=\u00a0\u00bb1_3&Prime; _builder_version=\u00a0\u00bb4.16&Prime; _module_preset=\u00a0\u00bbdefault\u00a0\u00bb global_colors_info=\u00a0\u00bb{}\u00a0\u00bb][et_pb_text _builder_version=\u00a0\u00bb4.16&Prime; _module_preset=\u00a0\u00bbdefault\u00a0\u00bb global_colors_info=\u00a0\u00bb{}\u00a0\u00bb]<\/p>\n<h2><strong>Quelle est l\u2019utilit\u00e9 d\u2019une carte de cr\u00e9dit s\u00e9curis\u00e9e?<\/strong><\/h2>\n<p>Si votre dossier de cr\u00e9dit est trop mauvais, il se peut que les institutions financi\u00e8res refusent de vous donner une carte de cr\u00e9dit. Avec une carte de cr\u00e9dit s\u00e9curis\u00e9e, vous pouvez ajouter \u00e0 l\u2019avance le montant maximal que vous pouvez utiliser. Cela permet de refaire son cr\u00e9dit en effa\u00e7ant les mauvais ant\u00e9c\u00e9dents du pass\u00e9.[\/et_pb_text][\/et_pb_column][et_pb_column type=\u00a0\u00bb1_3&Prime; _builder_version=\u00a0\u00bb4.16&Prime; _module_preset=\u00a0\u00bbdefault\u00a0\u00bb global_colors_info=\u00a0\u00bb{}\u00a0\u00bb][et_pb_text _builder_version=\u00a0\u00bb4.16&Prime; _module_preset=\u00a0\u00bbdefault\u00a0\u00bb global_colors_info=\u00a0\u00bb{}\u00a0\u00bb]<\/p>\n<h2><strong>Qu\u2019est-ce qu\u2019une cote de cr\u00e9dit?<\/strong><\/h2>\n<p>Une <a href=\"https:\/\/www.transunion.ca\/fr\/pointage-de-credit\" target=\"_blank\" rel=\"noopener\">cote de cr\u00e9dit<\/a> est un chiffre situ\u00e9 entre 300 et 900. Une cote au-dessus de 660 est consid\u00e9r\u00e9e comme \u00e9tant bonne. Si votre score de cr\u00e9dit est sup\u00e9rieur \u00e0 760, il est consid\u00e9r\u00e9 comme \u00e9tant excellent.<\/p>\n<p>Pour am\u00e9liorer votre cote de cr\u00e9dit, il faut payer votre solde de carte de cr\u00e9dit au complet avant la date limite. Si, au contraire, vous effectuez des retards, cela diminuera votre score tout en vous faisant payer des int\u00e9r\u00eats.<\/p>\n<p>[\/et_pb_text][\/et_pb_column][\/et_pb_row][\/et_pb_section][et_pb_section fb_built=\u00a0\u00bb1&Prime; _builder_version=\u00a0\u00bb4.16&Prime; _module_preset=\u00a0\u00bbdefault\u00a0\u00bb custom_padding=\u00a0\u00bb42px|||||\u00a0\u00bb global_colors_info=\u00a0\u00bb{}\u00a0\u00bb][et_pb_row column_structure=\u00a0\u00bb3_5,2_5&Prime; _builder_version=\u00a0\u00bb4.16&Prime; _module_preset=\u00a0\u00bbdefault\u00a0\u00bb global_colors_info=\u00a0\u00bb{}\u00a0\u00bb][et_pb_column type=\u00a0\u00bb3_5&Prime; _builder_version=\u00a0\u00bb4.16&Prime; _module_preset=\u00a0\u00bbdefault\u00a0\u00bb global_colors_info=\u00a0\u00bb{}\u00a0\u00bb][et_pb_text _builder_version=\u00a0\u00bb4.16&Prime; _module_preset=\u00a0\u00bbdefault\u00a0\u00bb global_colors_info=\u00a0\u00bb{}\u00a0\u00bb]<\/p>\n<h2><strong>Refaire son cr\u00e9dit: pourquoi est-il important d\u2019avoir une bonne cote de cr\u00e9dit?<\/strong><\/h2>\n<p>Lorsque vous faites une demande de pr&ecirc;t personnel, les institutions financi&egrave;res prennent le temps de faire une enqu&ecirc;te de cr&eacute;dit &agrave; votre dossier. Celle-ci se base entre autres sur votre historique de cr&eacute;dit et sert &agrave; &eacute;valuer les chances que vous ne remboursiez pas votre pr&ecirc;t.&nbsp;<\/p>\n<p>Un mauvais cr&eacute;dit nuit grandement &agrave; vos chances d&rsquo;obtenir un pr&ecirc;t lorsque vous en avez le plus besoin. Et si vous obtenez un pr&ecirc;t, celui-ci aura un taux d&rsquo;int&eacute;r&ecirc;t tr&egrave;s &eacute;lev&eacute;. &Agrave; l&rsquo;inverse, une cote de cr&eacute;dit &eacute;lev&eacute;e augmentera vos chances d&rsquo;avoir acc&egrave;s &agrave; un pr&ecirc;t aupr&egrave;s de votre institution financi&egrave;re. Cela vous permettra donc de faire des &eacute;conomies et de moins vous endetter.&nbsp;<\/p>\n<p>[\/et_pb_text][\/et_pb_column][et_pb_column type=\u00a0\u00bb2_5&Prime; _builder_version=\u00a0\u00bb4.16&Prime; _module_preset=\u00a0\u00bbdefault\u00a0\u00bb global_colors_info=\u00a0\u00bb{}\u00a0\u00bb][et_pb_text _builder_version=\u00a0\u00bb4.16&Prime; _module_preset=\u00a0\u00bbdefault\u00a0\u00bb global_colors_info=\u00a0\u00bb{}\u00a0\u00bb]<\/p>\n<h2><strong>Informations importantes sur le taux annuel de pourcentage (TAP)<\/strong><\/h2>\n<p>Le Taux Annuel en Pourcentage (TAP) est un taux d&rsquo;int&eacute;r&ecirc;t qui d&eacute;pend du montant du pr&ecirc;t et de la p&eacute;riode d&rsquo;amortissement. Il s&rsquo;agit du total des co&ucirc;ts d&rsquo;un pr&ecirc;t ou d&rsquo;une autre dette chaque ann&eacute;e. Il peut servir &agrave; comparer vos co&ucirc;ts d&rsquo;emprunt &agrave; chaque ann&eacute;e. Pour en savoir plus, vous pouvez <a href=\"https:\/\/mynextpay.ca\/fr\/contact\/\">contacter un de nos experts financiers<\/a>.<\/p>\n<p>[\/et_pb_text][\/et_pb_column][\/et_pb_row][\/et_pb_section][et_pb_section fb_built=\u00a0\u00bb1&Prime; _builder_version=\u00a0\u00bb4.16&Prime; _module_preset=\u00a0\u00bbdefault\u00a0\u00bb background_color=\u00a0\u00bb#f7f7f7&Prime; global_colors_info=\u00a0\u00bb{}\u00a0\u00bb][et_pb_row _builder_version=\u00a0\u00bb4.16&Prime; _module_preset=\u00a0\u00bbdefault\u00a0\u00bb global_colors_info=\u00a0\u00bb{}\u00a0\u00bb][et_pb_column type=\u00a0\u00bb4_4&Prime; _builder_version=\u00a0\u00bb4.16&Prime; _module_preset=\u00a0\u00bbdefault\u00a0\u00bb global_colors_info=\u00a0\u00bb{}\u00a0\u00bb][et_pb_text _builder_version=\u00a0\u00bb4.16&Prime; _module_preset=\u00a0\u00bbdefault\u00a0\u00bb header_4_font=\u00a0\u00bbPoppins||||||||\u00a0\u00bb header_4_font_size=\u00a0\u00bb33px\u00a0\u00bb global_colors_info=\u00a0\u00bb{}\u00a0\u00bb]<\/p>\n<h2 class=\"mar-abott\" style=\"text-align: center;\"><span style=\"color: #000000;\">VOUS AVEZ DES QUESTIONS?<\/span><\/h2>\n<p style=\"text-align: center;\">Vous pouvez nous appeler au 1-866-499-5629.<\/p>\n<p style=\"text-align: center;\">ou nous envoyer nous un courriel avec vos questions \u00e0 staff@mynextpay.ca.<\/p>\n<p style=\"text-align: center;\">Vous pouvez \u00e9galement consulter notre page FAQ pour plus d\u2019informations.<\/p>\n<p style=\"text-align: center;\">Soyez toujours responsable avec vos finances et utilisez les diverses avances de tr\u00e9sorerie pour \u00e9conomiser de l\u2019argent en \u00e9vitant les frais de d\u00e9couvert et les frais de retard.<\/p>\n<p>[\/et_pb_text][\/et_pb_column][\/et_pb_row][et_pb_row _builder_version=\u00a0\u00bb4.16&Prime; _module_preset=\u00a0\u00bbdefault\u00a0\u00bb global_colors_info=\u00a0\u00bb{}\u00a0\u00bb][et_pb_column type=\u00a0\u00bb4_4&Prime; _builder_version=\u00a0\u00bb4.16&Prime; _module_preset=\u00a0\u00bbdefault\u00a0\u00bb global_colors_info=\u00a0\u00bb{}\u00a0\u00bb][et_pb_text _builder_version=\u00a0\u00bb4.16&Prime; _module_preset=\u00a0\u00bbdefault\u00a0\u00bb global_colors_info=\u00a0\u00bb{}\u00a0\u00bb][yasr_visitor_votes][\/et_pb_text][\/et_pb_column][\/et_pb_row][\/et_pb_section]<\/p>\n","protected":false},"excerpt":{"rendered":"<p>Refaire son cr\u00e9dit avec My Next PayChez My Next Pay, nous sommes bien au courant de l&rsquo;impact qu&rsquo;une faible cote de cr&eacute;dit peut avoir sur l&rsquo;ensemble de vos taux d&rsquo;int&eacute;r&ecirc;t. C&rsquo;est pourquoi nous souhaitons vous aider &agrave; refaire votre cr&eacute;dit en vous proposant une solution adapt&eacute;e.Refaire son cr&eacute;dit: Pourquoi nous choisir? Depuis plus de 12 [&hellip;]<\/p>\n","protected":false},"author":15,"featured_media":0,"parent":0,"menu_order":0,"comment_status":"closed","ping_status":"closed","template":"","meta":{"_et_pb_use_builder":"on","_et_pb_old_content":"","_et_gb_content_width":"","footnotes":""},"class_list":["post-49820","page","type-page","status-publish","hentry"],"_links":{"self":[{"href":"https:\/\/mynextpay.ca\/fr\/wp-json\/wp\/v2\/pages\/49820","targetHints":{"allow":["GET"]}}],"collection":[{"href":"https:\/\/mynextpay.ca\/fr\/wp-json\/wp\/v2\/pages"}],"about":[{"href":"https:\/\/mynextpay.ca\/fr\/wp-json\/wp\/v2\/types\/page"}],"author":[{"embeddable":true,"href":"https:\/\/mynextpay.ca\/fr\/wp-json\/wp\/v2\/users\/15"}],"replies":[{"embeddable":true,"href":"https:\/\/mynextpay.ca\/fr\/wp-json\/wp\/v2\/comments?post=49820"}],"version-history":[{"count":0,"href":"https:\/\/mynextpay.ca\/fr\/wp-json\/wp\/v2\/pages\/49820\/revisions"}],"wp:attachment":[{"href":"https:\/\/mynextpay.ca\/fr\/wp-json\/wp\/v2\/media?parent=49820"}],"curies":[{"name":"wp","href":"https:\/\/api.w.org\/{rel}","templated":true}]}}