{"id":49817,"date":"2021-01-05T17:04:58","date_gmt":"2021-01-05T17:04:58","guid":{"rendered":"http:\/\/dev21.mynextpay.ca\/politiques-de-confidentialite\/"},"modified":"2024-04-30T11:23:15","modified_gmt":"2024-04-30T15:23:15","slug":"politiques-de-confidentialite","status":"publish","type":"page","link":"https:\/\/mynextpay.ca\/fr\/politiques-de-confidentialite\/","title":{"rendered":"Politiques de confidentialite"},"content":{"rendered":"<p>[et_pb_section fb_built=\u00a0\u00bb1&Prime; _builder_version=\u00a0\u00bb4.16&Prime; _module_preset=\u00a0\u00bbdefault\u00a0\u00bb background_image=\u00a0\u00bbhttps:\/\/mynextpay.ca\/wp-content\/uploads\/2020\/12\/callcenter.jpg\u00a0\u00bb custom_padding=\u00a0\u00bb150px||150px||true|false\u00a0\u00bb global_colors_info=\u00a0\u00bb{}\u00a0\u00bb][et_pb_row column_structure=\u00a0\u00bb1_2,1_2&Prime; _builder_version=\u00a0\u00bb4.16&Prime; _module_preset=\u00a0\u00bbdefault\u00a0\u00bb global_colors_info=\u00a0\u00bb{}\u00a0\u00bb][et_pb_column type=\u00a0\u00bb1_2&Prime; _builder_version=\u00a0\u00bb4.16&Prime; _module_preset=\u00a0\u00bbdefault\u00a0\u00bb global_colors_info=\u00a0\u00bb{}\u00a0\u00bb][et_pb_text _builder_version=\u00a0\u00bb4.16&Prime; _module_preset=\u00a0\u00bbdefault\u00a0\u00bb header_font=\u00a0\u00bbPoppins||||||||\u00a0\u00bb header_text_color=\u00a0\u00bb#000000&Prime; header_font_size=\u00a0\u00bb40px\u00a0\u00bb header_text_shadow_style=\u00a0\u00bbpreset3&Prime; header_text_shadow_color=\u00a0\u00bb#ffffff\u00a0\u00bb global_colors_info=\u00a0\u00bb{}\u00a0\u00bb]<\/p>\n<h1>Politiques de Confidentialit\u00e9<\/h1>\n<p>[\/et_pb_text][\/et_pb_column][et_pb_column type=\u00a0\u00bb1_2&Prime; _builder_version=\u00a0\u00bb4.16&Prime; _module_preset=\u00a0\u00bbdefault\u00a0\u00bb global_colors_info=\u00a0\u00bb{}\u00a0\u00bb][\/et_pb_column][\/et_pb_row][\/et_pb_section][et_pb_section fb_built=\u00a0\u00bb1&Prime; _builder_version=\u00a0\u00bb4.16&Prime; _module_preset=\u00a0\u00bbdefault\u00a0\u00bb global_colors_info=\u00a0\u00bb{}\u00a0\u00bb][et_pb_row _builder_version=\u00a0\u00bb4.16&Prime; _module_preset=\u00a0\u00bbdefault\u00a0\u00bb global_colors_info=\u00a0\u00bb{}\u00a0\u00bb][et_pb_column type=\u00a0\u00bb4_4&Prime; _builder_version=\u00a0\u00bb4.16&Prime; _module_preset=\u00a0\u00bbdefault\u00a0\u00bb global_colors_info=\u00a0\u00bb{}\u00a0\u00bb][et_pb_text _builder_version=\u00a0\u00bb4.16&Prime; _module_preset=\u00a0\u00bbdefault\u00a0\u00bb hover_enabled=\u00a0\u00bb0&Prime; global_colors_info=\u00a0\u00bb{}\u00a0\u00bb sticky_enabled=\u00a0\u00bb0&Prime;]<\/p>\n<p>\u00a0<span style=\"font-weight: 400;\">Nous appr\u00e9cions votre confiance et comprenons l\u2019importance de prot\u00e9ger vos informations personnelles. Cette politique de confidentialit\u00e9 d\u00e9crit comment <strong>Mynextpay<\/strong><\/span><span style=\"font-weight: 400;\">\u00a0garantit la s\u00e9curit\u00e9 et la confidentialit\u00e9 de vos donn\u00e9es.<\/span><\/p>\n<p>&nbsp;<\/p>\n<p><span style=\"font-weight: 400;\">En utilisant nos services, vous acceptez les pratiques d\u00e9crites ici.<\/span><\/p>\n<p>&nbsp;<\/p>\n<ol>\n<li style=\"font-weight: 400;\" aria-level=\"1\"><b>S\u00e9curit\u00e9 des informations <\/b><span style=\"font-weight: 400;\">:<\/span><\/li>\n<\/ol>\n<p>&nbsp;<\/p>\n<p><strong>Mynextpay<\/strong><span style=\"font-weight: 400;\"> s&rsquo;engage \u00e0 maintenir un environnement Internet s\u00e9curis\u00e9 pour tous nos clients. Nous utilisons un cryptage SSL standard, garantissant que vos informations personnelles et bancaires sont transmises en toute s\u00e9curit\u00e9, tout comme le font les banques. Nos mesures de s\u00e9curit\u00e9 sont continuellement mises \u00e0 jour pour prot\u00e9ger la confidentialit\u00e9 des donn\u00e9es de nos clients.<\/span><\/p>\n<p><b><\/b><\/p>\n<ul>\n<li aria-level=\"1\"><b>Acc\u00e8s limit\u00e9 interne :<\/b><\/li>\n<\/ul>\n<p><b><\/b><\/p>\n<p><span style=\"font-weight: 400;\">L\u2019acc\u00e8s \u00e0 vos informations est limit\u00e9 aux membres du personnel et aux gestionnaires autoris\u00e9s uniquement. Tous nos employ\u00e9s sont soumis \u00e0 une v\u00e9rification rigoureuse de leurs ant\u00e9c\u00e9dents avant d&rsquo;avoir acc\u00e8s aux donn\u00e9es des clients. Cet acc\u00e8s limit\u00e9 garantit que vos informations sont prot\u00e9g\u00e9es et utilis\u00e9es uniquement aux fins sp\u00e9cifiques pour lesquelles elles sont requises, telles que le traitement des demandes de pr\u00eat, l&rsquo;am\u00e9lioration de nos services, l&rsquo;\u00e9valuation de la solvabilit\u00e9 et la fourniture d&rsquo;un support client.<\/span><\/p>\n<p><b><\/b><\/p>\n<ul>\n<li aria-level=\"1\"><b>Partage de donn\u00e9es avec des tiers :<\/b><\/li>\n<\/ul>\n<p><b><\/b><\/p>\n<p><span style=\"font-weight: 400;\">Afin de faciliter le traitement des pr\u00eats, de g\u00e9rer vos comptes et d&rsquo;am\u00e9liorer nos services, nous pouvons partager vos informations personnelles avec des pr\u00eateurs tiers soigneusement s\u00e9lectionn\u00e9s, des institutions financi\u00e8res, des agences d&rsquo;\u00e9valuation du cr\u00e9dit, des agents de recouvrement, des partenaires marketing et d&rsquo;autres entit\u00e9s concern\u00e9es. Ces parties se sont engag\u00e9es \u00e0 respecter la confidentialit\u00e9 et la s\u00e9curit\u00e9 de vos donn\u00e9es et les utilisent uniquement dans le but d&rsquo;\u00e9valuer votre demande de pr\u00eat ou de fournir des services connexes.<\/span><\/p>\n<p>&nbsp;<\/p>\n<p><b>Partage de donn\u00e9es AppHub :<\/b><\/p>\n<p>&nbsp;<\/p>\n<p><span style=\"font-weight: 400;\">Lorsque vous soumettez des informations via AppHub, elles sont partag\u00e9es avec plusieurs pr\u00eateurs et\/ou maisons de courtage pour optimiser le succ\u00e8s de l&rsquo;approbation de votre pr\u00eat. Vous pouvez consulter la liste des fournisseurs ici :<\/span><a href=\"https:\/\/mynextpay.ca\/information-de-tiers\/\"><strong> information de tiers<\/strong><\/a><span style=\"font-weight: 400;\">. Veuillez noter que ces donn\u00e9es sont stock\u00e9es \u00e0 l&rsquo;ext\u00e9rieur de la province de Qu\u00e9bec. Nos fournisseurs et leurs partenaires peuvent vous contacter par e-mail, t\u00e9l\u00e9phone ou SMS (des tarifs de messagerie standard peuvent s&rsquo;appliquer, variant selon l&rsquo;op\u00e9rateur). Vous avez la possibilit\u00e9 de vous d\u00e9sinscrire \u00e0 tout moment en envoyant un SMS \u00e0 HELP pour obtenir de l&rsquo;aide ou en envoyant STOP pour annuler.<\/span><\/p>\n<p><b><\/b><\/p>\n<ul>\n<li aria-level=\"1\"><b>Appel t\u00e9l\u00e9phonique, SMS Consentement :<\/b><\/li>\n<\/ul>\n<p><b><\/b><\/p>\n<p><span style=\"font-weight: 400;\">En fournissant votre num\u00e9ro de t\u00e9l\u00e9phone \u00e0 <strong>Mynextpay<\/strong><\/span><span style=\"font-weight: 400;\">, vous consentez \u00e0 recevoir des appels et\/ou des SMS de notre part. Ces messages peuvent inclure des notifications transactionnelles, des mises \u00e0 jour de compte, des enqu\u00eates aupr\u00e8s des clients ou d&rsquo;autres informations pertinentes sur votre application ou votre compte chez<\/span><span style=\"font-weight: 400;\"> <strong>Mynextpay<\/strong>.<\/span><\/p>\n<p><span style=\"font-weight: 400;\">Vous avez le droit de r\u00e9voquer \u00e0 tout moment votre consentement \u00e0 recevoir des appels ou des SMS. Pour vous d\u00e9sabonner ou vous d\u00e9sabonner, veuillez suivre les instructions fournies dans les messages SMS ou nous contacter en utilisant les informations ci-dessous.<\/span><\/p>\n<p><b><\/b><\/p>\n<ul>\n<li aria-level=\"1\"><b>Consentement par courrier \u00e9lectronique :<\/b><\/li>\n<\/ul>\n<p><b><\/b><\/p>\n<p><span style=\"font-weight: 400;\">En fournissant votre adresse e-mail \u00e0<\/span><span style=\"font-weight: 400;\"> <strong>Mynextpay<\/strong><\/span><span style=\"font-weight: 400;\">, vous consentez \u00e0 recevoir des e-mails de notre part. Ces e-mails peuvent inclure des communications transactionnelles, des offres promotionnelles, des mises \u00e0 jour de compte, des enqu\u00eates aupr\u00e8s des clients ou d&rsquo;autres informations pertinentes sur votre application ou votre compte chez <strong>Mynextpay<\/strong><\/span><span style=\"font-weight: 400;\">.<\/span><\/p>\n<p><span style=\"font-weight: 400;\">Vous avez le droit de r\u00e9voquer \u00e0 tout moment votre consentement \u00e0 recevoir des e-mails. Pour vous d\u00e9sabonner ou vous d\u00e9sabonner, vous pouvez utiliser le lien \u00ab Se d\u00e9sinscrire \u00bb fourni dans nos e-mails ou nous contacter en utilisant les informations ci-dessous.<\/span><\/p>\n<p><b><\/b><\/p>\n<ul>\n<li aria-level=\"1\"><b>La conservation des donn\u00e9es:<\/b><\/li>\n<\/ul>\n<p><b><\/b><\/p>\n<p><span style=\"font-weight: 400;\">Nous conserverons toutes les informations personnelles partag\u00e9es avec nous aussi longtemps que n\u00e9cessaire pour atteindre les objectifs d\u00e9crits dans cette politique, ou tel que l&rsquo;exigent les lois et r\u00e9glementations applicables. Si vous souhaitez que vos donn\u00e9es soient supprim\u00e9es, veuillez nous contacter en utilisant les informations ci-dessous.<\/span><\/p>\n<p><b><\/b><\/p>\n<ul>\n<li aria-level=\"1\"><b>Droits de l&rsquo;utilisateur:<\/b><\/li>\n<\/ul>\n<p><b><\/b><\/p>\n<p><span style=\"font-weight: 400;\">Vous disposez d&rsquo;un droit d&rsquo;acc\u00e8s, de rectification et de suppression de vos informations personnelles d\u00e9tenues par <strong>Mynextpay<\/strong><\/span><span style=\"font-weight: 400;\">. Si vous souhaitez exercer l&rsquo;un de ces droits ou si vous avez des questions sur vos donn\u00e9es, veuillez nous contacter en utilisant les informations fournies ci-dessous.<\/span><\/p>\n<p><b><\/b><\/p>\n<ul>\n<li aria-level=\"1\"><b>Cookies et suivi :<\/b><\/li>\n<\/ul>\n<p><b><\/b><\/p>\n<p><span style=\"font-weight: 400;\"><strong>Mynextpay<\/strong> peut utiliser des cookies et des technologies de suivi similaires pour am\u00e9liorer votre exp\u00e9rience de navigation et recueillir des informations sur la fa\u00e7on dont vous utilisez notre site Web. Pour plus de d\u00e9tails, veuillez consulter notre politique en <\/span><a href=\"https:\/\/mynextpay.ca\/fr\/politiques-des-cookies\/\"><span style=\"font-weight: 400;\"><strong>mati\u00e8re de cookies<\/strong>.<\/span><\/a><\/p>\n<p>&nbsp;<\/p>\n<p><b>Coordonn\u00e9es:<\/b><\/p>\n<p>&nbsp;<\/p>\n<p><span style=\"font-weight: 400;\">Si vous avez des questions, des pr\u00e9occupations ou des demandes li\u00e9es \u00e0 votre vie priv\u00e9e ou \u00e0 cette politique, n&rsquo;h\u00e9sitez pas \u00e0 nous contacter :<\/span><\/p>\n<p>&nbsp;<\/p>\n<p><span style=\"font-weight: 400;\">Soutien : info@<\/span><span style=\"font-weight: 400;\">mynextpay.ca<\/span><\/p>\n<p>&nbsp;<\/p>\n<p>[\/et_pb_text][\/et_pb_column][\/et_pb_row][\/et_pb_section]<\/p>\n","protected":false},"excerpt":{"rendered":"<p>Politiques de Confidentialit\u00e9\u00a0Nous appr\u00e9cions votre confiance et comprenons l\u2019importance de prot\u00e9ger vos informations personnelles. Cette politique de confidentialit\u00e9 d\u00e9crit comment Mynextpay\u00a0garantit la s\u00e9curit\u00e9 et la confidentialit\u00e9 de vos donn\u00e9es. &nbsp; En utilisant nos services, vous acceptez les pratiques d\u00e9crites ici. &nbsp; S\u00e9curit\u00e9 des informations : &nbsp; Mynextpay s&rsquo;engage \u00e0 maintenir un environnement Internet s\u00e9curis\u00e9 pour [&hellip;]<\/p>\n","protected":false},"author":15,"featured_media":0,"parent":0,"menu_order":0,"comment_status":"closed","ping_status":"closed","template":"","meta":{"_et_pb_use_builder":"on","_et_pb_old_content":"","_et_gb_content_width":"","footnotes":""},"class_list":["post-49817","page","type-page","status-publish","hentry"],"_links":{"self":[{"href":"https:\/\/mynextpay.ca\/fr\/wp-json\/wp\/v2\/pages\/49817","targetHints":{"allow":["GET"]}}],"collection":[{"href":"https:\/\/mynextpay.ca\/fr\/wp-json\/wp\/v2\/pages"}],"about":[{"href":"https:\/\/mynextpay.ca\/fr\/wp-json\/wp\/v2\/types\/page"}],"author":[{"embeddable":true,"href":"https:\/\/mynextpay.ca\/fr\/wp-json\/wp\/v2\/users\/15"}],"replies":[{"embeddable":true,"href":"https:\/\/mynextpay.ca\/fr\/wp-json\/wp\/v2\/comments?post=49817"}],"version-history":[{"count":0,"href":"https:\/\/mynextpay.ca\/fr\/wp-json\/wp\/v2\/pages\/49817\/revisions"}],"wp:attachment":[{"href":"https:\/\/mynextpay.ca\/fr\/wp-json\/wp\/v2\/media?parent=49817"}],"curies":[{"name":"wp","href":"https:\/\/api.w.org\/{rel}","templated":true}]}}