{"id":49810,"date":"2021-01-05T16:59:33","date_gmt":"2021-01-05T16:59:33","guid":{"rendered":"http:\/\/dev21.mynextpay.ca\/pret-personnel\/"},"modified":"2021-01-06T14:09:42","modified_gmt":"2021-01-06T14:09:42","slug":"pret-personnel","status":"publish","type":"page","link":"https:\/\/mynextpay.ca\/fr\/pret-personnel\/","title":{"rendered":"Pret Personnel"},"content":{"rendered":"<p>[et_pb_section fb_built=\u00a0\u00bb1&Prime; _builder_version=\u00a0\u00bb4.7.7&Prime; _module_preset=\u00a0\u00bbdefault\u00a0\u00bb background_image=\u00a0\u00bbhttps:\/\/mynextpay.ca\/wp-content\/uploads\/2021\/01\/happy-couple.jpg\u00a0\u00bb custom_padding=\u00a0\u00bb180px||180px||true|false\u00a0\u00bb][et_pb_row column_structure=\u00a0\u00bb1_2,1_2&Prime; _builder_version=\u00a0\u00bb4.7.7&Prime; _module_preset=\u00a0\u00bbdefault\u00a0\u00bb][et_pb_column type=\u00a0\u00bb1_2&Prime; _builder_version=\u00a0\u00bb4.7.7&Prime; _module_preset=\u00a0\u00bbdefault\u00a0\u00bb][\/et_pb_column][et_pb_column type=\u00a0\u00bb1_2&Prime; _builder_version=\u00a0\u00bb4.7.7&Prime; _module_preset=\u00a0\u00bbdefault\u00a0\u00bb][et_pb_text _builder_version=\u00a0\u00bb4.7.7&Prime; _module_preset=\u00a0\u00bbdefault\u00a0\u00bb header_font=\u00a0\u00bbPoppins||||||||\u00a0\u00bb header_text_align=\u00a0\u00bbright\u00a0\u00bb header_text_color=\u00a0\u00bb#ffffff\u00a0\u00bb header_font_size=\u00a0\u00bb38px\u00a0\u00bb header_text_shadow_style=\u00a0\u00bbpreset3&Prime; header_text_shadow_color=\u00a0\u00bb#000000&Prime;]<\/p>\n<h1>Pr\u00eat personnel<\/h1>\n<p>[\/et_pb_text][\/et_pb_column][\/et_pb_row][\/et_pb_section][et_pb_section fb_built=\u00a0\u00bb1&Prime; _builder_version=\u00a0\u00bb4.7.7&Prime; _module_preset=\u00a0\u00bbdefault\u00a0\u00bb use_background_color_gradient=\u00a0\u00bbon\u00a0\u00bb background_color_gradient_start=\u00a0\u00bbrgba(2,161,33,0.71)\u00a0\u00bb background_color_gradient_end=\u00a0\u00bbrgba(2,161,33,0.91)\u00a0\u00bb background_color_gradient_direction=\u00a0\u00bb268deg\u00a0\u00bb background_color_gradient_end_position=\u00a0\u00bb60%\u00a0\u00bb background_color_gradient_overlays_image=\u00a0\u00bbon\u00a0\u00bb background_enable_image=\u00a0\u00bboff\u00a0\u00bb][et_pb_row _builder_version=\u00a0\u00bb4.7.7&Prime; _module_preset=\u00a0\u00bbdefault\u00a0\u00bb][et_pb_column type=\u00a0\u00bb4_4&Prime; _builder_version=\u00a0\u00bb4.7.7&Prime; _module_preset=\u00a0\u00bbdefault\u00a0\u00bb][et_pb_text _builder_version=\u00a0\u00bb4.7.7&Prime; _module_preset=\u00a0\u00bbdefault\u00a0\u00bb text_text_color=\u00a0\u00bb#ffffff\u00a0\u00bb text_font_size=\u00a0\u00bb18px\u00a0\u00bb header_font=\u00a0\u00bbPoppins||||||||\u00a0\u00bb header_2_font=\u00a0\u00bbPoppins|700|||||||\u00a0\u00bb header_2_text_color=\u00a0\u00bb#ffffff\u00a0\u00bb header_2_font_size=\u00a0\u00bb32px\u00a0\u00bb header_3_font=\u00a0\u00bbPoppins||||||||\u00a0\u00bb header_3_text_color=\u00a0\u00bb#ffffff\u00a0\u00bb header_3_font_size=\u00a0\u00bb32px\u00a0\u00bb]<\/p>\n<h2>Pr\u00eat personnel avec mauvais cr\u00e9dit<\/h2>\n<p>Quand vous allez faire un emprunt, <b>la solvabilit\u00e9<\/b> est une question cruciale dans le traitement de votre demande. <b>L\u2019historique de vos cr\u00e9dits pass\u00e9s ou en cours<\/b> va influencer directement la d\u00e9cision de la banque ou de l\u2019institution financi\u00e8re. L\u2019organisme pr\u00eateur engage une proc\u00e9dure appel\u00e9e <b>une enqu\u00eate de cr\u00e9dit<\/b> et lui permet d\u2019\u00e9tudier et de v\u00e9rifier tous vos anciens contrats de pr\u00eats. Il va v\u00e9rifier si vous avez respect\u00e9 vos engagements et si vous avez effectu\u00e9 les remboursements \u00e0 temps. Dans le cas o\u00f9 vous avez des ant\u00e9c\u00e9dents n\u00e9gatifs, l\u2019organisme pr\u00eateur peut estimer que vous pr\u00eater de l\u2019argent constitue un risque pour lui. La probabilit\u00e9 que vous puissiez \u00eatre accept\u00e9 est tr\u00e8s minime. Cependant, certaines institutions de cr\u00e9dit proposent une solution \u00e0 ceux qui veulent une deuxi\u00e8me chance : <b>le pr\u00eat personnel pour mauvais cr\u00e9dit<\/b>.<\/p>\n<p>[\/et_pb_text][\/et_pb_column][\/et_pb_row][\/et_pb_section][et_pb_section fb_built=\u00a0\u00bb1&Prime; _builder_version=\u00a0\u00bb4.7.7&Prime; _module_preset=\u00a0\u00bbdefault\u00a0\u00bb][et_pb_row column_structure=\u00a0\u00bb1_3,1_3,1_3&Prime; _builder_version=\u00a0\u00bb4.7.7&Prime; _module_preset=\u00a0\u00bbdefault\u00a0\u00bb][et_pb_column type=\u00a0\u00bb1_3&Prime; _builder_version=\u00a0\u00bb4.7.7&Prime; _module_preset=\u00a0\u00bbdefault\u00a0\u00bb][et_pb_text _builder_version=\u00a0\u00bb4.7.7&Prime; _module_preset=\u00a0\u00bbdefault\u00a0\u00bb]<\/p>\n<h2><b>Qu\u2019est-ce qu\u2019une cote de cr\u00e9dit ou mauvais cr\u00e9dit ?<\/b><\/h2>\n<p>Quand vous obtenez un cr\u00e9dit aupr\u00e8s d\u2019une banque ou d\u2019un \u00e9tablissement de cr\u00e9dit, toutes les informations relatives \u00e0 cette op\u00e9ration seront stock\u00e9es et synth\u00e9tis\u00e9es dans des <b>bureaux de cr\u00e9dits<\/b>. Ce sont ceux qui s\u2019occupent de la collecte et de la mise \u00e0 jour des donn\u00e9es personnelles de cr\u00e9dit afin de les mettre \u00e0 la disposition des organismes pr\u00eateurs. Afin de simplifier la masse des informations admises dans ce syst\u00e8me, les bureaux de cr\u00e9dit attribuent <b>une cote<\/b> en rapport avec le respect des \u00e9ch\u00e9ances. Quand un emprunteur qui respecte les d\u00e9lais de remboursements obtient une cote cr\u00e9dit \u00e9lev\u00e9, celui qui a eu des difficult\u00e9s \u00e0 payer aura une cote cr\u00e9dit plus faible. Pourtant, moins la cote cr\u00e9dit est \u00e9lev\u00e9, moins vous aurez de chance d\u2019\u00eatre accept\u00e9 pour un nouveau pr\u00eat.<\/p>\n<p>[\/et_pb_text][\/et_pb_column][et_pb_column type=\u00a0\u00bb1_3&Prime; _builder_version=\u00a0\u00bb4.7.7&Prime; _module_preset=\u00a0\u00bbdefault\u00a0\u00bb][et_pb_text _builder_version=\u00a0\u00bb4.7.7&Prime; _module_preset=\u00a0\u00bbdefault\u00a0\u00bb]<\/p>\n<h2><b>Pourquoi contracter un pr\u00eat personnel mauvais cr\u00e9dit ?<\/b><\/h2>\n<p>Heureusement, tous les pr\u00eateurs ne r\u00e9agissent pas de la m\u00eame mani\u00e8re face \u00e0 un emprunteur \u00e0 mauvais cr\u00e9dit.\u00a0 Il existe plusieurs organismes au Canada qui peuvent vous allouer un pr\u00eat m\u00eame si vous avez <b>une mauvaise cote de cr\u00e9dit<\/b>. Ils vous viennent en aide tout simplement parce qu\u2019ils jugent que vos erreurs du pass\u00e9 ne devraient pas vous emp\u00eacher de b\u00e9n\u00e9ficier d\u2019un pr\u00eat lors d\u2019une situation d\u2019urgence. Faire un pr\u00eat personnel mauvais cr\u00e9dit peut constituer un excellent moyen pour vous sortir d\u2019une difficult\u00e9 financi\u00e8re passag\u00e8re et pour vous relancer. C\u2019est une v\u00e9ritable <b>solution de sauvetage<\/b>.<\/p>\n<p>[\/et_pb_text][\/et_pb_column][et_pb_column type=\u00a0\u00bb1_3&Prime; _builder_version=\u00a0\u00bb4.7.7&Prime; _module_preset=\u00a0\u00bbdefault\u00a0\u00bb][et_pb_text _builder_version=\u00a0\u00bb4.7.7&Prime; _module_preset=\u00a0\u00bbdefault\u00a0\u00bb hover_enabled=\u00a0\u00bb0&Prime; sticky_enabled=\u00a0\u00bb0&Prime;]<\/p>\n<h2><b>Comment obtenir un pr\u00eat personnel mauvais cr\u00e9dit ?<\/b><\/h2>\n<p>Pour obtenir un pr\u00eat personnel mauvais cr\u00e9dit au Qu\u00e9bec, il vous suffit de vous adresser \u00e0 <b>une entreprise de courtage sp\u00e9cialis\u00e9e comme Mynextpay<\/b> et suivre une proc\u00e9dure simple et rapide. Vous n\u2019avez qu\u2019\u00e0 soumettre une demande en envoyant les documents suivants :<\/p>\n<ul>\n<li>Une pi\u00e8ce d\u2019identit\u00e9,<\/li>\n<li>Une preuve de r\u00e9sidence<\/li>\n<li>Vos derni\u00e8res fiches de paie<\/li>\n<li>Des relev\u00e9s bancaires<\/li>\n<\/ul>\n<p>Bien entendu, aucune v\u00e9rification de cr\u00e9dit ne sera faite pour traiter votre demande. Pour acc\u00e9l\u00e9rer m\u00eame le transfert, MyNextPay vous garantit de r\u00e9pondre \u00e0 votre demande dans les 90 minutes qui suit la soumission. L\u2019approbation sera imm\u00e9diate et vous pouvez recevoir votre argent en moins de 24 heures.<\/p>\n<p>&nbsp;<\/p>\n<p>[\/et_pb_text][\/et_pb_column][\/et_pb_row][et_pb_row _builder_version=\u00a0\u00bb4.7.7&Prime; _module_preset=\u00a0\u00bbdefault\u00a0\u00bb][et_pb_column type=\u00a0\u00bb4_4&Prime; _builder_version=\u00a0\u00bb4.7.7&Prime; _module_preset=\u00a0\u00bbdefault\u00a0\u00bb][et_pb_text _builder_version=\u00a0\u00bb4.7.7&Prime; _module_preset=\u00a0\u00bbdefault\u00a0\u00bb][yasr_visitor_votes][\/et_pb_text][\/et_pb_column][\/et_pb_row][\/et_pb_section]<\/p>\n","protected":false},"excerpt":{"rendered":"<p>Pr\u00eat personnelPr\u00eat personnel avec mauvais cr\u00e9dit Quand vous allez faire un emprunt, la solvabilit\u00e9 est une question cruciale dans le traitement de votre demande. L\u2019historique de vos cr\u00e9dits pass\u00e9s ou en cours va influencer directement la d\u00e9cision de la banque ou de l\u2019institution financi\u00e8re. L\u2019organisme pr\u00eateur engage une proc\u00e9dure appel\u00e9e une enqu\u00eate de cr\u00e9dit et [&hellip;]<\/p>\n","protected":false},"author":15,"featured_media":0,"parent":0,"menu_order":0,"comment_status":"closed","ping_status":"closed","template":"","meta":{"_et_pb_use_builder":"on","_et_pb_old_content":"","_et_gb_content_width":"","footnotes":""},"class_list":["post-49810","page","type-page","status-publish","hentry"],"_links":{"self":[{"href":"https:\/\/mynextpay.ca\/fr\/wp-json\/wp\/v2\/pages\/49810","targetHints":{"allow":["GET"]}}],"collection":[{"href":"https:\/\/mynextpay.ca\/fr\/wp-json\/wp\/v2\/pages"}],"about":[{"href":"https:\/\/mynextpay.ca\/fr\/wp-json\/wp\/v2\/types\/page"}],"author":[{"embeddable":true,"href":"https:\/\/mynextpay.ca\/fr\/wp-json\/wp\/v2\/users\/15"}],"replies":[{"embeddable":true,"href":"https:\/\/mynextpay.ca\/fr\/wp-json\/wp\/v2\/comments?post=49810"}],"version-history":[{"count":0,"href":"https:\/\/mynextpay.ca\/fr\/wp-json\/wp\/v2\/pages\/49810\/revisions"}],"wp:attachment":[{"href":"https:\/\/mynextpay.ca\/fr\/wp-json\/wp\/v2\/media?parent=49810"}],"curies":[{"name":"wp","href":"https:\/\/api.w.org\/{rel}","templated":true}]}}