{"id":49805,"date":"2021-01-05T16:52:20","date_gmt":"2021-01-05T16:52:20","guid":{"rendered":"http:\/\/dev21.mynextpay.ca\/pret-sur-salaire\/"},"modified":"2021-06-29T10:48:36","modified_gmt":"2021-06-29T10:48:36","slug":"pret-sur-salaire","status":"publish","type":"page","link":"https:\/\/mynextpay.ca\/fr\/pret-sur-salaire\/","title":{"rendered":"Pr\u00eat sur salaire"},"content":{"rendered":"\n[et_pb_section fb_built=\u00a0\u00bb1&Prime; _builder_version=\u00a0\u00bb4.7.7&Prime; _module_preset=\u00a0\u00bbdefault\u00a0\u00bb background_image=\u00a0\u00bbhttps:\/\/mynextpay.ca\/wp-content\/uploads\/2020\/12\/man-stress.jpg\u00a0\u00bb custom_padding=\u00a0\u00bb180px||180px||true|false\u00a0\u00bb][\/et_pb_section][et_pb_section fb_built=\u00a0\u00bb1&Prime; _builder_version=\u00a0\u00bb4.7.7&Prime; _module_preset=\u00a0\u00bbdefault\u00a0\u00bb use_background_color_gradient=\u00a0\u00bbon\u00a0\u00bb background_color_gradient_start=\u00a0\u00bbrgba(2,161,33,0.71)\u00a0\u00bb background_color_gradient_end=\u00a0\u00bbrgba(2,161,33,0.91)\u00a0\u00bb background_color_gradient_direction=\u00a0\u00bb268deg\u00a0\u00bb background_color_gradient_end_position=\u00a0\u00bb60%\u00a0\u00bb background_color_gradient_overlays_image=\u00a0\u00bbon\u00a0\u00bb background_image=\u00a0\u00bbhttps:\/\/mynextpay.ca\/wp-content\/uploads\/2020\/12\/cdnbills.jpg\u00a0\u00bb][et_pb_row _builder_version=\u00a0\u00bb4.7.7&Prime; _module_preset=\u00a0\u00bbdefault\u00a0\u00bb][et_pb_column type=\u00a0\u00bb4_4&Prime; _builder_version=\u00a0\u00bb4.7.7&Prime; _module_preset=\u00a0\u00bbdefault\u00a0\u00bb][et_pb_text _builder_version=\u00a0\u00bb4.9.7&Prime; _module_preset=\u00a0\u00bbdefault\u00a0\u00bb header_font=\u00a0\u00bbPoppins||||||||\u00a0\u00bb header_text_color=\u00a0\u00bb#ffffff\u00a0\u00bb header_font_size=\u00a0\u00bb36px\u00a0\u00bb header_3_font=\u00a0\u00bbPoppins||||||||\u00a0\u00bb header_3_text_color=\u00a0\u00bb#ffffff\u00a0\u00bb header_3_font_size=\u00a0\u00bb32px\u00a0\u00bb hover_enabled=\u00a0\u00bb0&Prime; sticky_enabled=\u00a0\u00bb0&Prime;]<h1>Pr\u00eat sur salaire<\/h1>[\/et_pb_text][et_pb_text _builder_version=\u00a0\u00bb4.9.7&Prime; _module_preset=\u00a0\u00bbdefault\u00a0\u00bb text_font=\u00a0\u00bbPoppins|300|||||||\u00a0\u00bb text_text_color=\u00a0\u00bb#ffffff\u00a0\u00bb text_font_size=\u00a0\u00bb23px\u00a0\u00bb text_line_height=\u00a0\u00bb1.2em\u00a0\u00bb hover_enabled=\u00a0\u00bb0&Prime; sticky_enabled=\u00a0\u00bb0&Prime;]<p>Vous avez besoin d&rsquo;argent rapidement? Les institutions financi\u00e8res se donnent une p\u00e9riode de r\u00e9flexion de deux semaines avant d\u2019accorder un pr\u00eat. Avec My Next Pay, vous pouvez obtenir un pr\u00eat sur salaire, en ligne, partout au Canada. C&rsquo;est rapide et totalement s\u00e9curis\u00e9.<\/p>\n<p>Tout ce que vous avez \u00e0 faire est de remplir le formulaire en ligne. En quelques clics seulement, vous obtiendrez rapidement le contrat de pr\u00eat sur salaire dont vous avez besoin.<\/p>[\/et_pb_text][et_pb_button button_url=\u00a0\u00bbhttps:\/\/mynextpay.ca\/fr\/demande-en-ligne\u00a0\u00bb button_text=\u00a0\u00bbPostuler Maintenant\u00a0\u00bb _builder_version=\u00a0\u00bb4.7.7&Prime; _module_preset=\u00a0\u00bbdefault\u00a0\u00bb custom_button=\u00a0\u00bbon\u00a0\u00bb button_text_color=\u00a0\u00bb#ffffff\u00a0\u00bb button_bg_color=\u00a0\u00bb#000000&Prime; button_border_width=\u00a0\u00bb0px\u00a0\u00bb][\/et_pb_button][\/et_pb_column][\/et_pb_row][\/et_pb_section][et_pb_section fb_built=\u00a0\u00bb1&Prime; _builder_version=\u00a0\u00bb4.7.7&Prime; _module_preset=\u00a0\u00bbdefault\u00a0\u00bb][et_pb_row column_structure=\u00a0\u00bb2_5,3_5&Prime; _builder_version=\u00a0\u00bb4.7.7&Prime; _module_preset=\u00a0\u00bbdefault\u00a0\u00bb][et_pb_column type=\u00a0\u00bb2_5&Prime; _builder_version=\u00a0\u00bb4.7.7&Prime; _module_preset=\u00a0\u00bbdefault\u00a0\u00bb][et_pb_text _builder_version=\u00a0\u00bb4.9.7&Prime; _module_preset=\u00a0\u00bbdefault\u00a0\u00bb hover_enabled=\u00a0\u00bb0&Prime; sticky_enabled=\u00a0\u00bb0&Prime;]<h2>Obtenez un pr\u00eat sur votre salaire rapidement<\/h2>[\/et_pb_text][et_pb_text _builder_version=\u00a0\u00bb4.9.7&Prime; _module_preset=\u00a0\u00bbdefault\u00a0\u00bb hover_enabled=\u00a0\u00bb0&Prime; sticky_enabled=\u00a0\u00bb0&Prime;]<p>Vous \u00eates sur la route au Canada et une urgence inattendue survient. Vous avez besoin d&rsquo;argent maintenant pour rembourser le solde de votre carte de cr\u00e9dit. Peu importe la province ou le territoire o\u00f9 vous vous trouvez au Canada, vous pouvez <a href=\"https:\/\/mynextpay.ca\/fr\/demande-en-ligne\/\">soumettre une demande de pr\u00eat sur salaire en ligne<\/a> avec My Next Pay.<\/p>\n<p>O\u00f9 que vous soyez ou quelles que soient vos circonstances, il est r\u00e9confortant de savoir que vous avez de la liquidit\u00e9 pr\u00eate \u00e0 partir \u00e0 tout moment. Ainsi, sur la route ou \u00e0 la maison, depuis votre ordinateur, votre tablette ou votre t\u00e9l\u00e9phone cellulaire, vous pouvez soumettre votre demande de pr\u00eat sur salaire en ligne. Nous accordons jusqu&rsquo;\u00e0 3 000 dollars d&rsquo;avance sur votre salaire.<\/p>[\/et_pb_text][\/et_pb_column][et_pb_column type=\u00a0\u00bb3_5&Prime; _builder_version=\u00a0\u00bb4.7.7&Prime; _module_preset=\u00a0\u00bbdefault\u00a0\u00bb][et_pb_text _builder_version=\u00a0\u00bb4.9.7&Prime; _module_preset=\u00a0\u00bbdefault\u00a0\u00bb hover_enabled=\u00a0\u00bb0&Prime; sticky_enabled=\u00a0\u00bb0&Prime;]<h2>Argent rapide sans v\u00e9rification de cr\u00e9dit<\/h2>[\/et_pb_text][et_pb_text _builder_version=\u00a0\u00bb4.9.7&Prime; _module_preset=\u00a0\u00bbdefault\u00a0\u00bb hover_enabled=\u00a0\u00bb0&Prime; sticky_enabled=\u00a0\u00bb0&Prime;]<p>Ne laissez pas les d\u00e9penses non planifi\u00e9es vous compliquer la vie.<\/p>\n<p>Et comme aucune v\u00e9rification de cr\u00e9dit ne s&rsquo;effectue, il n&rsquo;y aura aucun effet sur votre dossier de cr\u00e9dit. Quelle que soit <a href=\"https:\/\/www.transunion.ca\/fr\/pointage-de-credit\" target=\"_blank\" rel=\"noopener\">votre cote de cr\u00e9dit actuelle<\/a>, l&rsquo;argent sera transf\u00e9r\u00e9 sur votre compte bancaire dans les 24 heures.<\/p>\n<p>Vous devez simplement remplir certains crit\u00e8res, et votre demande sera approuv\u00e9e. Voici nos crit\u00e8res:<\/p>\n<ul>\n<li>Travailler \u00e0 temps plein pendant au moins 6 mois;<\/li>\n<li>Habiter \u00e0 la m\u00eame adresse depuis au moins 6 mois;<\/li>\n<li>Avoir un salaire libre de toute saisie;<\/li>\n<li>Ne pas \u00eatre en faillite;<\/li>\n<li>\u00catre pay\u00e9 par d\u00e9p\u00f4t direct ou par ch\u00e8que;<\/li>\n<li>Avoir un compte-ch\u00e8ques ouvert depuis au moins 3 mois.<\/li>\n<\/ul>\n<p>Il n&rsquo;est pas n\u00e9cessaire d&rsquo;attendre votre prochaine paie pour r\u00e9gler vos dettes urgentes. Vous obtenez l&rsquo;argent plus rapidement qu&rsquo;avec les institutions financi\u00e8res. Vous remboursez votre pr\u00eat sur votre prochain ch\u00e8que de paie.<\/p>[\/et_pb_text][\/et_pb_column][\/et_pb_row][\/et_pb_section][et_pb_section fb_built=\u00a0\u00bb1&Prime; _builder_version=\u00a0\u00bb4.7.7&Prime; _module_preset=\u00a0\u00bbdefault\u00a0\u00bb background_color=\u00a0\u00bb#f7f7f7&Prime;][et_pb_row column_structure=\u00a0\u00bb1_2,1_2&Prime; _builder_version=\u00a0\u00bb4.7.7&Prime; _module_preset=\u00a0\u00bbdefault\u00a0\u00bb][et_pb_column type=\u00a0\u00bb1_2&Prime; _builder_version=\u00a0\u00bb4.7.7&Prime; _module_preset=\u00a0\u00bbdefault\u00a0\u00bb][et_pb_text _builder_version=\u00a0\u00bb4.9.7&Prime; _module_preset=\u00a0\u00bbdefault\u00a0\u00bb hover_enabled=\u00a0\u00bb0&Prime; sticky_enabled=\u00a0\u00bb0&Prime;]<h2>Avantages d&rsquo;obtenir un pr\u00eat sur salaire en ligne avec My Next Pay<\/h2>[\/et_pb_text][et_pb_text _builder_version=\u00a0\u00bb4.9.7&Prime; _module_preset=\u00a0\u00bbdefault\u00a0\u00bb hover_enabled=\u00a0\u00bb0&Prime; sticky_enabled=\u00a0\u00bb0&Prime;]<p>My Next Pay aide les consommateurs \u00e0 faire face \u00e0 leurs obligations financi\u00e8res. Nous fournissons des pr\u00eateurs sur salaire en ligne et des solutions adapt\u00e9es aux besoins de nos clients.<\/p>\n<ul>\n<li>Demande de pr\u00eat en ligne s\u00e9curis\u00e9e ;<\/li>\n<li>Approbation rapide ;<\/li>\n<li>Pas de v\u00e9rification de cr\u00e9dit ;<\/li>\n<li>Argent directement d\u00e9pos\u00e9 sur votre compte bancaire ;<\/li>\n<li>Argent disponible dans les 24 heures ;<\/li>\n<li>Service de professionnels du cr\u00e9dit de confiance;<\/li>\n<li>V\u00e9rification bancaire facile.\u00a0<\/li>\n<\/ul>\n<p>Avec la v\u00e9rification bancaire instantan\u00e9e, vous n&rsquo;avez pas besoin de soumettre de documents. Seule votre autorisation est requise et nous avons acc\u00e8s \u00e0 votre relev\u00e9 de compte bancaire (en lecture seule). Cela nous permet de v\u00e9rifier rapidement vos informations et de vous accorder le pr\u00eat sur salaire souhait\u00e9.\u00a0<\/p>[\/et_pb_text][\/et_pb_column][et_pb_column type=\u00a0\u00bb1_2&Prime; _builder_version=\u00a0\u00bb4.7.7&Prime; _module_preset=\u00a0\u00bbdefault\u00a0\u00bb][et_pb_text _builder_version=\u00a0\u00bb4.9.7&Prime; _module_preset=\u00a0\u00bbdefault\u00a0\u00bb hover_enabled=\u00a0\u00bb0&Prime; sticky_enabled=\u00a0\u00bb0&Prime;]<h2>Comment rembourser le pr\u00eat sur salaire?\u00a0\u00a0<\/h2>[\/et_pb_text][et_pb_text _builder_version=\u00a0\u00bb4.9.7&Prime; _module_preset=\u00a0\u00bbdefault\u00a0\u00bb hover_enabled=\u00a0\u00bb0&Prime; sticky_enabled=\u00a0\u00bb0&Prime;]<p>Le taux d&rsquo;int\u00e9r\u00eat est de 12 $ par tranche de 100 $ de pr\u00eat. Vous pouvez payer des frais d\u2019int\u00e9r\u00eats uniquement sur votre prochaine paie. Vous pouvez \u00e9galement rembourser une partie du capital pour le diminuer. L&rsquo;autre option qui s\u2019offre \u00e0 vous est de rembourser la totalit\u00e9 du capital et des int\u00e9r\u00eats.\u00a0<\/p>[\/et_pb_text][et_pb_text _builder_version=\u00a0\u00bb4.9.7&Prime; _module_preset=\u00a0\u00bbdefault\u00a0\u00bb hover_enabled=\u00a0\u00bb0&Prime; sticky_enabled=\u00a0\u00bb0&Prime;]<h2>Des solutions de pr\u00eat rapide personnalis\u00e9es<\/h2>[\/et_pb_text][et_pb_text _builder_version=\u00a0\u00bb4.9.7&Prime; _module_preset=\u00a0\u00bbdefault\u00a0\u00bb hover_enabled=\u00a0\u00bb0&Prime; sticky_enabled=\u00a0\u00bb0&Prime;]<p><strong>Depuis plus de 12 ans, <\/strong>notre agence de recouvrement aide les gens qui ont une situation financi\u00e8re difficile en leur donnant acc\u00e8s de l\u2019argent dans les meilleurs d\u00e9lais.\u00a0<\/p>\n<p>Pour les pr\u00eats \u00e0 court terme, les avances de fonds, la consolidation de dettes ou toute autre solution d&rsquo;argent rapide, n&rsquo;h\u00e9sitez pas \u00e0 remplir votre demande en ligne. Pour des informations plus d\u00e9taill\u00e9es, <strong>contactez-nous d\u00e8s aujourd&rsquo;hui !<\/strong><\/p>[\/et_pb_text][\/et_pb_column][\/et_pb_row][et_pb_row _builder_version=\u00a0\u00bb4.7.7&Prime; _module_preset=\u00a0\u00bbdefault\u00a0\u00bb][et_pb_column type=\u00a0\u00bb4_4&Prime; _builder_version=\u00a0\u00bb4.7.7&Prime; _module_preset=\u00a0\u00bbdefault\u00a0\u00bb][et_pb_text _builder_version=\u00a0\u00bb4.7.7&Prime; _module_preset=\u00a0\u00bbdefault\u00a0\u00bb][yasr_visitor_votes][\/et_pb_text][\/et_pb_column][\/et_pb_row][\/et_pb_section]\n","protected":false},"excerpt":{"rendered":"<p>Pr\u00eat sur salaireVous avez besoin d&rsquo;argent rapidement? Les institutions financi\u00e8res se donnent une p\u00e9riode de r\u00e9flexion de deux semaines avant d\u2019accorder un pr\u00eat. Avec My Next Pay, vous pouvez obtenir un pr\u00eat sur salaire, en ligne, partout au Canada. C&rsquo;est rapide et totalement s\u00e9curis\u00e9. Tout ce que vous avez \u00e0 faire est de remplir le [&hellip;]<\/p>\n","protected":false},"author":15,"featured_media":0,"parent":0,"menu_order":0,"comment_status":"closed","ping_status":"closed","template":"","meta":{"_et_pb_use_builder":"on","_et_pb_old_content":"","_et_gb_content_width":"","footnotes":""},"class_list":["post-49805","page","type-page","status-publish","hentry"],"_links":{"self":[{"href":"https:\/\/mynextpay.ca\/fr\/wp-json\/wp\/v2\/pages\/49805","targetHints":{"allow":["GET"]}}],"collection":[{"href":"https:\/\/mynextpay.ca\/fr\/wp-json\/wp\/v2\/pages"}],"about":[{"href":"https:\/\/mynextpay.ca\/fr\/wp-json\/wp\/v2\/types\/page"}],"author":[{"embeddable":true,"href":"https:\/\/mynextpay.ca\/fr\/wp-json\/wp\/v2\/users\/15"}],"replies":[{"embeddable":true,"href":"https:\/\/mynextpay.ca\/fr\/wp-json\/wp\/v2\/comments?post=49805"}],"version-history":[{"count":0,"href":"https:\/\/mynextpay.ca\/fr\/wp-json\/wp\/v2\/pages\/49805\/revisions"}],"wp:attachment":[{"href":"https:\/\/mynextpay.ca\/fr\/wp-json\/wp\/v2\/media?parent=49805"}],"curies":[{"name":"wp","href":"https:\/\/api.w.org\/{rel}","templated":true}]}}