{"id":49802,"date":"2021-01-05T16:35:28","date_gmt":"2021-01-05T16:35:28","guid":{"rendered":"http:\/\/dev21.mynextpay.ca\/prets-sans-enquete-de-credit\/"},"modified":"2023-07-10T11:48:47","modified_gmt":"2023-07-10T15:48:47","slug":"prets-sans-enquete-de-credit","status":"publish","type":"page","link":"https:\/\/mynextpay.ca\/fr\/prets-sans-enquete-de-credit\/","title":{"rendered":"Pr\u00eat sans enqu\u00eate de cr\u00e9dit"},"content":{"rendered":"<p>[et_pb_section fb_built=\u00a0\u00bb1&Prime; _builder_version=\u00a0\u00bb4.16&Prime; _module_preset=\u00a0\u00bbdefault\u00a0\u00bb background_image=\u00a0\u00bbhttps:\/\/mynextpay.ca\/wp-content\/uploads\/2021\/01\/nocreditchecks.jpg\u00a0\u00bb custom_padding=\u00a0\u00bb180px||180px||true|false\u00a0\u00bb global_colors_info=\u00a0\u00bb{}\u00a0\u00bb][\/et_pb_section][et_pb_section fb_built=\u00a0\u00bb1&Prime; _builder_version=\u00a0\u00bb4.16&Prime; _module_preset=\u00a0\u00bbdefault\u00a0\u00bb use_background_color_gradient=\u00a0\u00bbon\u00a0\u00bb background_color_gradient_direction=\u00a0\u00bb268deg\u00a0\u00bb background_color_gradient_stops=\u00a0\u00bbrgba(2,161,33,0.71) 0%|rgba(2,161,33,0.91) 60%\u00a0\u00bb background_color_gradient_overlays_image=\u00a0\u00bbon\u00a0\u00bb background_color_gradient_start=\u00a0\u00bbrgba(2,161,33,0.71)\u00a0\u00bb background_color_gradient_end=\u00a0\u00bbrgba(2,161,33,0.91)\u00a0\u00bb background_color_gradient_end_position=\u00a0\u00bb60%\u00a0\u00bb background_enable_image=\u00a0\u00bboff\u00a0\u00bb global_colors_info=\u00a0\u00bb{}\u00a0\u00bb][et_pb_row column_structure=\u00a0\u00bb1_2,1_2&Prime; _builder_version=\u00a0\u00bb4.16&Prime; _module_preset=\u00a0\u00bbdefault\u00a0\u00bb global_colors_info=\u00a0\u00bb{}\u00a0\u00bb][et_pb_column type=\u00a0\u00bb1_2&Prime; _builder_version=\u00a0\u00bb4.16&Prime; _module_preset=\u00a0\u00bbdefault\u00a0\u00bb global_colors_info=\u00a0\u00bb{}\u00a0\u00bb][et_pb_text _builder_version=\u00a0\u00bb4.21.0&Prime; _module_preset=\u00a0\u00bbdefault\u00a0\u00bb text_text_color=\u00a0\u00bb#ffffff\u00a0\u00bb header_2_font=\u00a0\u00bb|700|||||||\u00a0\u00bb header_2_text_color=\u00a0\u00bb#ffffff\u00a0\u00bb header_2_font_size=\u00a0\u00bb30px\u00a0\u00bb header_3_font=\u00a0\u00bbPoppins||||||||\u00a0\u00bb header_3_text_color=\u00a0\u00bb#ffffff\u00a0\u00bb header_3_font_size=\u00a0\u00bb32px\u00a0\u00bb hover_enabled=\u00a0\u00bb0&Prime; global_colors_info=\u00a0\u00bb{}\u00a0\u00bb sticky_enabled=\u00a0\u00bb0&Prime;]<\/p>\n<h1><span style=\"font-weight: 400; color: #ffffff;\">Pr\u00eat sans enqu\u00eate de cr\u00e9dit<\/span><\/h1>\n<p>[\/et_pb_text][et_pb_text _builder_version=\u00a0\u00bb4.16&Prime; _module_preset=\u00a0\u00bbdefault\u00a0\u00bb text_font=\u00a0\u00bbPoppins|300|||||||\u00a0\u00bb text_text_color=\u00a0\u00bb#ffffff\u00a0\u00bb text_font_size=\u00a0\u00bb23px\u00a0\u00bb text_line_height=\u00a0\u00bb1.2em\u00a0\u00bb global_colors_info=\u00a0\u00bb{}\u00a0\u00bb]<\/p>\n<p>Les d\u00e9cisions que vous avez prises dans le pass\u00e9 ne devraient pas \u00eatre un obstacle \u00e0 l&rsquo;obtention d&rsquo;un pr\u00eat lorsque vous en avez vraiment besoin. C&rsquo;est la raison pour laquelle chez My Next Pay, les pr\u00eats que vous faites avec nous sont des pr\u00eats sans enqu\u00eate de cr\u00e9dit.<\/p>\n<p>[\/et_pb_text][et_pb_button button_url=\u00a0\u00bbhttps:\/\/mynextpay.ca\/fr\/demande-en-ligne\u00a0\u00bb button_text=\u00a0\u00bbPostuler Maintenant\u00a0\u00bb _builder_version=\u00a0\u00bb4.16&Prime; _module_preset=\u00a0\u00bbdefault\u00a0\u00bb custom_button=\u00a0\u00bbon\u00a0\u00bb button_text_color=\u00a0\u00bb#ffffff\u00a0\u00bb button_bg_color=\u00a0\u00bb#000000&Prime; button_border_width=\u00a0\u00bb0px\u00a0\u00bb global_colors_info=\u00a0\u00bb{}\u00a0\u00bb][\/et_pb_button][\/et_pb_column][et_pb_column type=\u00a0\u00bb1_2&Prime; _builder_version=\u00a0\u00bb4.16&Prime; _module_preset=\u00a0\u00bbdefault\u00a0\u00bb global_colors_info=\u00a0\u00bb{}\u00a0\u00bb][et_pb_text _builder_version=\u00a0\u00bb4.16&Prime; _module_preset=\u00a0\u00bbdefault\u00a0\u00bb text_text_color=\u00a0\u00bb#ffffff\u00a0\u00bb text_font_size=\u00a0\u00bb19px\u00a0\u00bb text_line_height=\u00a0\u00bb1.2em\u00a0\u00bb header_3_text_color=\u00a0\u00bb#ffffff\u00a0\u00bb header_3_line_height=\u00a0\u00bb1.2em\u00a0\u00bb background_color=\u00a0\u00bbrgba(255,255,255,0.22)\u00a0\u00bb custom_padding=\u00a0\u00bb20px|20px|20px|20px|true|true\u00a0\u00bb global_colors_info=\u00a0\u00bb{}\u00a0\u00bb]<\/p>\n<h3><strong>Pourquoi choisir My Next Pay?<\/strong><\/h3>\n<p>Nous prenons \u00e0 c\u0153ur votre vie priv\u00e9e et toutes les donn\u00e9es sensibles qui s&rsquo;y rapportent. Notre priorit\u00e9 est <strong>la protection de vos informations personnelles<\/strong> !<\/p>\n<p>Vous avez <a href=\"https:\/\/www.journaldemontreal.com\/2020\/09\/04\/mauvaise-cote-de-credit-comment-reparer-les-erreurs-du-passe\" target=\"_blank\" rel=\"noopener\">un mauvais score de cr\u00e9dit<\/a> ? Pas de probl\u00e8me, chez My Next Pay, nos pr\u00eateurs sont pr\u00eats \u00e0 vous soutenir avec un faible score de cr\u00e9dit, et ce, peu importe votre situation financi\u00e8re actuelle.<\/p>\n<p>Nous n&rsquo;effectuons aucune enqu\u00eate de cr\u00e9dit lorsque vous demandez un pr\u00eat d\u2019argent rapide. N\u2019attendez pas et faites d\u00e8s aujourd\u2019hui <a href=\"https:\/\/mynextpay.ca\/fr\/demande-en-ligne\/\">votre demande de pr\u00eat en ligne<\/a>!<\/p>\n<p>[\/et_pb_text][\/et_pb_column][\/et_pb_row][\/et_pb_section][et_pb_section fb_built=\u00a0\u00bb1&Prime; _builder_version=\u00a0\u00bb4.16&Prime; _module_preset=\u00a0\u00bbdefault\u00a0\u00bb global_colors_info=\u00a0\u00bb{}\u00a0\u00bb][et_pb_row column_structure=\u00a0\u00bb1_4,1_4,1_2&Prime; _builder_version=\u00a0\u00bb4.16&Prime; _module_preset=\u00a0\u00bbdefault\u00a0\u00bb global_colors_info=\u00a0\u00bb{}\u00a0\u00bb][et_pb_column type=\u00a0\u00bb1_4&Prime; _builder_version=\u00a0\u00bb4.16&Prime; _module_preset=\u00a0\u00bbdefault\u00a0\u00bb global_colors_info=\u00a0\u00bb{}\u00a0\u00bb][et_pb_text _builder_version=\u00a0\u00bb4.16&Prime; _module_preset=\u00a0\u00bbdefault\u00a0\u00bb global_colors_info=\u00a0\u00bb{}\u00a0\u00bb]<\/p>\n<h2>Qu&rsquo;est-ce qu&rsquo;une enqu\u00eate de cr\u00e9dit ?\u00a0<\/h2>\n<p>Les institutions financi\u00e8res \u00e9valuent votre cote de cr\u00e9dit avant d\u2019approuver un pr\u00eat. Un mauvais cr\u00e9dit peut donc affecter vos chances d\u2019obtenir un pr\u00eat. Chez My Next Pay, nous ne faisons aucune v\u00e9rification de cr\u00e9dit !\u00a0<\/p>\n<p>[\/et_pb_text][\/et_pb_column][et_pb_column type=\u00a0\u00bb1_4&Prime; _builder_version=\u00a0\u00bb4.16&Prime; _module_preset=\u00a0\u00bbdefault\u00a0\u00bb global_colors_info=\u00a0\u00bb{}\u00a0\u00bb][et_pb_text _builder_version=\u00a0\u00bb4.16&Prime; _module_preset=\u00a0\u00bbdefault\u00a0\u00bb global_colors_info=\u00a0\u00bb{}\u00a0\u00bb]<\/p>\n<h2>Les enqu\u00eates de cr\u00e9dit peuvent affecter votre cote de cr\u00e9dit.\u00a0\u00a0<\/h2>\n<p>Lorsque vous demandez un pr\u00eat conventionnel, une v\u00e9rification de cr\u00e9dit est initi\u00e9e. Cette enqu\u00eate est enregistr\u00e9e dans votre dossier, que vous soyez approuv\u00e9 ou non pour le pr\u00eat. Une enqu\u00eate de cr\u00e9dit appara\u00eetra donc sur le rapport d&rsquo;historique de cr\u00e9dit et y restera pendant 2 ans, ce qui peut affecter n\u00e9gativement votre cote de cr\u00e9dit.\u00a0\u00a0<\/p>\n<p>[\/et_pb_text][\/et_pb_column][et_pb_column type=\u00a0\u00bb1_2&Prime; _builder_version=\u00a0\u00bb4.16&Prime; _module_preset=\u00a0\u00bbdefault\u00a0\u00bb global_colors_info=\u00a0\u00bb{}\u00a0\u00bb][et_pb_text _builder_version=\u00a0\u00bb4.16&Prime; _module_preset=\u00a0\u00bbdefault\u00a0\u00bb global_colors_info=\u00a0\u00bb{}\u00a0\u00bb]<\/p>\n<h2>Pourquoi devrais-je demander un pr\u00eat sans enqu\u00eate de cr\u00e9dit ?\u00a0\u00a0<\/h2>\n<p>L&rsquo;une des principales raisons de demander ce type de pr\u00eat est que le pr\u00eat sans enqu\u00eate de cr\u00e9dit est en fait bas\u00e9 sur <strong>votre capacit\u00e9 de rembourser<\/strong> et non sur votre historique de cr\u00e9dit.\u00a0<\/p>\n<p>Nous offrons des pr\u00eats rapides. D\u00e8s que vous envoyez les documents n\u00e9cessaires et montrez que vous avez la capacit\u00e9 de payer, ils sont imm\u00e9diatement approuv\u00e9s. Vous recevez votre argent dans votre compte bancaire<strong> en moins de 24 heures<\/strong>.\u00a0 <\/p>\n<p>[\/et_pb_text][et_pb_button button_url=\u00a0\u00bbhttps:\/\/mynextpay.ca\/fr\/pret-a-court-terme\/\u00a0\u00bb button_text=\u00a0\u00bbComprendre le pr\u00eat d&rsquo;argent sans v\u00e9rification de cr\u00e9dit\u00a0\u00bb _builder_version=\u00a0\u00bb4.16&Prime; _module_preset=\u00a0\u00bbdefault\u00a0\u00bb custom_button=\u00a0\u00bbon\u00a0\u00bb button_text_size=\u00a0\u00bb16px\u00a0\u00bb button_text_color=\u00a0\u00bb#ffffff\u00a0\u00bb button_bg_color=\u00a0\u00bb#000000&Prime; global_colors_info=\u00a0\u00bb{}\u00a0\u00bb][\/et_pb_button][\/et_pb_column][\/et_pb_row][\/et_pb_section][et_pb_section fb_built=\u00a0\u00bb1&Prime; _builder_version=\u00a0\u00bb4.16&Prime; _module_preset=\u00a0\u00bbdefault\u00a0\u00bb background_color=\u00a0\u00bb#f7f7f7&Prime; global_colors_info=\u00a0\u00bb{}\u00a0\u00bb][et_pb_row _builder_version=\u00a0\u00bb4.16&Prime; _module_preset=\u00a0\u00bbdefault\u00a0\u00bb global_colors_info=\u00a0\u00bb{}\u00a0\u00bb][et_pb_column type=\u00a0\u00bb4_4&Prime; _builder_version=\u00a0\u00bb4.16&Prime; _module_preset=\u00a0\u00bbdefault\u00a0\u00bb global_colors_info=\u00a0\u00bb{}\u00a0\u00bb][et_pb_text _builder_version=\u00a0\u00bb4.16&Prime; _module_preset=\u00a0\u00bbdefault\u00a0\u00bb text_font=\u00a0\u00bbPoppins||||||||\u00a0\u00bb text_text_color=\u00a0\u00bb#000000&Prime; text_font_size=\u00a0\u00bb25px\u00a0\u00bb header_4_font=\u00a0\u00bbPoppins||||||||\u00a0\u00bb header_4_font_size=\u00a0\u00bb33px\u00a0\u00bb global_colors_info=\u00a0\u00bb{}\u00a0\u00bb]<\/p>\n<h2 style=\"text-align: center;\">Questions fr\u00e9quemment pos\u00e9es<\/h2>\n<p>[\/et_pb_text][\/et_pb_column][\/et_pb_row][et_pb_row column_structure=\u00a0\u00bb1_3,1_3,1_3&Prime; _builder_version=\u00a0\u00bb4.16&Prime; _module_preset=\u00a0\u00bbdefault\u00a0\u00bb global_colors_info=\u00a0\u00bb{}\u00a0\u00bb][et_pb_column type=\u00a0\u00bb1_3&Prime; _builder_version=\u00a0\u00bb4.16&Prime; _module_preset=\u00a0\u00bbdefault\u00a0\u00bb global_colors_info=\u00a0\u00bb{}\u00a0\u00bb][et_pb_text _builder_version=\u00a0\u00bb4.16&Prime; _module_preset=\u00a0\u00bbdefault\u00a0\u00bb global_colors_info=\u00a0\u00bb{}\u00a0\u00bb]<\/p>\n<h3><span style=\"color: #008000;\">Qu&rsquo;est-ce qu&rsquo;un pr\u00eat sans enqu\u00eate de cr\u00e9dit ?\u00a0<\/span><\/h3>\n<p>C&rsquo;est un pr\u00eat qui sert \u00e0 emprunter de l\u2019argent lorsque vous avez un mauvais cr\u00e9dit.<\/p>\n<p>[\/et_pb_text][et_pb_text _builder_version=\u00a0\u00bb4.16&Prime; _module_preset=\u00a0\u00bbdefault\u00a0\u00bb global_colors_info=\u00a0\u00bb{}\u00a0\u00bb]<\/p>\n<h3><span style=\"color: #008000;\">\u00c0 quoi peut servir mon pr\u00eat sans v\u00e9rification de cr\u00e9dit?\u00a0<\/span><\/h3>\n<p>Votre <a href=\"https:\/\/mynextpay.ca\/fr\/pret-a-court-terme\/\">pr\u00eat \u00e0 court terme<\/a> peut \u00eatre utilis\u00e9 pour un certain nombre de raisons, par exemple pour couvrir une facture, des d\u00e9penses impr\u00e9vues ou m\u00eame pour \u00e9viter qu&rsquo;une facture soit rejet\u00e9e.\u00a0<\/p>\n<p>[\/et_pb_text][\/et_pb_column][et_pb_column type=\u00a0\u00bb1_3&Prime; _builder_version=\u00a0\u00bb4.16&Prime; _module_preset=\u00a0\u00bbdefault\u00a0\u00bb global_colors_info=\u00a0\u00bb{}\u00a0\u00bb][et_pb_text _builder_version=\u00a0\u00bb4.16&Prime; _module_preset=\u00a0\u00bbdefault\u00a0\u00bb global_colors_info=\u00a0\u00bb{}\u00a0\u00bb]<\/p>\n<h3><span style=\"color: #008000;\">Comment faire sa demande en ligne pour un pr\u00eat personnel ?\u00a0<\/span><\/h3>\n<p>Pour faire votre demande, vous devez remplir un formulaire en nous faisant parvenir les documents n\u00e9cessaires :\u00a0<\/p>\n<ul>\n<li>Deux pi\u00e8ces d&rsquo;identit\u00e9 avec photo;\u00a0<\/li>\n<li>Preuve du num\u00e9ro d\u2019assurance sociale;\u00a0<\/li>\n<li>Preuve d\u2019adresse;\u00a0<\/li>\n<li>Les 90 derniers jours de votre relev\u00e9 bancaire;\u00a0<\/li>\n<li>Vos deux derniers talons de paie;\u00a0<\/li>\n<li>Sp\u00e9cimen de ch\u00e8que.\u00a0<\/li>\n<\/ul>\n<p>[\/et_pb_text][\/et_pb_column][et_pb_column type=\u00a0\u00bb1_3&Prime; _builder_version=\u00a0\u00bb4.16&Prime; _module_preset=\u00a0\u00bbdefault\u00a0\u00bb global_colors_info=\u00a0\u00bb{}\u00a0\u00bb][et_pb_text _builder_version=\u00a0\u00bb4.16&Prime; _module_preset=\u00a0\u00bbdefault\u00a0\u00bb global_colors_info=\u00a0\u00bb{}\u00a0\u00bb]<\/p>\n<h3><span style=\"color: #008000;\">Quand aurai-je une r\u00e9ponse ?\u00a0\u00a0<\/span><\/h3>\n<p>Un membre de notre personnel vous appellera ou vous enverra un courriel dans l&rsquo;heure qui suit l&rsquo;envoi de votre demande afin de la traiter aussi rapidement et efficacement que possible. Nos bureaux sont ouverts du lundi au vendredi de 10 h \u00e0 18 h (heure de l&rsquo;Est). Les demandes faites en dehors de ces heures seront trait\u00e9es le jour ouvrable suivant.<\/p>\n<p>[\/et_pb_text][\/et_pb_column][\/et_pb_row][et_pb_row _builder_version=\u00a0\u00bb4.16&Prime; _module_preset=\u00a0\u00bbdefault\u00a0\u00bb global_colors_info=\u00a0\u00bb{}\u00a0\u00bb][et_pb_column type=\u00a0\u00bb4_4&Prime; _builder_version=\u00a0\u00bb4.16&Prime; _module_preset=\u00a0\u00bbdefault\u00a0\u00bb global_colors_info=\u00a0\u00bb{}\u00a0\u00bb][et_pb_text _builder_version=\u00a0\u00bb4.16&Prime; _module_preset=\u00a0\u00bbdefault\u00a0\u00bb global_colors_info=\u00a0\u00bb{}\u00a0\u00bb][yasr_visitor_votes][\/et_pb_text][\/et_pb_column][\/et_pb_row][\/et_pb_section]<\/p>\n","protected":false},"excerpt":{"rendered":"<p>Pr\u00eat sans enqu\u00eate de cr\u00e9ditLes d\u00e9cisions que vous avez prises dans le pass\u00e9 ne devraient pas \u00eatre un obstacle \u00e0 l&rsquo;obtention d&rsquo;un pr\u00eat lorsque vous en avez vraiment besoin. C&rsquo;est la raison pour laquelle chez My Next Pay, les pr\u00eats que vous faites avec nous sont des pr\u00eats sans enqu\u00eate de cr\u00e9dit.Pourquoi choisir My Next [&hellip;]<\/p>\n","protected":false},"author":15,"featured_media":0,"parent":0,"menu_order":0,"comment_status":"closed","ping_status":"closed","template":"","meta":{"_et_pb_use_builder":"on","_et_pb_old_content":"","_et_gb_content_width":"","footnotes":""},"class_list":["post-49802","page","type-page","status-publish","hentry"],"_links":{"self":[{"href":"https:\/\/mynextpay.ca\/fr\/wp-json\/wp\/v2\/pages\/49802","targetHints":{"allow":["GET"]}}],"collection":[{"href":"https:\/\/mynextpay.ca\/fr\/wp-json\/wp\/v2\/pages"}],"about":[{"href":"https:\/\/mynextpay.ca\/fr\/wp-json\/wp\/v2\/types\/page"}],"author":[{"embeddable":true,"href":"https:\/\/mynextpay.ca\/fr\/wp-json\/wp\/v2\/users\/15"}],"replies":[{"embeddable":true,"href":"https:\/\/mynextpay.ca\/fr\/wp-json\/wp\/v2\/comments?post=49802"}],"version-history":[{"count":0,"href":"https:\/\/mynextpay.ca\/fr\/wp-json\/wp\/v2\/pages\/49802\/revisions"}],"wp:attachment":[{"href":"https:\/\/mynextpay.ca\/fr\/wp-json\/wp\/v2\/media?parent=49802"}],"curies":[{"name":"wp","href":"https:\/\/api.w.org\/{rel}","templated":true}]}}