{"id":49799,"date":"2021-01-05T16:27:20","date_gmt":"2021-01-05T16:27:20","guid":{"rendered":"http:\/\/dev21.mynextpay.ca\/informations-importantes\/"},"modified":"2021-01-05T19:55:40","modified_gmt":"2021-01-05T19:55:40","slug":"informations-importantes","status":"publish","type":"page","link":"https:\/\/mynextpay.ca\/fr\/informations-importantes\/","title":{"rendered":"Informations Importantes"},"content":{"rendered":"\n[et_pb_section fb_built=\u00a0\u00bb1&Prime; _builder_version=\u00a0\u00bb4.7.7&Prime; _module_preset=\u00a0\u00bbdefault\u00a0\u00bb background_image=\u00a0\u00bbhttps:\/\/mynextpay.ca\/wp-content\/uploads\/2020\/12\/callcenter.jpg\u00a0\u00bb custom_padding=\u00a0\u00bb150px||150px||true|false\u00a0\u00bb hover_enabled=\u00a0\u00bb0&Prime; title_text=\u00a0\u00bbcallcenter\u00a0\u00bb sticky_enabled=\u00a0\u00bb0&Prime;][et_pb_row column_structure=\u00a0\u00bb1_2,1_2&Prime; _builder_version=\u00a0\u00bb4.7.7&Prime; _module_preset=\u00a0\u00bbdefault\u00a0\u00bb][et_pb_column type=\u00a0\u00bb1_2&Prime; _builder_version=\u00a0\u00bb4.7.7&Prime; _module_preset=\u00a0\u00bbdefault\u00a0\u00bb][et_pb_text _builder_version=\u00a0\u00bb4.7.7&Prime; _module_preset=\u00a0\u00bbdefault\u00a0\u00bb header_font=\u00a0\u00bbPoppins||||||||\u00a0\u00bb header_text_color=\u00a0\u00bb#000000&Prime; header_font_size=\u00a0\u00bb40px\u00a0\u00bb hover_enabled=\u00a0\u00bb0&Prime; header_text_shadow_style=\u00a0\u00bbpreset3&Prime; header_text_shadow_color=\u00a0\u00bb#ffffff\u00a0\u00bb sticky_enabled=\u00a0\u00bb0&Prime;]<h1>Informations Importantes<\/h1>\n[\/et_pb_text][\/et_pb_column][et_pb_column type=\u00a0\u00bb1_2&Prime; _builder_version=\u00a0\u00bb4.7.7&Prime; _module_preset=\u00a0\u00bbdefault\u00a0\u00bb][\/et_pb_column][\/et_pb_row][\/et_pb_section][et_pb_section fb_built=\u00a0\u00bb1&Prime; _builder_version=\u00a0\u00bb4.7.7&Prime; _module_preset=\u00a0\u00bbdefault\u00a0\u00bb][et_pb_row _builder_version=\u00a0\u00bb4.7.7&Prime; _module_preset=\u00a0\u00bbdefault\u00a0\u00bb column_structure=\u00a0\u00bb1_4,1_4,1_4,1_4&Prime;][et_pb_column type=\u00a0\u00bb1_4&Prime; _builder_version=\u00a0\u00bb4.7.7&Prime; _module_preset=\u00a0\u00bbdefault\u00a0\u00bb][et_pb_text _builder_version=\u00a0\u00bb4.7.7&Prime; _module_preset=\u00a0\u00bbdefault\u00a0\u00bb hover_enabled=\u00a0\u00bb0&Prime; sticky_enabled=\u00a0\u00bb0&Prime;]<h2>Politique de pr\u00eats responsables<\/h2>\r\n<p>Quand un emprunteur nous envoie une demande de pr\u00eat en ligne, le dossier est soumis \u00e0 une analyse s\u00e9lective afin de v\u00e9rifier si le candidat dispose des moyens n\u00e9cessaires pour rembourser le pr\u00eat. Cette capacit\u00e9 est \u00e9valu\u00e9e par une proc\u00e9dure incluant :<\/p>\r\n<ul>\r\n<li>La v\u00e9rification de votre salaire<\/li>\r\n<li>La v\u00e9rification de la quantit\u00e9 des paiements sans provision de votre compte en banque<\/li>\r\n<li>L\u2019\u00e9valuation de la somme de votre engagement pouvant influencer votre capacit\u00e9 de remboursement<\/li>\r\n<\/ul>\r\n<p>Si votre dossier r\u00e9pond \u00e0 toutes nos exigences suite \u00e0 ce traitement, votre demande sera imm\u00e9diatement ACCEPT\u00c9E.<\/p>\r\n<p>&nbsp;<\/p>\n[\/et_pb_text][\/et_pb_column][et_pb_column type=\u00a0\u00bb1_4&Prime; _builder_version=\u00a0\u00bb4.7.7&Prime; _module_preset=\u00a0\u00bbdefault\u00a0\u00bb][et_pb_text _builder_version=\u00a0\u00bb4.7.7&Prime; _module_preset=\u00a0\u00bbdefault\u00a0\u00bb hover_enabled=\u00a0\u00bb0&Prime; sticky_enabled=\u00a0\u00bb0&Prime;]<h2>Pratiques de recouvrement responsables<\/h2>\r\n<p>En tenant toujours compte du statut financier de l\u2019emprunteur, notre entreprise a mis en place une pratique de recouvrement responsable qui l\u2019aide \u00e0 avoir le contr\u00f4le sur ses finances. En cas de difficult\u00e9 de paiements, nous pouvons prendre des accords de remboursements en discutant avec lui des prochains termes de remboursement. Les int\u00e9r\u00eats de courtage s\u2019accumulent en fonction du reste du capital impay\u00e9 et de la dur\u00e9e du d\u00e9lai.\r\n\r\nTous les frais juridiques qui peuvent r\u00e9sulter du recouvrement du solde d\u00fb seront plac\u00e9s \u00e0 la charge de l\u2019emprunteur qui reste le seul responsable.<\/p>\n[\/et_pb_text][\/et_pb_column][et_pb_column type=\u00a0\u00bb1_4&Prime; _builder_version=\u00a0\u00bb4.7.7&Prime; _module_preset=\u00a0\u00bbdefault\u00a0\u00bb][et_pb_text _builder_version=\u00a0\u00bb4.7.7&Prime; _module_preset=\u00a0\u00bbdefault\u00a0\u00bb hover_enabled=\u00a0\u00bb0&Prime; sticky_enabled=\u00a0\u00bb0&Prime;]<h2>Paiements manqu\u00e9s et pointage de cr\u00e9dit<\/h2>\r\n<p>Si un emprunteur a manqu\u00e9 un remboursement \u00e0 cause d\u2019un refus de paiement venant de son institution pour insuffisance de fonds ou autre, le paiement de ce solde sera report\u00e9 \u00e0 la fin du contrat, ajout\u00e9 d\u2019un frais de 40 $. Cette situation n\u2019aura aucun effet sur son pointage de cr\u00e9dit au sein de notre entreprise et les autres agences de cr\u00e9dit n\u2019en seront jamais inform\u00e9es.\r\n\r\nPar ailleurs, si un emprunteur se trouve dans l\u2019urgence de reporter un paiement, il se doit de nous avertir par t\u00e9l\u00e9phone 48 heures \u00e0 l\u2019avance. Ce d\u00e9lai entra\u00eenera des frais de 40 $ qui seront \u00e0 payer \u00e0 la fin du contrat. Un remboursement effectu\u00e9 avec rigueur assure un excellent service pour un \u00e9ventuel renouvellement futur.<\/p>\n[\/et_pb_text][\/et_pb_column][et_pb_column type=\u00a0\u00bb1_4&Prime; _builder_version=\u00a0\u00bb4.7.7&Prime; _module_preset=\u00a0\u00bbdefault\u00a0\u00bb][et_pb_text _builder_version=\u00a0\u00bb4.7.7&Prime; _module_preset=\u00a0\u00bbdefault\u00a0\u00bb hover_enabled=\u00a0\u00bb0&Prime; sticky_enabled=\u00a0\u00bb0&Prime;]<h2>Avertissement<\/h2>\r\n<p>Les pr\u00eats \u00e0 court terme sont \u00e0 contracter de mani\u00e8re RESPONSABLE. Ce genre de pr\u00eats est tr\u00e8s facilement disponible sur le march\u00e9, mais ne devrait \u00eatre utilis\u00e9 que pour des situations \u00e0 court terme et quand vous ne disposez plus d\u2019autres options pour obtenir rapidement de l\u2019argent. Ainsi, ces pr\u00eats peuvent \u00eatre essentiels pour vous quand vous faites face \u00e0 une situation d\u2019urgence n\u00e9cessitant de l\u2019assistance financi\u00e8re. Cependant, \u00e9vitez de contracter plusieurs pr\u00eats \u00e0 court terme au m\u00eame moment ! Parce que si vous le faites, les int\u00e9r\u00eats g\u00e9n\u00e9r\u00e9s peuvent vous mettre dans une mauvaise situation financi\u00e8re.<\/p>\n[\/et_pb_text][\/et_pb_column][\/et_pb_row][\/et_pb_section]\n","protected":false},"excerpt":{"rendered":"<p>Informations Importantes Politique de pr\u00eats responsables Quand un emprunteur nous envoie une demande de pr\u00eat en ligne, le dossier est soumis \u00e0 une analyse s\u00e9lective afin de v\u00e9rifier si le candidat dispose des moyens n\u00e9cessaires pour rembourser le pr\u00eat. Cette capacit\u00e9 est \u00e9valu\u00e9e par une proc\u00e9dure incluant : La v\u00e9rification de votre salaire La v\u00e9rification [&hellip;]<\/p>\n","protected":false},"author":15,"featured_media":0,"parent":0,"menu_order":0,"comment_status":"closed","ping_status":"closed","template":"","meta":{"_et_pb_use_builder":"on","_et_pb_old_content":"","_et_gb_content_width":"","footnotes":""},"class_list":["post-49799","page","type-page","status-publish","hentry"],"_links":{"self":[{"href":"https:\/\/mynextpay.ca\/fr\/wp-json\/wp\/v2\/pages\/49799","targetHints":{"allow":["GET"]}}],"collection":[{"href":"https:\/\/mynextpay.ca\/fr\/wp-json\/wp\/v2\/pages"}],"about":[{"href":"https:\/\/mynextpay.ca\/fr\/wp-json\/wp\/v2\/types\/page"}],"author":[{"embeddable":true,"href":"https:\/\/mynextpay.ca\/fr\/wp-json\/wp\/v2\/users\/15"}],"replies":[{"embeddable":true,"href":"https:\/\/mynextpay.ca\/fr\/wp-json\/wp\/v2\/comments?post=49799"}],"version-history":[{"count":0,"href":"https:\/\/mynextpay.ca\/fr\/wp-json\/wp\/v2\/pages\/49799\/revisions"}],"wp:attachment":[{"href":"https:\/\/mynextpay.ca\/fr\/wp-json\/wp\/v2\/media?parent=49799"}],"curies":[{"name":"wp","href":"https:\/\/api.w.org\/{rel}","templated":true}]}}