{"id":49788,"date":"2021-01-05T15:50:32","date_gmt":"2021-01-05T15:50:32","guid":{"rendered":"http:\/\/dev21.mynextpay.ca\/pret-argent-rapide\/"},"modified":"2021-06-25T17:04:26","modified_gmt":"2021-06-25T17:04:26","slug":"pret-argent-rapide","status":"publish","type":"page","link":"https:\/\/mynextpay.ca\/fr\/pret-argent-rapide\/","title":{"rendered":"Pr\u00eat d\u2019argent rapide"},"content":{"rendered":"<p>[et_pb_section fb_built=\u00a0\u00bb1&Prime; _builder_version=\u00a0\u00bb4.9.2&Prime; _module_preset=\u00a0\u00bbdefault\u00a0\u00bb background_image=\u00a0\u00bbhttps:\/\/mynextpay.ca\/wp-content\/uploads\/2021\/05\/pret-argent-rapide-sans-enquete-de-credit.jpg\u00a0\u00bb custom_padding=\u00a0\u00bb180px||180px||true|false\u00a0\u00bb][et_pb_row column_structure=\u00a0\u00bb1_2,1_2&Prime; _builder_version=\u00a0\u00bb4.9.2&Prime; _module_preset=\u00a0\u00bbdefault\u00a0\u00bb][et_pb_column type=\u00a0\u00bb1_2&Prime; _builder_version=\u00a0\u00bb4.7.7&Prime; _module_preset=\u00a0\u00bbdefault\u00a0\u00bb][\/et_pb_column][et_pb_column type=\u00a0\u00bb1_2&Prime; _builder_version=\u00a0\u00bb4.7.7&Prime; _module_preset=\u00a0\u00bbdefault\u00a0\u00bb][\/et_pb_column][\/et_pb_row][\/et_pb_section][et_pb_section fb_built=\u00a0\u00bb1&Prime; _builder_version=\u00a0\u00bb4.7.7&Prime; _module_preset=\u00a0\u00bbdefault\u00a0\u00bb use_background_color_gradient=\u00a0\u00bbon\u00a0\u00bb background_color_gradient_start=\u00a0\u00bbrgba(2,161,33,0.71)\u00a0\u00bb background_color_gradient_end=\u00a0\u00bbrgba(2,161,33,0.91)\u00a0\u00bb background_color_gradient_direction=\u00a0\u00bb268deg\u00a0\u00bb background_color_gradient_end_position=\u00a0\u00bb60%\u00a0\u00bb background_color_gradient_overlays_image=\u00a0\u00bbon\u00a0\u00bb background_enable_image=\u00a0\u00bboff\u00a0\u00bb][et_pb_row _builder_version=\u00a0\u00bb4.7.7&Prime; _module_preset=\u00a0\u00bbdefault\u00a0\u00bb][et_pb_column type=\u00a0\u00bb4_4&Prime; _builder_version=\u00a0\u00bb4.7.7&Prime; _module_preset=\u00a0\u00bbdefault\u00a0\u00bb][et_pb_text _builder_version=\u00a0\u00bb4.9.2&Prime; _module_preset=\u00a0\u00bbdefault\u00a0\u00bb text_text_color=\u00a0\u00bb#ffffff\u00a0\u00bb text_font_size=\u00a0\u00bb18px\u00a0\u00bb header_font=\u00a0\u00bbPoppins||||||||\u00a0\u00bb header_text_color=\u00a0\u00bb#FFFFFF\u00a0\u00bb header_2_font=\u00a0\u00bbPoppins|700|||||||\u00a0\u00bb header_2_text_color=\u00a0\u00bb#ffffff\u00a0\u00bb header_2_font_size=\u00a0\u00bb32px\u00a0\u00bb header_3_font=\u00a0\u00bbPoppins||||||||\u00a0\u00bb header_3_text_color=\u00a0\u00bb#ffffff\u00a0\u00bb header_3_font_size=\u00a0\u00bb32px\u00a0\u00bb]<\/p>\n<h1> Pr\u00eat d&rsquo;argent rapide sans enqu\u00eate de cr\u00e9dit <h\/1>[\/et_pb_text][et_pb_text _builder_version=\u00a0\u00bb4.9.2&Prime; _module_preset=\u00a0\u00bbdefault\u00a0\u00bb text_text_color=\u00a0\u00bb#ffffff\u00a0\u00bb text_font_size=\u00a0\u00bb18px\u00a0\u00bb header_font=\u00a0\u00bbPoppins||||||||\u00a0\u00bb header_2_font=\u00a0\u00bbPoppins|700|||||||\u00a0\u00bb header_2_text_color=\u00a0\u00bb#ffffff\u00a0\u00bb header_2_font_size=\u00a0\u00bb32px\u00a0\u00bb header_3_font=\u00a0\u00bbPoppins||||||||\u00a0\u00bb header_3_text_color=\u00a0\u00bb#ffffff\u00a0\u00bb header_3_font_size=\u00a0\u00bb32px\u00a0\u00bb]<\/p>\n<p>Afin de vous aider dans des situations financi&egrave;res difficiles, le pr&ecirc;t d&rsquo;argent rapide sans enqu&ecirc;te de cr&eacute;dit est la solution pour vous. Il peut &ecirc;tre utilis&eacute; pour payer une facture inattendue ou des travaux urgents dans votre maison.<\/p>\n<p>[\/et_pb_text][et_pb_button button_url=\u00a0\u00bbhttps:\/\/mynextpay.ca\/fr\/demande-en-ligne\/\u00a0\u00bb button_text=\u00a0\u00bbPostuler Maintenant\u00a0\u00bb _builder_version=\u00a0\u00bb4.7.7&Prime; _module_preset=\u00a0\u00bbdefault\u00a0\u00bb custom_button=\u00a0\u00bbon\u00a0\u00bb button_text_color=\u00a0\u00bb#ffffff\u00a0\u00bb button_bg_color=\u00a0\u00bb#000000&Prime; button_border_width=\u00a0\u00bb0px\u00a0\u00bb][\/et_pb_button][\/et_pb_column][\/et_pb_row][\/et_pb_section][et_pb_section fb_built=\u00a0\u00bb1&Prime; _builder_version=\u00a0\u00bb4.7.7&Prime; _module_preset=\u00a0\u00bbdefault\u00a0\u00bb custom_padding=\u00a0\u00bb||0px|||\u00a0\u00bb][et_pb_row column_structure=\u00a0\u00bb2_5,3_5&Prime; _builder_version=\u00a0\u00bb4.7.7&Prime; _module_preset=\u00a0\u00bbdefault\u00a0\u00bb custom_padding=\u00a0\u00bb||0px|||\u00a0\u00bb][et_pb_column type=\u00a0\u00bb2_5&Prime; _builder_version=\u00a0\u00bb4.7.7&Prime; _module_preset=\u00a0\u00bbdefault\u00a0\u00bb][et_pb_text _builder_version=\u00a0\u00bb4.9.2&Prime; _module_preset=\u00a0\u00bbdefault\u00a0\u00bb]<\/p>\n<h2><b>QUAND DEMANDER UN PR\u00caT D\u2019ARGENT RAPIDE SANS ENQU\u00caTE DE CR\u00c9DIT?<\/b><\/h2>\n<p>Lorsque vous faites appel \u00e0 un pr\u00eat d\u2019argent rapide sans enqu\u00eate de cr\u00e9dit, celui-ci doit \u00eatre normalement utilis\u00e9 pour une situation d\u2019urgence avec des d\u00e9penses inattendues comme pour payer une vitre bris\u00e9e par exemple. Il va \u00eatre \u00e9galement utile pour emp\u00eacher que des frais surviennent suite \u00e0 des paiements sans provision.[\/et_pb_text][\/et_pb_column][et_pb_column type=\u00a0\u00bb3_5&Prime; _builder_version=\u00a0\u00bb4.7.7&Prime; _module_preset=\u00a0\u00bbdefault\u00a0\u00bb][et_pb_text _builder_version=\u00a0\u00bb4.9.4&Prime; _module_preset=\u00a0\u00bbdefault\u00a0\u00bb hover_enabled=\u00a0\u00bb0&Prime; sticky_enabled=\u00a0\u00bb0&Prime;]<\/p>\n<h2><b>EN QUOI UN PR\u00caT D\u2019ARGENT RAPIDE SANS ENQU\u00caTE DE CR\u00c9DIT PEUT-IL AIDER ?<\/b><\/h2>\n<p>Si vous avez des difficult\u00e9s \u00e0 payer certaines factures, le pr\u00eat d\u2019argent rapide sans enqu\u00eate de cr\u00e9dit peut \u00eatre la solution financi\u00e8re ad\u00e9quate. Un grand nombre de Canadiens font appel \u00e0 ce type de pr\u00eat au quotidien. Gr\u00e2ce \u00e0 cette solution, ils peuvent obtenir des pr\u00eats qu\u2019ils n\u2019auraient jamais pu obtenir autrement via une institution financi\u00e8re comme une banque.<\/p>\n<h3><strong>Voici les conditions \u00e0 remplir pour b\u00e9n\u00e9ficier d\u2019un pr\u00eat d\u2019argent rapide sans enqu\u00eate de cr\u00e9dit :<\/strong><\/h3>\n<ul>\n<li>fournir un compte-ch\u00e8ques valide depuis minimum 3 mois<\/li>\n<li>r\u00e9sider \u00e0 la m\u00eame adresse depuis au moins 6 mois<\/li>\n<li>poss\u00e9der un emploi \u00e0 temps plein depuis minimum 6 mois, et<\/li>\n<li>ne pas faire l\u2019objet d\u2019une saisie sur salaire ou bien ne pas \u00eatre en faillite<\/li>\n<\/ul>\n<p>Il est primordial que tous ces crit\u00e8res soient respect\u00e9s.<\/p>\n<p>.<\/p>\n<p>[\/et_pb_text][\/et_pb_column][\/et_pb_row][\/et_pb_section][et_pb_section fb_built=\u00a0\u00bb1&Prime; _builder_version=\u00a0\u00bb4.7.7&Prime; _module_preset=\u00a0\u00bbdefault\u00a0\u00bb background_color=\u00a0\u00bb#efefef\u00a0\u00bb custom_padding=\u00a0\u00bb0px|||||\u00a0\u00bb][et_pb_row column_structure=\u00a0\u00bb1_2,1_2&Prime; _builder_version=\u00a0\u00bb4.7.7&Prime; _module_preset=\u00a0\u00bbdefault\u00a0\u00bb][et_pb_column type=\u00a0\u00bb1_2&Prime; _builder_version=\u00a0\u00bb4.7.7&Prime; _module_preset=\u00a0\u00bbdefault\u00a0\u00bb][et_pb_text _builder_version=\u00a0\u00bb4.9.2&Prime; _module_preset=\u00a0\u00bbdefault\u00a0\u00bb]<\/p>\n<h2><strong>POURQUOI CHOISIR MYNEXTPAY ?<\/strong><\/h2>\n<p>Nous avons pour engagement d\u2019aider les Canadiens \u00e0 r\u00e9gler leurs probl\u00e8mes financiers \u00e0 court terme. C\u2019est pourquoi nous sommes des pr\u00eateurs sur salaire. Vous pouvez donc faire votre demande rapidement et directement de chez vous.<\/p>\n<p>En vous faisant approuver aujourd\u2019hui, nous pouvons vous procurer <strong>un pr\u00eat personnel<\/strong> pour r\u00e9gler vos diff\u00e9rentes dettes, et ce, \u00e0 des taux avantageux.<\/p>\n<p>Vous avez besoin d\u2019argent d\u00e8s maintenant? Faites une <a href=\"https:\/\/mynextpay.ca\/fr\/demande-en-ligne\/\">demande de pr\u00eat rapide en ligne<\/a>, vous n\u2019aurez qu\u2019\u00e0 remplir le formulaire et nous le soumettre. Avec My Next Pay, emprunter de l\u2019argent n\u2019aura jamais \u00e9t\u00e9 aussi facile. Nos pr\u00eats sont accessibles en 24 heures.<\/p>\n<p>Nous proposons une <strong>autorisation imm\u00e9diate<\/strong> pour les avances de fonds au Qu\u00e9bec et au Canada, et ce, sans v\u00e9rification de cr\u00e9dit. Nous transf\u00e9rons directement l\u2019argent du pr\u00eat sur votre compte en banque personnel ou bien sur votre compte de caisse d\u2019\u00e9conomies, peu importe s\u2019il s\u2019agit d\u2019un compte-ch\u00e8ques ou d\u2019un compte \u00e9pargne.<\/p>\n<p>[\/et_pb_text][et_pb_text _builder_version=\u00a0\u00bb4.9.2&Prime; _module_preset=\u00a0\u00bbdefault\u00a0\u00bb custom_margin=\u00a0\u00bb||0px|||\u00a0\u00bb]<\/p>\n<h3><strong>LE PR\u00caT D\u2019ARGENT RAPIDE SANS ENQU\u00caTE DE CR\u00c9DIT, UNE SOLUTION EFFICACE<\/strong><\/h3>\n<p>Nous avons pour engagement d&rsquo;aider les Canadiens &agrave; r&eacute;gler leurs probl&egrave;mes financiers &agrave; court terme. C&rsquo;est pourquoi nous sommes des pr&ecirc;teurs sur salaire. Vous pouvez donc faire votre demande rapidement et directement de chez vous.<\/p>\n<p>En vous faisant approuver aujourd&rsquo;hui, nous pouvons vous procurer <strong>un pr&ecirc;t personnel<\/strong> pour r&eacute;gler vos diff&eacute;rentes dettes, et ce, &agrave; des taux avantageux.&nbsp;<\/p>\n<p>Vous avez besoin d&rsquo;argent d&egrave;s maintenant ? Faites une <a href=\"https:\/\/mynextpay.ca\/fr\/demande-en-ligne\/\">demande de pr&ecirc;t rapide en ligne<\/a>, vous n&rsquo;aurez qu&rsquo;&agrave; remplir le formulaire et nous le soumettre. Avec My Next Pay, emprunter de l&rsquo;argent n&rsquo;aura jamais &eacute;t&eacute; aussi facile. Nos pr&ecirc;ts sont accessibles en 24 heures.<\/p>\n<p>Nous proposons une <strong>autorisation imm&eacute;diate<\/strong> pour les avances de fonds au Qu&eacute;bec et au Canada, et ce, sans v&eacute;rification de cr&eacute;dit. Nous transf&eacute;rons directement l&rsquo;argent du pr&ecirc;t sur votre compte en banque personnel ou bien sur votre compte de caisse d&rsquo;&eacute;conomies, peu importe s&rsquo;il s&rsquo;agit d&rsquo;un compte-ch&egrave;ques ou d&rsquo;un compte &eacute;pargne.<\/p>\n<p>[\/et_pb_text][\/et_pb_column][et_pb_column type=\u00a0\u00bb1_2&Prime; _builder_version=\u00a0\u00bb4.7.7&Prime; _module_preset=\u00a0\u00bbdefault\u00a0\u00bb][et_pb_text _builder_version=\u00a0\u00bb4.9.2&Prime; _module_preset=\u00a0\u00bbdefault\u00a0\u00bb]<\/p>\n<h2><strong>LES LIMITES DU PR\u00caT D\u2019ARGENT RAPIDE SANS ENQU\u00caTE DE CR\u00c9DIT<\/strong><\/h2>\n<p>Faites attention toutefois quand vous faites appel &agrave; ce type de pr&ecirc;t. Celui-ci sert uniquement pour r&eacute;soudre un probl&egrave;me urgent dans un court laps de temps. C&rsquo;est pourquoi les taux d&rsquo;int&eacute;r&ecirc;t pour ce type de pr&ecirc;ts peuvent &ecirc;tre tr&egrave;s &eacute;lev&eacute;s.<\/p>\n<p>Vous ne devrez donc pas utiliser ce type de pr&ecirc;t pour r&eacute;soudre des probl&egrave;mes financiers &agrave; long terme. Les personnes ayant besoin d&rsquo;assistance peuvent se tourner vers des services adapt&eacute;s d&rsquo;un programme de consultation de cr&eacute;dit.<\/p>\n<p>[\/et_pb_text][et_pb_text _builder_version=\u00a0\u00bb4.9.2&Prime; _module_preset=\u00a0\u00bbdefault\u00a0\u00bb]<\/p>\n<h3><strong>UNE SOLUTION \u00c0 DIVERS PROBL\u00c8MES<\/strong><\/h3>\n<p>Cela vous est-il d\u00e9j\u00e0 arriv\u00e9 de devoir payer des frais pour un ch\u00e8que sans provision aupr\u00e8s de votre institution financi\u00e8re ? Simplement, car quelques dollars manquent pour r\u00e9gler proprement ses frais li\u00e9s \u00e0 un loyer, une facture, une hypoth\u00e8que ou bien \u00e0 votre voiture. Avec My Next Pay, ce genre de probl\u00e8me n\u2019arrivera plus, notre solution de pr\u00eat sur salaire vous permet d\u2019\u00e9viter ce genre de d\u00e9sagr\u00e9ment.<\/p>\n<p>Vous convoitez \u00e9galement peut-\u00eatre un article depuis un petit temps. Et le moment o\u00f9 vous voyez que celui-ci est en vente avec une r\u00e9duction de 50%, vous n\u2019avez pas les fonds n\u00e9cessaires pour l\u2019acheter \u00e0 temps, car votre paie est dans quelques jours. Notre solution de pr\u00eat sur salaire permet \u00e9galement de faire face \u00e0 ce genre de tracas de la vie de tous les jours.<\/p>\n<p>[\/et_pb_text][\/et_pb_column][\/et_pb_row][et_pb_row column_structure=\u00a0\u00bb1_3,2_3&Prime; _builder_version=\u00a0\u00bb4.9.2&Prime; _module_preset=\u00a0\u00bbdefault\u00a0\u00bb][et_pb_column type=\u00a0\u00bb1_3&Prime; _builder_version=\u00a0\u00bb4.9.2&Prime; _module_preset=\u00a0\u00bbdefault\u00a0\u00bb][et_pb_text _builder_version=\u00a0\u00bb4.9.2&Prime; _module_preset=\u00a0\u00bbdefault\u00a0\u00bb]<\/p>\n<h2><strong>UN PROCESSUS SIMPLE ET EFFICACE<\/strong><\/h2>\n<p>Faire une demande d\u2019emprunt chez My Next Pay est tr\u00e8s simple et rapide. Vous devez uniquement remplir le <strong>formulaire de demande en ligne<\/strong>. Cela ne prendra que 5 minutes maximum.\u00a0<\/p>\n<p>Notre formulaire en ligne est simple \u00e0 utiliser. Vous n\u2019avez donc pas besoin de vous pr\u00e9senter quelque part en physique, il suffit de faire votre demande en ligne.<\/p>\n<p>Une fois la demande effectu\u00e9e et valid\u00e9e, les fonds sont directement vers\u00e9s sur votre compte en banque sous maximum 24h et tr\u00e8s souvent la journ\u00e9e m\u00eame.<\/p>\n<p>Nous connaissons la difficult\u00e9 d\u2019obtenir un cr\u00e9dit. C\u2019est pourquoi nous avons simplifi\u00e9 au maximum notre demande de pr\u00eat d\u2019argent rapide sans enqu\u00eate de cr\u00e9dit. Il vous suffit d\u2019ouvrir un compte en appliquant en ligne. Une fois ouvert, vous n\u2019avez qu\u2019\u00e0 effectuer votre demande en ligne et une fois approuv\u00e9e nous vous enverrons l\u2019argent.<\/p>\n<p>[\/et_pb_text][\/et_pb_column][et_pb_column type=\u00a0\u00bb2_3&Prime; _builder_version=\u00a0\u00bb4.9.2&Prime; _module_preset=\u00a0\u00bbdefault\u00a0\u00bb][et_pb_text _builder_version=\u00a0\u00bb4.9.2&Prime; _module_preset=\u00a0\u00bbdefault\u00a0\u00bb width=\u00a0\u00bb100%\u00a0\u00bb]<\/p>\n<h2><strong>UNE SOLUTION ADAPT\u00c9E<\/strong><\/h2>\n<p>Au Canada et au Qu\u00e9bec, le co\u00fbt de la vie ne cesse d\u2019augmenter constamment. Il est donc primordial de disposer de diff\u00e9rentes options de cr\u00e9dit. Les pr\u00eats d\u2019argent rapide sans enqu\u00eate de cr\u00e9dit constituent donc une des solutions pour faire face \u00e0 cette situation globale.<\/p>\n<p>En revanche, il ne remplace pas toutes les formes de cr\u00e9dit. Le pr\u00eat d\u2019argent rapide sans enqu\u00eate de cr\u00e9dit est une solution de <a href=\"https:\/\/mynextpay.ca\/fr\/pret-a-court-terme\/\">pr\u00eat \u00e0 court terme<\/a> et doit donc \u00eatre utilis\u00e9 lors de situations impr\u00e9vues ou d\u2019urgences uniquement sur un court laps de temps.<\/p>\n<p>Beaucoup d\u2019entreprises offrent des services d\u2019<a href=\"https:\/\/mynextpay.ca\/fr\/avance-de-fonds\/\">avances de fonds<\/a> et de pr\u00eat d\u2019argent rapide sans enqu\u00eate de cr\u00e9dit. Chez My Next Pay, nous avons l\u2019avantage de pouvoir vous procurer la somme emprunt\u00e9e tr\u00e8s rapidement. De plus, notre demande a \u00e9t\u00e9 \u00e9tudi\u00e9e pour qu\u2019elle soit la plus simple et efficace possible pour vous. Nous garantissons aussi un service d\u2019exception, une transparence et une <strong>s\u00e9curit\u00e9 de vos donn\u00e9es personnelles<\/strong> que vous nous confiez.<\/p>\n<p>Avec les avances de fonds, le processus de demande est moins laborieux. En effet, il n\u2019y a pas de p\u00e9riodes d\u2019attente importante et des t\u00e9l\u00e9copies \u00e0 fournir. Nous comprenons la n\u00e9cessit\u00e9 pour vous de devoir recevoir l\u2019argent rapidement, c\u2019est pourquoi notre personnel est disponible au besoin. Un expert pourra vous aider dans votre demande de pr\u00eat sur salaire et il sera possible certaines fois de d\u00e9poser l\u2019argent dans la demi-heure suivant l\u2019acceptation de la demande.<\/p>\n<p>Nous avons donc simplifi\u00e9 au maximum la demande pour simplifier votre vie ! Pas d\u2019enqu\u00eates de cr\u00e9dit, une demande simple et efficace, une mise \u00e0 disposition qui peut \u00eatre effectu\u00e9e en 30 min, pas de t\u00e9l\u00e9copies et des sommes \u00e0 emprunter variables. Voil\u00e0 les avantages qui expliquent pourquoi nous sommes devant les autres entreprises de pr\u00eat d\u2019argent ! Faites-nous confiance et <strong>contractez un pr\u00eat chez My Next Pay d\u00e8s aujourd\u2019hui<\/strong>.<\/p>\n<p>[\/et_pb_text][\/et_pb_column][\/et_pb_row][et_pb_row _builder_version=\u00a0\u00bb4.7.7&Prime; _module_preset=\u00a0\u00bbdefault\u00a0\u00bb][et_pb_column type=\u00a0\u00bb4_4&Prime; _builder_version=\u00a0\u00bb4.7.7&Prime; _module_preset=\u00a0\u00bbdefault\u00a0\u00bb][et_pb_text _builder_version=\u00a0\u00bb4.7.7&Prime; _module_preset=\u00a0\u00bbdefault\u00a0\u00bb][yasr_visitor_votes][\/et_pb_text][\/et_pb_column][\/et_pb_row][\/et_pb_section]<\/p>\n","protected":false},"excerpt":{"rendered":"<p>Pr\u00eat d&rsquo;argent rapide sans enqu\u00eate de cr\u00e9dit Afin de vous aider dans des situations financi&egrave;res difficiles, le pr&ecirc;t d&rsquo;argent rapide sans enqu&ecirc;te de cr&eacute;dit est la solution pour vous. Il peut &ecirc;tre utilis&eacute; pour payer une facture inattendue ou des travaux urgents dans votre maison.QUAND DEMANDER UN PR\u00caT D\u2019ARGENT RAPIDE SANS ENQU\u00caTE DE CR\u00c9DIT? Lorsque [&hellip;]<\/p>\n","protected":false},"author":15,"featured_media":0,"parent":0,"menu_order":0,"comment_status":"closed","ping_status":"closed","template":"","meta":{"_et_pb_use_builder":"on","_et_pb_old_content":"","_et_gb_content_width":"","footnotes":""},"class_list":["post-49788","page","type-page","status-publish","hentry"],"_links":{"self":[{"href":"https:\/\/mynextpay.ca\/fr\/wp-json\/wp\/v2\/pages\/49788","targetHints":{"allow":["GET"]}}],"collection":[{"href":"https:\/\/mynextpay.ca\/fr\/wp-json\/wp\/v2\/pages"}],"about":[{"href":"https:\/\/mynextpay.ca\/fr\/wp-json\/wp\/v2\/types\/page"}],"author":[{"embeddable":true,"href":"https:\/\/mynextpay.ca\/fr\/wp-json\/wp\/v2\/users\/15"}],"replies":[{"embeddable":true,"href":"https:\/\/mynextpay.ca\/fr\/wp-json\/wp\/v2\/comments?post=49788"}],"version-history":[{"count":0,"href":"https:\/\/mynextpay.ca\/fr\/wp-json\/wp\/v2\/pages\/49788\/revisions"}],"wp:attachment":[{"href":"https:\/\/mynextpay.ca\/fr\/wp-json\/wp\/v2\/media?parent=49788"}],"curies":[{"name":"wp","href":"https:\/\/api.w.org\/{rel}","templated":true}]}}