{"id":49784,"date":"2021-01-05T15:33:44","date_gmt":"2021-01-05T15:33:44","guid":{"rendered":"http:\/\/dev21.mynextpay.ca\/faq\/"},"modified":"2023-08-14T05:21:24","modified_gmt":"2023-08-14T09:21:24","slug":"faq","status":"publish","type":"page","link":"https:\/\/mynextpay.ca\/fr\/faq\/","title":{"rendered":"FAQ"},"content":{"rendered":"<p>[et_pb_section fb_built=\u00a0\u00bb1&Prime; _builder_version=\u00a0\u00bb4.7.7&Prime; _module_preset=\u00a0\u00bbdefault\u00a0\u00bb background_image=\u00a0\u00bbhttps:\/\/mynextpay.ca\/wp-content\/uploads\/2021\/01\/wtgrnfaq.jpg\u00a0\u00bb custom_padding=\u00a0\u00bb150px||150px||true|false\u00a0\u00bb][et_pb_row column_structure=\u00a0\u00bb1_2,1_2&Prime; _builder_version=\u00a0\u00bb4.7.7&Prime; _module_preset=\u00a0\u00bbdefault\u00a0\u00bb][et_pb_column type=\u00a0\u00bb1_2&Prime; _builder_version=\u00a0\u00bb4.7.7&Prime; _module_preset=\u00a0\u00bbdefault\u00a0\u00bb][et_pb_text _builder_version=\u00a0\u00bb4.7.7&Prime; _module_preset=\u00a0\u00bbdefault\u00a0\u00bb header_font=\u00a0\u00bbPoppins||||||||\u00a0\u00bb header_text_color=\u00a0\u00bb#ffffff\u00a0\u00bb header_font_size=\u00a0\u00bb40px\u00a0\u00bb header_text_shadow_style=\u00a0\u00bbpreset3&Prime; header_text_shadow_color=\u00a0\u00bb#000000&Prime;]<\/p>\n<h1>FAQ<\/h1>\n<p>[\/et_pb_text][\/et_pb_column][et_pb_column type=\u00a0\u00bb1_2&Prime; _builder_version=\u00a0\u00bb4.7.7&Prime; _module_preset=\u00a0\u00bbdefault\u00a0\u00bb][\/et_pb_column][\/et_pb_row][\/et_pb_section][et_pb_section fb_built=\u00a0\u00bb1&Prime; _builder_version=\u00a0\u00bb3.23.3&Prime; custom_padding=\u00a0\u00bb80px|0px|80px|0px|true|false\u00a0\u00bb][et_pb_row column_structure=\u00a0\u00bb1_2,1_2&Prime; _builder_version=\u00a0\u00bb3.25&Prime; custom_padding=\u00a0\u00bb|0px||0px|false|false\u00a0\u00bb][et_pb_column type=\u00a0\u00bb1_2&Prime; _builder_version=\u00a0\u00bb3.25&Prime; custom_padding=\u00a0\u00bb|||\u00a0\u00bb custom_padding__hover=\u00a0\u00bb|||\u00a0\u00bb][et_pb_accordion open_toggle_text_color=\u00a0\u00bb#000000&Prime; open_toggle_background_color=\u00a0\u00bbrgba(0,0,0,0)\u00a0\u00bb closed_toggle_text_color=\u00a0\u00bb#000000&Prime; closed_toggle_background_color=\u00a0\u00bbrgba(0,0,0,0)\u00a0\u00bb icon_color=\u00a0\u00bbrgba(0,0,0,0)\u00a0\u00bb _builder_version=\u00a0\u00bb4.7.7&Prime; toggle_text_color=\u00a0\u00bb#000000&Prime; toggle_font=\u00a0\u00bbPoppins|600|||||||\u00a0\u00bb toggle_font_size=\u00a0\u00bb18px\u00a0\u00bb toggle_line_height=\u00a0\u00bb1.8em\u00a0\u00bb closed_toggle_font=\u00a0\u00bbPoppins|600|||||||\u00a0\u00bb closed_toggle_font_size=\u00a0\u00bb18px\u00a0\u00bb closed_toggle_line_height=\u00a0\u00bb1.8em\u00a0\u00bb body_font=\u00a0\u00bbRoboto|300|||||||\u00a0\u00bb body_text_color=\u00a0\u00bb#000000&Prime; body_font_size=\u00a0\u00bb15px\u00a0\u00bb body_line_height=\u00a0\u00bb1.8em\u00a0\u00bb custom_padding=\u00a0\u00bb0px|0px|0px|0px|true|true\u00a0\u00bb border_width_all=\u00a0\u00bb0px\u00a0\u00bb][et_pb_accordion_item title=\u00a0\u00bbQU\u2019EST-CE QU\u2019UNE AVANCE D\u2019ARGENT?\u00a0\u00bb open=\u00a0\u00bbon\u00a0\u00bb _builder_version=\u00a0\u00bb4.7.7&Prime; custom_padding=\u00a0\u00bb0px|0px|0px|0px|true|true\u00a0\u00bb]<\/p>\n<p>Une avance d\u2019argent est un pr\u00eat \u00e0 court terme souvent utilis\u00e9 pour couvrir des d\u00e9penses inattendues, des p\u00e9nalit\u00e9s de retard, des ch\u00e8ques sans provision et des urgences. Les pr\u00eats \u00e0 court terme sont efficaces lorsqu\u2019on est confront\u00e9 \u00e0 des situations financi\u00e8res imm\u00e9diates, mais ils ne sont pas cens\u00e9s agir comme des solutions \u00e0 long terme.<\/p>\n<p>[\/et_pb_accordion_item][et_pb_accordion_item title=\u00a0\u00bbQUELLES SONT LES CONDITIONS N\u00c9CESSAIRES POUR OBTENIR UNE AVANCE D\u2019ARGENT?\u00a0\u00bb _builder_version=\u00a0\u00bb4.7.7&Prime; custom_padding=\u00a0\u00bb0px|0px|0px|0px|true|true\u00a0\u00bb open=\u00a0\u00bboff\u00a0\u00bb]<\/p>\n<p>Bien que l\u2019obtention d\u2019une avance d\u2019argent soit plus facile que celle d\u2019un pr\u00eat bancaire, nous demandons tout de m\u00eame que nos clients remplissent les crit\u00e8res suivants :<\/p>\n<ul>\n<li>nous fournir un compte ch\u00e8que valide depuis au moins 3 mois<\/li>\n<li>avoir un travail \u00e0 temps complet depuis au moins 6 mois<\/li>\n<li>r\u00e9sider \u00e0 la m\u00eame adresse depuis au moins 6 mois<\/li>\n<li>\u00eatre pay\u00e9 par ch\u00e8que ou par d\u00e9p\u00f4t direct<\/li>\n<li>ne pas \u00eatre en faillite ou ne pas faire l\u2019objet de saisie sur salaire<\/li>\n<\/ul>\n<p>[\/et_pb_accordion_item][et_pb_accordion_item title=\u00a0\u00bbJE SUIS UN ENTREPRENEUR. PUIS-JE D\u00c9POSER UNE DEMANDE D\u2019AVANCE D\u2019ARGENT?\u00a0\u00bb _builder_version=\u00a0\u00bb4.7.7&Prime; custom_padding=\u00a0\u00bb0px|0px|0px|0px|true|true\u00a0\u00bb open=\u00a0\u00bboff\u00a0\u00bb]<\/p>\n<p>Nous acceptons uniquement les demandeurs qui re\u00e7oivent leur salaire par d\u00e9p\u00f4t direct.<\/p>\n<p>[\/et_pb_accordion_item][\/et_pb_accordion][\/et_pb_column][et_pb_column type=\u00a0\u00bb1_2&Prime; _builder_version=\u00a0\u00bb3.25&Prime; custom_padding=\u00a0\u00bb|||\u00a0\u00bb custom_padding__hover=\u00a0\u00bb|||\u00a0\u00bb][et_pb_accordion open_toggle_text_color=\u00a0\u00bb#000000&Prime; open_toggle_background_color=\u00a0\u00bbrgba(0,0,0,0)\u00a0\u00bb closed_toggle_text_color=\u00a0\u00bb#000000&Prime; closed_toggle_background_color=\u00a0\u00bbrgba(0,0,0,0)\u00a0\u00bb icon_color=\u00a0\u00bbrgba(0,0,0,0)\u00a0\u00bb _builder_version=\u00a0\u00bb4.7.7&Prime; toggle_text_color=\u00a0\u00bb#000000&Prime; toggle_font=\u00a0\u00bbPoppins|600|||||||\u00a0\u00bb toggle_font_size=\u00a0\u00bb18px\u00a0\u00bb toggle_line_height=\u00a0\u00bb1.8em\u00a0\u00bb closed_toggle_font=\u00a0\u00bbPoppins|600|||||||\u00a0\u00bb closed_toggle_font_size=\u00a0\u00bb18px\u00a0\u00bb closed_toggle_line_height=\u00a0\u00bb1.8em\u00a0\u00bb body_font=\u00a0\u00bbRoboto|300|||||||\u00a0\u00bb body_text_color=\u00a0\u00bb#000000&Prime; body_font_size=\u00a0\u00bb15px\u00a0\u00bb body_line_height=\u00a0\u00bb1.8em\u00a0\u00bb custom_padding=\u00a0\u00bb0px|0px|0px|0px|true|true\u00a0\u00bb hover_enabled=\u00a0\u00bb0&Prime; border_width_all=\u00a0\u00bb0px\u00a0\u00bb sticky_enabled=\u00a0\u00bb0&Prime;][et_pb_accordion_item title=\u00a0\u00bbQUELLE SOMME D\u2019ARGENT SUIS-JE AUTORIS\u00c9 \u00c0 EMPRUNTER?\u00a0\u00bb open=\u00a0\u00bbon\u00a0\u00bb _builder_version=\u00a0\u00bb4.7.7&Prime; custom_padding=\u00a0\u00bb0px|0px|0px|0px|true|true\u00a0\u00bb]<\/p>\n<p>Nous pouvons fournir des avances d\u2019argent allant de 300 $ \u00e0 1500$.<\/p>\n<p>[\/et_pb_accordion_item][et_pb_accordion_item title=\u00a0\u00bbQUAND LES FONDS ARRIVERONT-ILS?\u00a0\u00bb _builder_version=\u00a0\u00bb4.7.7&Prime; custom_padding=\u00a0\u00bb0px|0px|0px|0px|true|true\u00a0\u00bb open=\u00a0\u00bboff\u00a0\u00bb]<\/p>\n<p>1) La fa\u00e7on la plus rapide c\u2019est de vous pr\u00e9senter \u00e0 notre place d\u2019affaires en personne et vous recevrez votre pr\u00eat en argent comptant dans 30 minutes.<\/p>\n<p>2) Si le transfert est effectu\u00e9 avant 11h00 (heure de l\u2019Est) vous recevrez votre pr\u00eat par virement bancaire dans votre compte bancaire avant la fin de la journ\u00e9e. Cependant, si le transfert est fait apr\u00e8s 11h00, un d\u00e9lai de 24 heures s\u2019impose.<\/p>\n<p>[\/et_pb_accordion_item][et_pb_accordion_item title=\u00a0\u00bbQUELS DOCUMENTS AI-JE BESOIN DE FAXER?\u00a0\u00bb _builder_version=\u00a0\u00bb4.7.7&Prime; custom_padding=\u00a0\u00bb0px|0px|0px|0px|true|true\u00a0\u00bb open=\u00a0\u00bboff\u00a0\u00bb]<\/p>\n<p><strong>Veuillez r\u00e9unir les documents suivants :<\/strong><\/p>\n<ul>\n<li>Deux pi\u00e8ces d\u2019identit\u00e9 avec photo et une preuve de votre num\u00e9ro d\u2019assurance social<\/li>\n<li>Une preuve d\u2019adresse (facture de service)<\/li>\n<li>Vos deux derniers talon de paie<\/li>\n<li>Un sp\u00e9cimen de ch\u00e8que \u2013 Formulaire de d\u00e9bit pr\u00e9 autoris\u00e9<\/li>\n<li>Les 90 derniers jours de votre relev\u00e9 bancaire<\/li>\n<\/ul>\n<p>[\/et_pb_accordion_item][et_pb_accordion_item title=\u00a0\u00bbQU&rsquo;EST QU&rsquo;UN PR\u00caT PERSONNEL?\u00a0\u00bb _builder_version=\u00a0\u00bb4.7.7&Prime; custom_padding=\u00a0\u00bb0px|0px|0px|0px|true|true\u00a0\u00bb open=\u00a0\u00bboff\u00a0\u00bb]<\/p>\n<p>Un pr\u00eat personnel est un service qui procure aux clients une aide a court terme<\/p>\n<p>[\/et_pb_accordion_item][\/et_pb_accordion][\/et_pb_column][\/et_pb_row][\/et_pb_section]<\/p>\n","protected":false},"excerpt":{"rendered":"<p>FAQUne avance d\u2019argent est un pr\u00eat \u00e0 court terme souvent utilis\u00e9 pour couvrir des d\u00e9penses inattendues, des p\u00e9nalit\u00e9s de retard, des ch\u00e8ques sans provision et des urgences. Les pr\u00eats \u00e0 court terme sont efficaces lorsqu\u2019on est confront\u00e9 \u00e0 des situations financi\u00e8res imm\u00e9diates, mais ils ne sont pas cens\u00e9s agir comme des solutions \u00e0 long terme.Bien [&hellip;]<\/p>\n","protected":false},"author":15,"featured_media":0,"parent":0,"menu_order":0,"comment_status":"closed","ping_status":"closed","template":"","meta":{"_et_pb_use_builder":"on","_et_pb_old_content":"","_et_gb_content_width":"","footnotes":""},"class_list":["post-49784","page","type-page","status-publish","hentry"],"_links":{"self":[{"href":"https:\/\/mynextpay.ca\/fr\/wp-json\/wp\/v2\/pages\/49784","targetHints":{"allow":["GET"]}}],"collection":[{"href":"https:\/\/mynextpay.ca\/fr\/wp-json\/wp\/v2\/pages"}],"about":[{"href":"https:\/\/mynextpay.ca\/fr\/wp-json\/wp\/v2\/types\/page"}],"author":[{"embeddable":true,"href":"https:\/\/mynextpay.ca\/fr\/wp-json\/wp\/v2\/users\/15"}],"replies":[{"embeddable":true,"href":"https:\/\/mynextpay.ca\/fr\/wp-json\/wp\/v2\/comments?post=49784"}],"version-history":[{"count":0,"href":"https:\/\/mynextpay.ca\/fr\/wp-json\/wp\/v2\/pages\/49784\/revisions"}],"wp:attachment":[{"href":"https:\/\/mynextpay.ca\/fr\/wp-json\/wp\/v2\/media?parent=49784"}],"curies":[{"name":"wp","href":"https:\/\/api.w.org\/{rel}","templated":true}]}}