{"id":49780,"date":"2021-01-05T15:25:16","date_gmt":"2021-01-05T15:25:16","guid":{"rendered":"http:\/\/dev21.mynextpay.ca\/consolidation-de-dettes\/"},"modified":"2021-06-25T18:41:18","modified_gmt":"2021-06-25T18:41:18","slug":"consolidation-de-dettes","status":"publish","type":"page","link":"https:\/\/mynextpay.ca\/fr\/consolidation-de-dettes\/","title":{"rendered":"Consolidation de dettes"},"content":{"rendered":"\n[et_pb_section fb_built=\u00a0\u00bb1&Prime; _builder_version=\u00a0\u00bb4.7.7&Prime; _module_preset=\u00a0\u00bbdefault\u00a0\u00bb background_image=\u00a0\u00bbhttps:\/\/mynextpay.ca\/wp-content\/uploads\/2021\/01\/creditcard-debit-card.jpg\u00a0\u00bb custom_padding=\u00a0\u00bb180px||180px||true|false\u00a0\u00bb][\/et_pb_section][et_pb_section fb_built=\u00a0\u00bb1&Prime; _builder_version=\u00a0\u00bb4.7.7&Prime; _module_preset=\u00a0\u00bbdefault\u00a0\u00bb use_background_color_gradient=\u00a0\u00bbon\u00a0\u00bb background_color_gradient_start=\u00a0\u00bbrgba(2,161,33,0.71)\u00a0\u00bb background_color_gradient_end=\u00a0\u00bbrgba(2,161,33,0.91)\u00a0\u00bb background_color_gradient_direction=\u00a0\u00bb268deg\u00a0\u00bb background_color_gradient_end_position=\u00a0\u00bb60%\u00a0\u00bb background_color_gradient_overlays_image=\u00a0\u00bbon\u00a0\u00bb background_enable_image=\u00a0\u00bboff\u00a0\u00bb][et_pb_row column_structure=\u00a0\u00bb1_2,1_2&Prime; _builder_version=\u00a0\u00bb4.7.7&Prime; _module_preset=\u00a0\u00bbdefault\u00a0\u00bb][et_pb_column type=\u00a0\u00bb1_2&Prime; _builder_version=\u00a0\u00bb4.7.7&Prime; _module_preset=\u00a0\u00bbdefault\u00a0\u00bb][et_pb_text _builder_version=\u00a0\u00bb4.7.7&Prime; _module_preset=\u00a0\u00bbdefault\u00a0\u00bb text_text_color=\u00a0\u00bb#ffffff\u00a0\u00bb header_font=\u00a0\u00bbPoppins||||||||\u00a0\u00bb header_text_color=\u00a0\u00bb#ffffff\u00a0\u00bb header_2_font=\u00a0\u00bb|700|||||||\u00a0\u00bb header_2_text_color=\u00a0\u00bb#ffffff\u00a0\u00bb header_2_font_size=\u00a0\u00bb30px\u00a0\u00bb header_3_font=\u00a0\u00bbPoppins||||||||\u00a0\u00bb header_3_text_color=\u00a0\u00bb#ffffff\u00a0\u00bb header_3_font_size=\u00a0\u00bb32px\u00a0\u00bb]<h1>Consolidation de dette en ligne au Canada<\/h1>[\/et_pb_text][et_pb_text _builder_version=\u00a0\u00bb4.7.7&Prime; _module_preset=\u00a0\u00bbdefault\u00a0\u00bb text_font=\u00a0\u00bbPoppins|300|||||||\u00a0\u00bb text_text_color=\u00a0\u00bb#ffffff\u00a0\u00bb text_font_size=\u00a0\u00bb23px\u00a0\u00bb text_line_height=\u00a0\u00bb1.2em\u00a0\u00bb]<p>Vous avez des difficult\u00e9s \u00e0 rembourser des paiements provenant de dettes diff\u00e9rentes et des factures de cartes de cr\u00e9dit ? Nous pouvons vous proposer un pr\u00eat de consolidation de dettes afin de vous en sortir !<\/p>[\/et_pb_text][et_pb_button button_url=\u00a0\u00bbhttps:\/\/mynextpay.ca\/fr\/demande-en-ligne\u00a0\u00bb button_text=\u00a0\u00bbPostuler Maintenant\u00a0\u00bb _builder_version=\u00a0\u00bb4.7.7&Prime; _module_preset=\u00a0\u00bbdefault\u00a0\u00bb custom_button=\u00a0\u00bbon\u00a0\u00bb button_text_color=\u00a0\u00bb#ffffff\u00a0\u00bb button_bg_color=\u00a0\u00bb#000000&Prime; button_border_width=\u00a0\u00bb0px\u00a0\u00bb][\/et_pb_button][\/et_pb_column][et_pb_column type=\u00a0\u00bb1_2&Prime; _builder_version=\u00a0\u00bb4.7.7&Prime; _module_preset=\u00a0\u00bbdefault\u00a0\u00bb][et_pb_text _builder_version=\u00a0\u00bb4.7.7&Prime; _module_preset=\u00a0\u00bbdefault\u00a0\u00bb text_text_color=\u00a0\u00bb#ffffff\u00a0\u00bb text_font_size=\u00a0\u00bb19px\u00a0\u00bb text_line_height=\u00a0\u00bb1.2em\u00a0\u00bb header_3_text_color=\u00a0\u00bb#ffffff\u00a0\u00bb header_3_line_height=\u00a0\u00bb1.2em\u00a0\u00bb background_color=\u00a0\u00bbrgba(255,255,255,0.22)\u00a0\u00bb custom_padding=\u00a0\u00bb20px|20px|20px|20px|true|true\u00a0\u00bb]<h3><strong>Pourquoi nous choisir?<\/strong><\/h3>\n<p>Une demande en ligne simple et efficace depuis chez vous ! Gr\u00e2ce \u00e0 notre syst\u00e8me de <span style=\"color: #000000;\"><a href=\"https:\/\/mynextpay.ca\/fr\/\" style=\"color: #000000;\">pr\u00eats d\u2019argent en ligne<\/a><\/span>, vous pouvez faire votre demande dans le confort de votre habitation ou depuis votre bureau. Nous avons \u00e9galement simplifi\u00e9 toutes les \u00e9tapes de la demande afin de vous faciliter la vie<\/p>\n<p>Nous travaillons avec des entreprises poss\u00e9dant la licence de l\u2019<span style=\"color: #000000;\"><a href=\"https:\/\/www.opc.gouv.qc.ca\/\" style=\"color: #000000;\" target=\"_blank\" rel=\"noopener\">office de la protection du consommateur<\/a><\/span>. Vous serez donc 100% prot\u00e9g\u00e9 en contractant un pr\u00eat chez nous !<\/p>\n<p>&nbsp;<\/p>[\/et_pb_text][\/et_pb_column][\/et_pb_row][\/et_pb_section][et_pb_section fb_built=\u00a0\u00bb1&Prime; _builder_version=\u00a0\u00bb4.7.7&Prime; _module_preset=\u00a0\u00bbdefault\u00a0\u00bb][et_pb_row column_structure=\u00a0\u00bb1_4,1_4,1_2&Prime; _builder_version=\u00a0\u00bb4.7.7&Prime; _module_preset=\u00a0\u00bbdefault\u00a0\u00bb][et_pb_column type=\u00a0\u00bb1_4&Prime; _builder_version=\u00a0\u00bb4.7.7&Prime; _module_preset=\u00a0\u00bbdefault\u00a0\u00bb][et_pb_text _builder_version=\u00a0\u00bb4.7.7&Prime; _module_preset=\u00a0\u00bbdefault\u00a0\u00bb]<h2>QU\u2019EST-CE QUE LA CONSOLIDATION DE DETTES?<\/h2>\r\n<p>Aussi nomm\u00e9 consolidation de cr\u00e9dit, c\u2019est un processus qui vise \u00e0 contracter un pr\u00eat afin de payer deux dettes non garanties.<\/p>[\/et_pb_text][\/et_pb_column][et_pb_column type=\u00a0\u00bb1_4&Prime; _builder_version=\u00a0\u00bb4.7.7&Prime; _module_preset=\u00a0\u00bbdefault\u00a0\u00bb][et_pb_text _builder_version=\u00a0\u00bb4.7.7&Prime; _module_preset=\u00a0\u00bbdefault\u00a0\u00bb]<h2>COMMENT PUIS-JE EN PROFITER ?<\/h2>\r\nSi vous \u00eates dans une situation financi\u00e8res d\u00e9licate ou avez des difficult\u00e9s financi\u00e8res avec plusieurs cartes de cr\u00e9dit, la consolidation de dettes peut \u00eatre une solution. \u00c9galement si vous avez contract\u00e9 plusieurs emprunts aupr\u00e8s d\u2019une institution financi\u00e8re. Elle pourra \u00eatre utilis\u00e9e pour payer les factures des cartes de cr\u00e9dit et donc vous laisser avec un seul paiement mensuel. Cela vous permettra d\u2019avoir une meilleure flexibilit\u00e9 pour pouvoir planifier vos finances efficacement.[\/et_pb_text][\/et_pb_column][et_pb_column type=\u00a0\u00bb1_2&Prime; _builder_version=\u00a0\u00bb4.7.7&Prime; _module_preset=\u00a0\u00bbdefault\u00a0\u00bb][et_pb_text _builder_version=\u00a0\u00bb4.7.7&Prime; _module_preset=\u00a0\u00bbdefault\u00a0\u00bb]<h2>QUELQUES AVANTAGES PROUV\u00c9S DE LA CONSOLIDATION<\/h2>\r\n<p>Si vous voulez trouver un moyen rapide de payer vos dettes ou de diminuer vos paiements mensuels, la consolidation de dette peut \u00eatre la solution id\u00e9ale pour vous. Elle simplifie int\u00e9gralement tout le processus de remboursement et va m\u00eame r\u00e9duire les paiements mensuels que vous devez. Vous devez toutefois \u00eatre \u00e9ligible \u00e0 des conditions avec des taux plus faibles. Vous pourrez \u00e9galement am\u00e9liorer votre cote de cr\u00e9dit de votre dossier de cr\u00e9dit en am\u00e9liorant le remboursement de vos dettes avec une demande de consolidations de dettes.<\/p>\r\n\r\n<h3 id=\"mar-abott\">Pratiques de recouvrement responsables<\/h3>\r\n\r\n<p>Lorsque nous proposons nos services, nous allons toujours prendre en consid\u00e9ration le statut financier de l\u2019emprunteur. Si des pr\u00eats en souffrances surviennent, des accords de remboursements seront pris. Nous pouvons laisser une autre agence de recouvrement s\u2019occuper du recouvrement si les tentatives de recouvrement \u00e9chouent. Les diff\u00e9rents frais d\u2019ordre juridique seront pris par l\u2019emprunteur et les dettes non recouvr\u00e9es feront l\u2019objet de poursuites.<\/p>[\/et_pb_text][\/et_pb_column][\/et_pb_row][\/et_pb_section][et_pb_section fb_built=\u00a0\u00bb1&Prime; _builder_version=\u00a0\u00bb4.7.7&Prime; _module_preset=\u00a0\u00bbdefault\u00a0\u00bb background_color=\u00a0\u00bb#f7f7f7&Prime;][et_pb_row _builder_version=\u00a0\u00bb4.7.7&Prime; _module_preset=\u00a0\u00bbdefault\u00a0\u00bb][et_pb_column type=\u00a0\u00bb4_4&Prime; _builder_version=\u00a0\u00bb4.7.7&Prime; _module_preset=\u00a0\u00bbdefault\u00a0\u00bb][et_pb_text _builder_version=\u00a0\u00bb4.7.7&Prime; _module_preset=\u00a0\u00bbdefault\u00a0\u00bb text_font=\u00a0\u00bbPoppins||||||||\u00a0\u00bb text_text_color=\u00a0\u00bb#000000&Prime; text_font_size=\u00a0\u00bb18px\u00a0\u00bb header_4_font=\u00a0\u00bbPoppins||||||||\u00a0\u00bb header_4_font_size=\u00a0\u00bb33px\u00a0\u00bb]<h2 class=\"mar-abott\" style=\"text-align: center;\">AVEZ-VOUS DES QUESTIONS?<\/h2>\r\n<p style=\"text-align: center;\">Nous sommes toujours \u00e0 votre service 1-866-499-5629<\/p>\r\n<p style=\"text-align: center;\">ou envoyez-nous un courriel \u00e0 <a href=\"mailto:staff@mynextpay.ca\">staff@mynextpay.ca<\/a><\/p>\r\n<p style=\"text-align: center;\">Ce sera un plaisir de vous aider. Vous pouvez \u00e9galement consulter notre page FAQ pour plus d\u2019informations.<\/p>\r\n<p style=\"text-align: center;\">Rappelez-vous de toujours \u00eatre financi\u00e8rement responsable et d\u2019utiliser les avances de tr\u00e9sorerie pour  \u00e9conomiser de l\u2019argent en \u00e9vitant les frais de retard ou des frais de d\u00e9couvert.<\/p>[\/et_pb_text][\/et_pb_column][\/et_pb_row][et_pb_row _builder_version=\u00a0\u00bb4.7.7&Prime; _module_preset=\u00a0\u00bbdefault\u00a0\u00bb][et_pb_column _builder_version=\u00a0\u00bb4.7.7&Prime; _module_preset=\u00a0\u00bbdefault\u00a0\u00bb type=\u00a0\u00bb4_4&Prime;][et_pb_text _builder_version=\u00a0\u00bb4.7.7&Prime; _module_preset=\u00a0\u00bbdefault\u00a0\u00bb hover_enabled=\u00a0\u00bb0&Prime; sticky_enabled=\u00a0\u00bb0&Prime;][yasr_visitor_votes][\/et_pb_text][\/et_pb_column][\/et_pb_row][\/et_pb_section]\n","protected":false},"excerpt":{"rendered":"<p>Consolidation de dette en ligne au CanadaVous avez des difficult\u00e9s \u00e0 rembourser des paiements provenant de dettes diff\u00e9rentes et des factures de cartes de cr\u00e9dit ? Nous pouvons vous proposer un pr\u00eat de consolidation de dettes afin de vous en sortir !Pourquoi nous choisir? Une demande en ligne simple et efficace depuis chez vous ! [&hellip;]<\/p>\n","protected":false},"author":15,"featured_media":0,"parent":0,"menu_order":0,"comment_status":"closed","ping_status":"closed","template":"","meta":{"_et_pb_use_builder":"on","_et_pb_old_content":"","_et_gb_content_width":"","footnotes":""},"class_list":["post-49780","page","type-page","status-publish","hentry"],"_links":{"self":[{"href":"https:\/\/mynextpay.ca\/fr\/wp-json\/wp\/v2\/pages\/49780","targetHints":{"allow":["GET"]}}],"collection":[{"href":"https:\/\/mynextpay.ca\/fr\/wp-json\/wp\/v2\/pages"}],"about":[{"href":"https:\/\/mynextpay.ca\/fr\/wp-json\/wp\/v2\/types\/page"}],"author":[{"embeddable":true,"href":"https:\/\/mynextpay.ca\/fr\/wp-json\/wp\/v2\/users\/15"}],"replies":[{"embeddable":true,"href":"https:\/\/mynextpay.ca\/fr\/wp-json\/wp\/v2\/comments?post=49780"}],"version-history":[{"count":0,"href":"https:\/\/mynextpay.ca\/fr\/wp-json\/wp\/v2\/pages\/49780\/revisions"}],"wp:attachment":[{"href":"https:\/\/mynextpay.ca\/fr\/wp-json\/wp\/v2\/media?parent=49780"}],"curies":[{"name":"wp","href":"https:\/\/api.w.org\/{rel}","templated":true}]}}