{"id":49771,"date":"2021-01-05T15:08:17","date_gmt":"2021-01-05T15:08:17","guid":{"rendered":"http:\/\/dev21.mynextpay.ca\/avance-de-fonds\/"},"modified":"2021-05-14T11:09:11","modified_gmt":"2021-05-14T11:09:11","slug":"avance-de-fonds","status":"publish","type":"page","link":"https:\/\/mynextpay.ca\/fr\/avance-de-fonds\/","title":{"rendered":"Demande d\u2019avance de fonds en ligne"},"content":{"rendered":"<p>[et_pb_section fb_built=\u00a0\u00bb1&Prime; _builder_version=\u00a0\u00bb4.9.2&Prime; _module_preset=\u00a0\u00bbdefault\u00a0\u00bb background_image=\u00a0\u00bbhttps:\/\/mynextpay.ca\/wp-content\/uploads\/2021\/05\/demande-d-avance-de-fonds.jpg\u00a0\u00bb custom_padding=\u00a0\u00bb150px||150px||true|false\u00a0\u00bb hover_enabled=\u00a0\u00bb0&Prime; alt=\u00a0\u00bbdemande d&rsquo;avance de fonds\u00a0\u00bb title_text=\u00a0\u00bbdemande-d-avance-de-fonds\u00a0\u00bb sticky_enabled=\u00a0\u00bb0&Prime;][\/et_pb_section][et_pb_section fb_built=\u00a0\u00bb1&Prime; _builder_version=\u00a0\u00bb4.7.7&Prime; _module_preset=\u00a0\u00bbdefault\u00a0\u00bb use_background_color_gradient=\u00a0\u00bbon\u00a0\u00bb background_color_gradient_start=\u00a0\u00bbrgba(2,161,33,0.71)\u00a0\u00bb background_color_gradient_end=\u00a0\u00bbrgba(2,161,33,0.91)\u00a0\u00bb background_color_gradient_direction=\u00a0\u00bb268deg\u00a0\u00bb background_color_gradient_end_position=\u00a0\u00bb60%\u00a0\u00bb background_color_gradient_overlays_image=\u00a0\u00bbon\u00a0\u00bb background_image=\u00a0\u00bbhttps:\/\/mynextpay.ca\/wp-content\/uploads\/2020\/12\/3d-dollars.jpg\u00a0\u00bb][et_pb_row column_structure=\u00a0\u00bb3_5,2_5&Prime; _builder_version=\u00a0\u00bb4.7.7&Prime; _module_preset=\u00a0\u00bbdefault\u00a0\u00bb][et_pb_column type=\u00a0\u00bb3_5&Prime; _builder_version=\u00a0\u00bb4.7.7&Prime; _module_preset=\u00a0\u00bbdefault\u00a0\u00bb][et_pb_text _builder_version=\u00a0\u00bb4.9.2&Prime; _module_preset=\u00a0\u00bbdefault\u00a0\u00bb header_3_font=\u00a0\u00bbPoppins||||||||\u00a0\u00bb header_3_text_color=\u00a0\u00bb#ffffff\u00a0\u00bb header_3_font_size=\u00a0\u00bb32px\u00a0\u00bb hover_enabled=\u00a0\u00bb0&Prime; sticky_enabled=\u00a0\u00bb0&Prime; header_text_color=\u00a0\u00bb#FFFFFF\u00a0\u00bb header_font=\u00a0\u00bbPoppins||||||||\u00a0\u00bb]<\/p>\n<h1>Demande d&rsquo;avance de fonds en ligne<\/h1>\n<p>[\/et_pb_text][et_pb_text _builder_version=\u00a0\u00bb4.9.2&Prime; _module_preset=\u00a0\u00bbdefault\u00a0\u00bb text_font=\u00a0\u00bbPoppins|300|||||||\u00a0\u00bb text_text_color=\u00a0\u00bb#ffffff\u00a0\u00bb text_font_size=\u00a0\u00bb23px\u00a0\u00bb text_line_height=\u00a0\u00bb1.2em\u00a0\u00bb hover_enabled=\u00a0\u00bb0&Prime; sticky_enabled=\u00a0\u00bb0&Prime;]<\/p>\n<p>Besoin d\u2019argent imm\u00e9diatement ? Faites votre demande d\u2019avance de fonds en ligne ! Obtenir un pr\u00eat via une banque est parfois tr\u00e8s compliqu\u00e9. Par cons\u00e9quent, il est souvent plus facile de faire directement une demande de pr\u00eat personnel avec My Next Pay.\u00a0<\/p>\n<p>Quand vous contractez un pr\u00eat via une banque, les fonds arrivent le plus souvent deux semaines apr\u00e8s l\u2019acceptation de votre demande. Avec une <a href=\"https:\/\/mynextpay.ca\/fr\/demande-en-ligne\/\">demande d\u2019avance de fonds en ligne<\/a>, l\u2019argent peut-\u00eatre mis \u00e0 votre disposition le jour m\u00eame.<\/p>\n<p>[\/et_pb_text][\/et_pb_column][et_pb_column type=\u00a0\u00bb2_5&Prime; _builder_version=\u00a0\u00bb4.7.7&Prime; _module_preset=\u00a0\u00bbdefault\u00a0\u00bb][et_pb_text _builder_version=\u00a0\u00bb4.9.2&Prime; _module_preset=\u00a0\u00bbdefault\u00a0\u00bb header_3_text_color=\u00a0\u00bb#ffffff\u00a0\u00bb background_color=\u00a0\u00bbrgba(255,255,255,0.22)\u00a0\u00bb custom_padding=\u00a0\u00bb20px|20px|20px|20px|true|true\u00a0\u00bb]<\/p>\n<h3><strong>Pourquoi choisir Mynextpay pour une avance de fonds ?<\/strong><\/h3>\n<h3>1. Recevez jusqu\u2019\u00e0 3000$ de pr\u00eats !<\/h3>\n<h3>2. Rapidit\u00e9 du service<\/h3>\n<h3>3. S\u00e9curit\u00e9 et confidentialit\u00e9 assur\u00e9es<\/h3>\n<p>[\/et_pb_text][et_pb_button button_url=\u00a0\u00bbhttps:\/\/mynextpay.ca\/fr\/demande-en-ligne\u00a0\u00bb button_text=\u00a0\u00bbPostuler Maintenant\u00a0\u00bb _builder_version=\u00a0\u00bb4.7.7&Prime; _module_preset=\u00a0\u00bbdefault\u00a0\u00bb custom_button=\u00a0\u00bbon\u00a0\u00bb button_text_color=\u00a0\u00bb#ffffff\u00a0\u00bb button_bg_color=\u00a0\u00bb#000000&Prime; button_border_width=\u00a0\u00bb0px\u00a0\u00bb][\/et_pb_button][\/et_pb_column][\/et_pb_row][\/et_pb_section][et_pb_section fb_built=\u00a0\u00bb1&Prime; _builder_version=\u00a0\u00bb4.7.7&Prime; _module_preset=\u00a0\u00bbdefault\u00a0\u00bb][et_pb_row _builder_version=\u00a0\u00bb4.7.7&Prime; _module_preset=\u00a0\u00bbdefault\u00a0\u00bb][et_pb_column type=\u00a0\u00bb4_4&Prime; _builder_version=\u00a0\u00bb4.7.7&Prime; _module_preset=\u00a0\u00bbdefault\u00a0\u00bb][et_pb_text _builder_version=\u00a0\u00bb4.9.2&Prime; _module_preset=\u00a0\u00bbdefault\u00a0\u00bb hover_enabled=\u00a0\u00bb0&Prime; sticky_enabled=\u00a0\u00bb0&Prime;]<\/p>\n<h2><strong>QU\u2019EST-CE QU\u2019UNE AVANCE DE FONDS ?<\/strong><\/h2>\n<p>C\u2019est <a href=\"https:\/\/mynextpay.ca\/fr\/5-raisons-de-demander-un-pret-dargent-rapide-aupres-dun-preteur-prive\/\">un pr\u00eat d\u2019argent rapide<\/a> qui sert \u00e0 payer des d\u00e9penses inattendues, des urgences, des ch\u00e8ques sans provision ou encore des p\u00e9nalit\u00e9s de retard. Ils sont tr\u00e8s utiles quand on est face \u00e0 une situation financi\u00e8re impromptue et imm\u00e9diate. Ils ne doivent par contre pas \u00eatre utilis\u00e9s en vue d\u2019une solution \u00e0 long terme.\u00a0<\/p>\n<p>[\/et_pb_text][et_pb_text _builder_version=\u00a0\u00bb4.9.2&Prime; _module_preset=\u00a0\u00bbdefault\u00a0\u00bb hover_enabled=\u00a0\u00bb0&Prime; sticky_enabled=\u00a0\u00bb0&Prime;]<\/p>\n<h2><strong>POURQUOI FAIRE UNE DEMANDE D\u2019AVANCE DE FONDS ?\u00a0<\/strong><\/h2>\n<p>Une avance de fonds comporte plusieurs avantages, dont la rapidit\u00e9 et l\u2019efficacit\u00e9 du service.<\/p>\n<p>[\/et_pb_text][\/et_pb_column][\/et_pb_row][et_pb_row column_structure=\u00a0\u00bb1_2,1_4,1_4&Prime; _builder_version=\u00a0\u00bb4.7.7&Prime; _module_preset=\u00a0\u00bbdefault\u00a0\u00bb][et_pb_column type=\u00a0\u00bb1_2&Prime; _builder_version=\u00a0\u00bb4.7.7&Prime; _module_preset=\u00a0\u00bbdefault\u00a0\u00bb][et_pb_text _builder_version=\u00a0\u00bb4.9.2&Prime; _module_preset=\u00a0\u00bbdefault\u00a0\u00bb hover_enabled=\u00a0\u00bb0&Prime; sticky_enabled=\u00a0\u00bb0&Prime;]<H3><strong>Rapidit\u00e9 du service <\/strong> <\/h3>\n<p>Avez-vous d\u00e9j\u00e0 eu besoin d\u2019argent pour une d\u00e9pense urgente, comme une vitre d\u2019auto cass\u00e9e ou un solde de carte de cr\u00e9dit \u00e0 payer ? Nous connaissons cette situation.<br \/>\nLorsque vous faites une demande de pr\u00eat bancaire pour un besoin urgent, l\u2019argent doit arriver rapidement. Or, les institutions financi\u00e8res pr\u00eatent de l\u2019argent seulement apr\u00e8s 2 semaines. Si vous faites appel \u00e0 nous, le traitement de votre dossier sera rapide. Vous recevrez votre argent dans un d\u00e9lai de 24 heures.<br \/>\n[\/et_pb_text][\/et_pb_column][et_pb_column type=\u00a0\u00bb1_4&Prime; _builder_version=\u00a0\u00bb4.7.7&Prime; _module_preset=\u00a0\u00bbdefault\u00a0\u00bb][et_pb_text _builder_version=\u00a0\u00bb4.9.2&Prime; _module_preset=\u00a0\u00bbdefault\u00a0\u00bb hover_enabled=\u00a0\u00bb0&Prime; sticky_enabled=\u00a0\u00bb0&Prime;]<\/p>\n<h3><strong>Un pr\u00eat sans enqu\u00eate de cr\u00e9dit\u00a0\u00a0<\/strong><\/h3>\n<p>Les avances de fonds sont des pr\u00eats sans v\u00e9rification de cr\u00e9dit. Nous prenons en consid\u00e9ration d&rsquo;autres crit\u00e8res que la<a href=\"https:\/\/www.transunion.ca\/fr\/pointage-de-credit\" target=\"_blank\" rel=\"noopener\"> cote de cr\u00e9dit<\/a> pour octroyer un pr\u00eat. Votre mauvais cr\u00e9dit n\u2019aura donc aucun impact sur vos chances d\u2019acc\u00e9der \u00e0 de l\u2019argent rapidement. <\/p>\n<p>[\/et_pb_text][\/et_pb_column][et_pb_column type=\u00a0\u00bb1_4&Prime; _builder_version=\u00a0\u00bb4.7.7&Prime; _module_preset=\u00a0\u00bbdefault\u00a0\u00bb][et_pb_text _builder_version=\u00a0\u00bb4.9.2&Prime; _module_preset=\u00a0\u00bbdefault\u00a0\u00bb hover_enabled=\u00a0\u00bb0&Prime; sticky_enabled=\u00a0\u00bb0&Prime;]<\/p>\n<h3><strong>Une offre adapt\u00e9e \u00e0 vos besoins<\/strong>\u00a0<\/h3>\n<p>Nous offrons des pr\u00eats dont le montant varie entre 300 et 3000 $. Nous pouvons donc nous ajuster plus facilement en fonction de vos besoins. Tout cela est possible, car nous disposons de limites de cr\u00e9dit \u00e9lev\u00e9es, et ce, d\u00e8s votre premier pr\u00eat.<\/p>\n<p>[\/et_pb_text][\/et_pb_column][\/et_pb_row][et_pb_row _builder_version=\u00a0\u00bb4.9.2&Prime; _module_preset=\u00a0\u00bbdefault\u00a0\u00bb column_structure=\u00a0\u00bb1_3,2_3&Prime; hover_enabled=\u00a0\u00bb0&Prime; sticky_enabled=\u00a0\u00bb0&Prime;][et_pb_column _builder_version=\u00a0\u00bb4.9.2&Prime; _module_preset=\u00a0\u00bbdefault\u00a0\u00bb type=\u00a0\u00bb1_3&Prime;][et_pb_text _builder_version=\u00a0\u00bb4.9.2&Prime; _module_preset=\u00a0\u00bbdefault\u00a0\u00bb hover_enabled=\u00a0\u00bb0&Prime; sticky_enabled=\u00a0\u00bb0&Prime;]<\/p>\n<h2><strong>QUELS SONT LES CRIT\u00c8RES D\u2019ADMISSIBILIT\u00c9 POUR UNE DEMANDE D\u2019AVANCE DE FONDS ?<\/strong>\u00a0<\/h2>\n<p>Pour obtenir une demande d\u2019avance de fonds, vous devez respecter certains crit\u00e8res :\u00a0\u00a0<\/p>\n<ul>\n<li>Travailler \u00e0 temps plein depuis au minimum 6 mois<\/li>\n<li>Habiter au m\u00eame endroit (m\u00eame adresse) depuis minimum 6 mois<\/li>\n<li>Ne pas avoir de saisie sur salaire ou ne pas \u00eatre en faillite<\/li>\n<li>Recevoir son salaire par d\u00e9p\u00f4t direct ou par ch\u00e8que<\/li>\n<li>Pouvoir nous fournir un compte-ch\u00e8ques valide depuis minimum 3 mois<\/li>\n<\/ul>\n<p>[\/et_pb_text][\/et_pb_column][et_pb_column _builder_version=\u00a0\u00bb4.9.2&Prime; _module_preset=\u00a0\u00bbdefault\u00a0\u00bb type=\u00a0\u00bb2_3&Prime;][et_pb_text _builder_version=\u00a0\u00bb4.9.2&Prime; _module_preset=\u00a0\u00bbdefault\u00a0\u00bb hover_enabled=\u00a0\u00bb0&Prime; sticky_enabled=\u00a0\u00bb0&Prime;]<\/p>\n<h2><strong>POURQUOI NOUS CHOISIR POUR VOTRE DEMANDE D\u2019AVANCE DE FONDS ?<\/strong>\u00a0<\/h2>\n<p>Offrir des avances de fonds le plus rapidement possible partout au Canada est notre mission. Vous n\u2019aurez pas de frais de d\u00e9part \u00e0 d\u00e9bourser. En aucun cas, une v\u00e9rification de cr\u00e9dit ne sera effectu\u00e9e. Vous aurez \u00e9galement une<strong> r\u00e9ponse rapide<\/strong> d\u2019un de nos courtiers d\u2019exp\u00e9rience. Notre devise : moins d\u2019attentes et plus d\u2019efficacit\u00e9s !\u00a0<\/p>\n<p>Nous avons \u00e9galement b\u00e2ti notre r\u00e9seau de pr\u00eateurs priv\u00e9s au fil des ann\u00e9es. Ces derniers souhaitent vous aider, et ce, peu importe votre situation financi\u00e8re.\u00a0<\/p>\n<p>\u00a0<\/p>\n<p>Le processus pour faire une demande d\u2019avance de fonds doit \u00eatre simple et efficace. Nous nous engageons donc \u00e0 vous fournir un niveau de qualit\u00e9 de service r\u00e9pondant \u00e0 ses attentes, afin que ce ne soit pas long et compliqu\u00e9 pour vous.\u00a0<\/p>\n<p>\u00a0<\/p>\n<p>En effet, d\u00e8s que nous approuvons votre demande d\u2019avance de fonds, le virement s&rsquo;effectue le plus rapidement possible. Notez toutefois lorsque vous avez recours \u00e0 une avance d\u2019argent comme chez My Next Pay, il est important d\u2019\u00eatre financi\u00e8rement responsable. Vous \u00e9conomiserez de l\u2019argent si vous \u00e9vitez d\u2019\u00eatre en retard, car vous ne serez pas p\u00e9nalis\u00e9 par des p\u00e9nalit\u00e9s de retard ou des frais de d\u00e9couverts.\u00a0<\/p>\n<p>[\/et_pb_text][\/et_pb_column][\/et_pb_row][et_pb_row _builder_version=\u00a0\u00bb4.9.2&Prime; _module_preset=\u00a0\u00bbdefault\u00a0\u00bb][et_pb_column _builder_version=\u00a0\u00bb4.9.2&Prime; _module_preset=\u00a0\u00bbdefault\u00a0\u00bb type=\u00a0\u00bb4_4&Prime;][et_pb_text _builder_version=\u00a0\u00bb4.9.2&Prime; _module_preset=\u00a0\u00bbdefault\u00a0\u00bb hover_enabled=\u00a0\u00bb0&Prime; sticky_enabled=\u00a0\u00bb0&Prime;]<\/p>\n<h2><strong>OBTENEZ UNE AVANCE DE FONDS AVEC MY NEXT PAY\u00a0\u00a0<\/strong><\/h2>\n<p><strong>Avec plus de 12 ann\u00e9es d\u2019exp\u00e9rience<\/strong>, My Next Pay fournit des solutions financi\u00e8res rapides \u00e0 ses clients de la r\u00e9gion de Canada. Que ce soit une avance de fonds, un pr\u00eat sur salaire, un pr\u00eat \u00e0 court terme, notre \u00e9quipe mettra tout en \u0153uvre pour vous donner acc\u00e8s \u00e0 de l\u2019argent rapidement.<\/p>\n<p>Nous faisons affaire seulement avec des compagnies financi\u00e8res poss\u00e9dant un permis de l\u2019Office de protection du consommateur. Contactez un de nos agents sur notre site web d\u00e8s maintenant !<\/p>\n<p>[\/et_pb_text][\/et_pb_column][\/et_pb_row][\/et_pb_section][et_pb_section fb_built=\u00a0\u00bb1&Prime; _builder_version=\u00a0\u00bb4.7.7&Prime; _module_preset=\u00a0\u00bbdefault\u00a0\u00bb background_color=\u00a0\u00bb#f7f7f7&Prime;][et_pb_row _builder_version=\u00a0\u00bb4.7.7&Prime; _module_preset=\u00a0\u00bbdefault\u00a0\u00bb][et_pb_column type=\u00a0\u00bb4_4&Prime; _builder_version=\u00a0\u00bb4.7.7&Prime; _module_preset=\u00a0\u00bbdefault\u00a0\u00bb][et_pb_text _builder_version=\u00a0\u00bb4.7.7&Prime; _module_preset=\u00a0\u00bbdefault\u00a0\u00bb][yasr_visitor_votes][\/et_pb_text][\/et_pb_column][\/et_pb_row][\/et_pb_section]<\/p>\n","protected":false},"excerpt":{"rendered":"<p>Demande d&rsquo;avance de fonds en ligneBesoin d\u2019argent imm\u00e9diatement ? Faites votre demande d\u2019avance de fonds en ligne ! Obtenir un pr\u00eat via une banque est parfois tr\u00e8s compliqu\u00e9. Par cons\u00e9quent, il est souvent plus facile de faire directement une demande de pr\u00eat personnel avec My Next Pay.\u00a0 Quand vous contractez un pr\u00eat via une banque, [&hellip;]<\/p>\n","protected":false},"author":15,"featured_media":0,"parent":0,"menu_order":0,"comment_status":"closed","ping_status":"closed","template":"","meta":{"_et_pb_use_builder":"on","_et_pb_old_content":"","_et_gb_content_width":"","footnotes":""},"class_list":["post-49771","page","type-page","status-publish","hentry"],"_links":{"self":[{"href":"https:\/\/mynextpay.ca\/fr\/wp-json\/wp\/v2\/pages\/49771","targetHints":{"allow":["GET"]}}],"collection":[{"href":"https:\/\/mynextpay.ca\/fr\/wp-json\/wp\/v2\/pages"}],"about":[{"href":"https:\/\/mynextpay.ca\/fr\/wp-json\/wp\/v2\/types\/page"}],"author":[{"embeddable":true,"href":"https:\/\/mynextpay.ca\/fr\/wp-json\/wp\/v2\/users\/15"}],"replies":[{"embeddable":true,"href":"https:\/\/mynextpay.ca\/fr\/wp-json\/wp\/v2\/comments?post=49771"}],"version-history":[{"count":0,"href":"https:\/\/mynextpay.ca\/fr\/wp-json\/wp\/v2\/pages\/49771\/revisions"}],"wp:attachment":[{"href":"https:\/\/mynextpay.ca\/fr\/wp-json\/wp\/v2\/media?parent=49771"}],"curies":[{"name":"wp","href":"https:\/\/api.w.org\/{rel}","templated":true}]}}