{"id":49757,"date":"2021-01-05T14:37:38","date_gmt":"2021-01-05T14:37:38","guid":{"rendered":"http:\/\/dev21.mynextpay.ca\/pret-mauvais-credit\/"},"modified":"2021-05-14T12:26:08","modified_gmt":"2021-05-14T12:26:08","slug":"pret-mauvais-credit","status":"publish","type":"page","link":"https:\/\/mynextpay.ca\/fr\/pret-mauvais-credit\/","title":{"rendered":"Pr\u00eat personnel mauvais cr\u00e9dit"},"content":{"rendered":"<p>[et_pb_section fb_built=\u00a0\u00bb1&Prime; _builder_version=\u00a0\u00bb4.9.2&Prime; _module_preset=\u00a0\u00bbdefault\u00a0\u00bb background_image=\u00a0\u00bbhttps:\/\/mynextpay.ca\/wp-content\/uploads\/2021\/05\/pret-personnel-mauvais-credit.jpg\u00a0\u00bb custom_padding=\u00a0\u00bb180px||180px||true|false\u00a0\u00bb hover_enabled=\u00a0\u00bb0&Prime; alt=\u00a0\u00bbpr\u00eat personnel mauvais cr\u00e9dit\u00a0\u00bb title_text=\u00a0\u00bbpret-personnel-mauvais-credit\u00a0\u00bb sticky_enabled=\u00a0\u00bb0&Prime;][\/et_pb_section][et_pb_section fb_built=\u00a0\u00bb1&Prime; _builder_version=\u00a0\u00bb4.7.7&Prime; _module_preset=\u00a0\u00bbdefault\u00a0\u00bb use_background_color_gradient=\u00a0\u00bbon\u00a0\u00bb background_color_gradient_start=\u00a0\u00bbrgba(2,161,33,0.71)\u00a0\u00bb background_color_gradient_end=\u00a0\u00bbrgba(2,161,33,0.91)\u00a0\u00bb background_color_gradient_direction=\u00a0\u00bb268deg\u00a0\u00bb background_color_gradient_end_position=\u00a0\u00bb60%\u00a0\u00bb background_color_gradient_overlays_image=\u00a0\u00bbon\u00a0\u00bb background_enable_image=\u00a0\u00bboff\u00a0\u00bb][et_pb_row _builder_version=\u00a0\u00bb4.7.7&Prime; _module_preset=\u00a0\u00bbdefault\u00a0\u00bb][et_pb_column type=\u00a0\u00bb4_4&Prime; _builder_version=\u00a0\u00bb4.7.7&Prime; _module_preset=\u00a0\u00bbdefault\u00a0\u00bb][et_pb_text _builder_version=\u00a0\u00bb4.9.2&Prime; _module_preset=\u00a0\u00bbdefault\u00a0\u00bb text_text_color=\u00a0\u00bb#ffffff\u00a0\u00bb header_font=\u00a0\u00bbPoppins||||||||\u00a0\u00bb header_text_color=\u00a0\u00bb#ffffff\u00a0\u00bb header_2_font=\u00a0\u00bb|700|||||||\u00a0\u00bb header_2_text_color=\u00a0\u00bb#ffffff\u00a0\u00bb header_2_font_size=\u00a0\u00bb30px\u00a0\u00bb header_3_font=\u00a0\u00bbPoppins||||||||\u00a0\u00bb header_3_text_color=\u00a0\u00bb#ffffff\u00a0\u00bb header_3_font_size=\u00a0\u00bb32px\u00a0\u00bb hover_enabled=\u00a0\u00bb0&Prime; sticky_enabled=\u00a0\u00bb0&Prime;]<\/p>\n<h1>Pr\u00eat personnel pour mauvais cr\u00e9dit <\/h1>\n<p>[\/et_pb_text][et_pb_text _builder_version=\u00a0\u00bb4.9.2&Prime; _module_preset=\u00a0\u00bbdefault\u00a0\u00bb text_font=\u00a0\u00bbPoppins|300|||||||\u00a0\u00bb text_text_color=\u00a0\u00bb#ffffff\u00a0\u00bb text_font_size=\u00a0\u00bb23px\u00a0\u00bb text_line_height=\u00a0\u00bb1.2em\u00a0\u00bb hover_enabled=\u00a0\u00bb0&Prime; sticky_enabled=\u00a0\u00bb0&Prime;]<\/p>\n<p>Vous avez besoin d\u2019argent le plus rapidement possible ? Poss\u00e9der une mauvaise cote de cr\u00e9dit va affecter votre capacit\u00e9 \u00e0 emprunter de l\u2019argent. En utilisant un pr\u00eat personnel pour mauvais cr\u00e9dit, votre cote de cr\u00e9dit pourra \u00eatre rehauss\u00e9e ! N\u2019attendez plus. Contactez My Next Pay d\u00e8s maintenant !<\/p>\n<p>[\/et_pb_text][et_pb_button button_url=\u00a0\u00bbhttps:\/\/mynextpay.ca\/fr\/demande-en-ligne\u00a0\u00bb button_text=\u00a0\u00bbPostuler Maintenant\u00a0\u00bb _builder_version=\u00a0\u00bb4.7.7&Prime; _module_preset=\u00a0\u00bbdefault\u00a0\u00bb custom_button=\u00a0\u00bbon\u00a0\u00bb button_text_color=\u00a0\u00bb#ffffff\u00a0\u00bb button_bg_color=\u00a0\u00bb#000000&Prime; button_border_width=\u00a0\u00bb0px\u00a0\u00bb][\/et_pb_button][\/et_pb_column][\/et_pb_row][\/et_pb_section][et_pb_section fb_built=\u00a0\u00bb1&Prime; _builder_version=\u00a0\u00bb4.7.7&Prime; _module_preset=\u00a0\u00bbdefault\u00a0\u00bb][et_pb_row column_structure=\u00a0\u00bb2_5,3_5&Prime; _builder_version=\u00a0\u00bb4.7.7&Prime; _module_preset=\u00a0\u00bbdefault\u00a0\u00bb][et_pb_column _builder_version=\u00a0\u00bb4.9.2&Prime; _module_preset=\u00a0\u00bbdefault\u00a0\u00bb type=\u00a0\u00bb2_5&Prime;][et_pb_text _builder_version=\u00a0\u00bb4.9.2&Prime; _module_preset=\u00a0\u00bbdefault\u00a0\u00bb hover_enabled=\u00a0\u00bb0&Prime; sticky_enabled=\u00a0\u00bb0&Prime;]<\/p>\n<h2>QU\u2019EST-CE QU\u2019UNE COTE DE CR\u00c9DIT ?\u00a0<\/h2>\n<p>Une<a href=\"https:\/\/www.transunion.ca\/fr\/pointage-de-credit\" target=\"_blank\" rel=\"noopener\"> cote de cr\u00e9dit<\/a>, aussi appel\u00e9e \u00ab pointage FICO \u00bb, est un chiffre situ\u00e9 entre 300 et 900 qui est calcul\u00e9 par des bureaux de cr\u00e9dit. Elle correspond \u00e0 une note sur laquelle les pr\u00eateurs vont se baser pour pouvoir mesurer les \u00e9ventuels risques lorsqu\u2019ils pr\u00eatent de l\u2019argent \u00e0 une personne. Une cote de cr\u00e9dit est consid\u00e9r\u00e9e comme bonne lorsqu\u2019elle est sup\u00e9rieure \u00e0 660. Elle est excellente si elle est sup\u00e9rieure \u00e0 760.\u00a0\u00a0\u00a0<\/p>\n<p>\u00c0 l\u2019inverse, si votre cote de cr\u00e9dit se rapproche de 300, vous aurez moins de chances d\u2019emprunter de l\u2019argent. La seule solution qui s\u2019offre \u00e0 vous est de demander un pr\u00eat personnel pour mauvais cr\u00e9dit.\u00a0<\/p>\n<p>[\/et_pb_text][\/et_pb_column][et_pb_column type=\u00a0\u00bb3_5&Prime; _builder_version=\u00a0\u00bb4.7.7&Prime; _module_preset=\u00a0\u00bbdefault\u00a0\u00bb][et_pb_text _builder_version=\u00a0\u00bb4.9.2&Prime; _module_preset=\u00a0\u00bbdefault\u00a0\u00bb hover_enabled=\u00a0\u00bb0&Prime; sticky_enabled=\u00a0\u00bb0&Prime;]<\/p>\n<h2>QU\u2019EST-CE QU\u2019UN PR\u00caT PERSONNEL POUR MAUVAIS CR\u00c9DIT ?<\/h2>\n<p>Lorsque vous devez faire face \u00e0 un <strong>besoin urgent d\u2019argent<\/strong>, mais que vous avez une mauvaise cote de cr\u00e9dit, les institutions financi\u00e8res comme les banques peuvent ne pas vous accorder le pr\u00eat demand\u00e9.\u00a0<\/p>\n<p>Ils refusent le pr\u00eat, car en se basant sur votre cote de cr\u00e9dit basse, ils jugeront que vous \u00eates un emprunteur \u00e0 haut risque. Et dans l\u2019\u00e9ventualit\u00e9 qu\u2019ils vous accordent un pr\u00eat, celui-ci aura des frais bien plus \u00e9lev\u00e9s que si votre cote de cr\u00e9dit \u00e9tait \u00e9lev\u00e9e.\u00a0<\/p>\n<p>Un pr\u00eat personnel pour mauvais cr\u00e9dit est <a href=\"https:\/\/mynextpay.ca\/fr\/prets-sans-enquete-de-credit\/\">un pr\u00eat sans enqu\u00eate de cr\u00e9dit<\/a>. Il peut \u00eatre accord\u00e9 sans qu\u2019il n\u2019y ait de v\u00e9rification de cr\u00e9dit qui soit faite au pr\u00e9alable. Nos pr\u00eateurs priv\u00e9s se basent sur d\u2019autres crit\u00e8res que votre dossier de cr\u00e9dit avant de prendre la d\u00e9cision de vous autoriser un pr\u00eat. Votre mauvaise cote de cr\u00e9dit n\u2019aura donc aucun impact sur vos chances d&rsquo;obtenir de l\u2019argent rapidement.\u00a0\u00a0\u00a0\u00a0\u00a0<\/p>\n<p>\u00c9tant donn\u00e9 qu\u2019il n\u2019y a <strong>pas de v\u00e9rification de cr\u00e9dit<\/strong>, il y a \u00e9galement peu de documents \u00e0 remettre. L\u2019obtention du pr\u00eat se fait donc plus rapidement.<\/p>\n<p>[\/et_pb_text][\/et_pb_column][\/et_pb_row][et_pb_row column_structure=\u00a0\u00bb2_5,3_5&Prime; _builder_version=\u00a0\u00bb4.7.7&Prime; _module_preset=\u00a0\u00bbdefault\u00a0\u00bb][et_pb_column _builder_version=\u00a0\u00bb4.9.2&Prime; _module_preset=\u00a0\u00bbdefault\u00a0\u00bb type=\u00a0\u00bb2_5&Prime;][et_pb_text _builder_version=\u00a0\u00bb4.9.2&Prime; _module_preset=\u00a0\u00bbdefault\u00a0\u00bb hover_enabled=\u00a0\u00bb0&Prime; sticky_enabled=\u00a0\u00bb0&Prime;]<\/p>\n<h2>\u00c0 QUOI SERT UN PR\u00caT PERSONNEL POUR MAUVAIS CR\u00c9DIT ?\u00a0\u00a0<\/h2>\n<p>Il doit \u00eatre utilis\u00e9 exclusivement pour r\u00e9pondre \u00e0 un besoin financier sur le court terme ou faire face \u00e0 des d\u00e9penses inattendues ou urgentes, comme le solde d\u2019une carte de cr\u00e9dit. Il ne repr\u00e9sente en aucun cas une solution \u00e0 long terme \u00e0 cause de son taux d\u2019int\u00e9r\u00eat \u00e9lev\u00e9.\u00a0 <\/p>\n<p>[\/et_pb_text][\/et_pb_column][et_pb_column type=\u00a0\u00bb3_5&Prime; _builder_version=\u00a0\u00bb4.7.7&Prime; _module_preset=\u00a0\u00bbdefault\u00a0\u00bb][et_pb_text _builder_version=\u00a0\u00bb4.9.2&Prime; _module_preset=\u00a0\u00bbdefault\u00a0\u00bb hover_enabled=\u00a0\u00bb0&Prime; sticky_enabled=\u00a0\u00bb0&Prime;]<\/p>\n<h2>COMMENT FAIRE SA DEMANDE ?\u00a0<\/h2>\n<p>Pour compl\u00e9ter sa demande, il suffit de prendre quelques minutes pour remplir <a href=\"https:\/\/mynextpay.ca\/fr\/demande-en-ligne\/\">un formulaire en ligne<\/a>. D\u00e8s que nous avons re\u00e7u la soumission compl\u00e9t\u00e9e de votre demande en ligne, un de nos experts prendra contact avec vous dans les 90 minutes.<\/p>\n<p>Nos bureaux sont ouverts du lundi au vendredi de 10 h \u00e0 18 h (EST). Vous pouvez donc nous contacter dans cette tranche horaire. Toutes les autres demandes effectu\u00e9es en dehors de cet horaire seront trait\u00e9es d\u00e8s le premier jour ouvrable suivant.<\/p>\n<p>[\/et_pb_text][\/et_pb_column][\/et_pb_row][et_pb_row _builder_version=\u00a0\u00bb4.9.2&Prime; _module_preset=\u00a0\u00bbdefault\u00a0\u00bb][et_pb_column _builder_version=\u00a0\u00bb4.9.2&Prime; _module_preset=\u00a0\u00bbdefault\u00a0\u00bb type=\u00a0\u00bb4_4&Prime;][et_pb_text _builder_version=\u00a0\u00bb4.9.2&Prime; _module_preset=\u00a0\u00bbdefault\u00a0\u00bb hover_enabled=\u00a0\u00bb0&Prime; sticky_enabled=\u00a0\u00bb0&Prime;]<\/p>\n<h2>OBTENEZ UN PR\u00caT PERSONNEL POUR MAUVAIS CR\u00c9DIT AVEC MY NEXT PAY\u00a0<\/h2>\n<p><strong>Depuis plus de 12 ans<\/strong>, My Next Pay vient en aide aux gens qui ont des probl\u00e8mes financiers. Nous leur donnons acc\u00e8s \u00e0 de l\u2019argent rapidement lorsqu\u2019ils en ont le plus besoin.\u00a0<\/p>\n<p>Que ce soit pour une avance de fonds, un pr\u00eat personnel pour mauvais cr\u00e9dit ou un pr\u00eat \u00e0 court terme, nous trouverons la solution qui correspond \u00e0 vos besoins. Nous sommes en mesure de vous aider, et ce, peu importe votre situation financi\u00e8re.\u00a0\u00a0\u00a0\u00a0\u00a0<\/p>\n<p>Si vous avez besoin d\u2019un pr\u00eat personnel pour mauvais cr\u00e9dit, <strong>contactez-nous d\u00e8s maintenant<\/strong>. Nous r\u00e9pondrons \u00e0 toutes vos questions avec grand plaisir.\u00a0\u00a0<\/p>\n<p>[\/et_pb_text][\/et_pb_column][\/et_pb_row][\/et_pb_section][et_pb_section fb_built=\u00a0\u00bb1&Prime; _builder_version=\u00a0\u00bb4.7.7&Prime; _module_preset=\u00a0\u00bbdefault\u00a0\u00bb background_color=\u00a0\u00bb#f7f7f7&Prime;][et_pb_row _builder_version=\u00a0\u00bb4.7.7&Prime; _module_preset=\u00a0\u00bbdefault\u00a0\u00bb][et_pb_column type=\u00a0\u00bb4_4&Prime; _builder_version=\u00a0\u00bb4.7.7&Prime; _module_preset=\u00a0\u00bbdefault\u00a0\u00bb][et_pb_text _builder_version=\u00a0\u00bb4.7.7&Prime; _module_preset=\u00a0\u00bbdefault\u00a0\u00bb text_font=\u00a0\u00bbPoppins||||||||\u00a0\u00bb text_text_color=\u00a0\u00bb#000000&Prime; text_font_size=\u00a0\u00bb25px\u00a0\u00bb header_4_font=\u00a0\u00bbPoppins||||||||\u00a0\u00bb header_4_font_size=\u00a0\u00bb33px\u00a0\u00bb]<\/p>\n<p style=\"text-align: center;\">FAQ\u2026<\/p>\n<p>[\/et_pb_text][\/et_pb_column][\/et_pb_row][et_pb_row column_structure=\u00a0\u00bb1_3,1_3,1_3&Prime; _builder_version=\u00a0\u00bb4.7.7&Prime; _module_preset=\u00a0\u00bbdefault\u00a0\u00bb][et_pb_column type=\u00a0\u00bb1_3&Prime; _builder_version=\u00a0\u00bb4.7.7&Prime; _module_preset=\u00a0\u00bbdefault\u00a0\u00bb][et_pb_text _builder_version=\u00a0\u00bb4.7.7&Prime; _module_preset=\u00a0\u00bbdefault\u00a0\u00bb]<\/p>\n<h3><span style=\"color: #008000;\">UN PR\u00caT \u00c0 COURT TERME, C\u2019EST QUOI ?<\/span><\/h3>\n<p>C\u2019est un type de pr\u00eat pour r\u00e9soudre une situation financi\u00e8re probl\u00e9matique sur le court terme.[\/et_pb_text][\/et_pb_column][et_pb_column type=\u00a0\u00bb1_3&Prime; _builder_version=\u00a0\u00bb4.7.7&Prime; _module_preset=\u00a0\u00bbdefault\u00a0\u00bb][et_pb_text _builder_version=\u00a0\u00bb4.7.7&Prime; _module_preset=\u00a0\u00bbdefault\u00a0\u00bb]<\/p>\n<h3><span style=\"color: #008000;\">POURQUOI PUIS-JE UTILISER MON PR\u00caT \u00c0 COURT TERME?<\/span><\/h3>\n<p>Il doit \u00eatre utilis\u00e9 exclusivement pour r\u00e9pondre \u00e0 un besoin financier sur le court terme comme une facture urgente ou faire face \u00e0 des d\u00e9penses inattendues. Il ne doit en aucun cas \u00eatre utilis\u00e9 pour des projets \u00e0 long terme comme pour payer le futur projet d\u2019am\u00e9nagement paysager de votre jardin.[\/et_pb_text][\/et_pb_column][et_pb_column type=\u00a0\u00bb1_3&Prime; _builder_version=\u00a0\u00bb4.7.7&Prime; _module_preset=\u00a0\u00bbdefault\u00a0\u00bb][et_pb_text _builder_version=\u00a0\u00bb4.7.7&Prime; _module_preset=\u00a0\u00bbdefault\u00a0\u00bb]<\/p>\n<h3><span style=\"color: #008000;\">QUAND SERAIS-JE CONTACT\u00c9 ?<\/span><\/h3>\n<p>D\u00e8s que nous avons re\u00e7u la soumission compl\u00e9t\u00e9e de votre demande en ligne, un de nos experts prendra contact avec vous dans les 90 minutes afin de traiter au mieux votre demande.<\/p>\n<p>Nos bureaux sont ouverts du lundi au vendredi de 10h \u00e0 18h (EST). Vous pouvez donc nous contacter dans cette tranche horaire, mais toutes les autres demandes effectu\u00e9es en dehors de cet horaire seront trait\u00e9es d\u00e8s le premier jour ouvr\u00e9 suivant.[\/et_pb_text][\/et_pb_column][\/et_pb_row][et_pb_row _builder_version=\u00a0\u00bb4.7.7&Prime; _module_preset=\u00a0\u00bbdefault\u00a0\u00bb][et_pb_column type=\u00a0\u00bb4_4&Prime; _builder_version=\u00a0\u00bb4.7.7&Prime; _module_preset=\u00a0\u00bbdefault\u00a0\u00bb][et_pb_text _builder_version=\u00a0\u00bb4.7.7&Prime; _module_preset=\u00a0\u00bbdefault\u00a0\u00bb][yasr_visitor_votes][\/et_pb_text][\/et_pb_column][\/et_pb_row][\/et_pb_section]<\/p>\n","protected":false},"excerpt":{"rendered":"<p>Pr\u00eat personnel pour mauvais cr\u00e9dit Vous avez besoin d\u2019argent le plus rapidement possible ? Poss\u00e9der une mauvaise cote de cr\u00e9dit va affecter votre capacit\u00e9 \u00e0 emprunter de l\u2019argent. En utilisant un pr\u00eat personnel pour mauvais cr\u00e9dit, votre cote de cr\u00e9dit pourra \u00eatre rehauss\u00e9e ! N\u2019attendez plus. Contactez My Next Pay d\u00e8s maintenant !QU\u2019EST-CE QU\u2019UNE COTE [&hellip;]<\/p>\n","protected":false},"author":15,"featured_media":51477,"parent":0,"menu_order":0,"comment_status":"closed","ping_status":"closed","template":"","meta":{"_et_pb_use_builder":"on","_et_pb_old_content":"","_et_gb_content_width":"","footnotes":""},"class_list":["post-49757","page","type-page","status-publish","has-post-thumbnail","hentry"],"_links":{"self":[{"href":"https:\/\/mynextpay.ca\/fr\/wp-json\/wp\/v2\/pages\/49757","targetHints":{"allow":["GET"]}}],"collection":[{"href":"https:\/\/mynextpay.ca\/fr\/wp-json\/wp\/v2\/pages"}],"about":[{"href":"https:\/\/mynextpay.ca\/fr\/wp-json\/wp\/v2\/types\/page"}],"author":[{"embeddable":true,"href":"https:\/\/mynextpay.ca\/fr\/wp-json\/wp\/v2\/users\/15"}],"replies":[{"embeddable":true,"href":"https:\/\/mynextpay.ca\/fr\/wp-json\/wp\/v2\/comments?post=49757"}],"version-history":[{"count":0,"href":"https:\/\/mynextpay.ca\/fr\/wp-json\/wp\/v2\/pages\/49757\/revisions"}],"wp:featuredmedia":[{"embeddable":true,"href":"https:\/\/mynextpay.ca\/fr\/wp-json\/wp\/v2\/media\/51477"}],"wp:attachment":[{"href":"https:\/\/mynextpay.ca\/fr\/wp-json\/wp\/v2\/media?parent=49757"}],"curies":[{"name":"wp","href":"https:\/\/api.w.org\/{rel}","templated":true}]}}