{"id":49744,"date":"2021-01-05T13:57:25","date_gmt":"2021-01-05T13:57:25","guid":{"rendered":"http:\/\/dev21.mynextpay.ca\/a-propos\/"},"modified":"2021-01-05T19:48:39","modified_gmt":"2021-01-05T19:48:39","slug":"a-propos","status":"publish","type":"page","link":"https:\/\/mynextpay.ca\/fr\/a-propos\/","title":{"rendered":"\u00c0 propos"},"content":{"rendered":"\n[et_pb_section fb_built=\u00a0\u00bb1&Prime; _builder_version=\u00a0\u00bb4.7.7&Prime; _module_preset=\u00a0\u00bbdefault\u00a0\u00bb title_text=\u00a0\u00bbcallcenter\u00a0\u00bb background_image=\u00a0\u00bbhttps:\/\/mynextpay.ca\/wp-content\/uploads\/2020\/12\/callcenter.jpg\u00a0\u00bb custom_padding=\u00a0\u00bb150px||150px||true|false\u00a0\u00bb hover_enabled=\u00a0\u00bb0&Prime; sticky_enabled=\u00a0\u00bb0&Prime;][et_pb_row _builder_version=\u00a0\u00bb4.7.7&Prime; _module_preset=\u00a0\u00bbdefault\u00a0\u00bb column_structure=\u00a0\u00bb1_2,1_2&Prime;][et_pb_column _builder_version=\u00a0\u00bb4.7.7&Prime; _module_preset=\u00a0\u00bbdefault\u00a0\u00bb type=\u00a0\u00bb1_2&Prime;][et_pb_text _builder_version=\u00a0\u00bb4.7.7&Prime; _module_preset=\u00a0\u00bbdefault\u00a0\u00bb header_font=\u00a0\u00bbPoppins||||||||\u00a0\u00bb header_font_size=\u00a0\u00bb40px\u00a0\u00bb header_text_shadow_style=\u00a0\u00bbpreset3&Prime; header_text_shadow_color=\u00a0\u00bb#ffffff\u00a0\u00bb header_text_color=\u00a0\u00bb#000000&Prime; hover_enabled=\u00a0\u00bb0&Prime; sticky_enabled=\u00a0\u00bb0&Prime;]<h1>\u00c0 propos Mynextpay<\/h1>\n[\/et_pb_text][\/et_pb_column][et_pb_column _builder_version=\u00a0\u00bb4.7.7&Prime; _module_preset=\u00a0\u00bbdefault\u00a0\u00bb type=\u00a0\u00bb1_2&Prime;][\/et_pb_column][\/et_pb_row][\/et_pb_section][et_pb_section fb_built=\u00a0\u00bb1&Prime; _builder_version=\u00a0\u00bb4.7.7&Prime; _module_preset=\u00a0\u00bbdefault\u00a0\u00bb][et_pb_row _builder_version=\u00a0\u00bb4.7.7&Prime; _module_preset=\u00a0\u00bbdefault\u00a0\u00bb column_structure=\u00a0\u00bb1_4,1_4,1_4,1_4&Prime; hover_enabled=\u00a0\u00bb0&Prime; sticky_enabled=\u00a0\u00bb0&Prime;][et_pb_column _builder_version=\u00a0\u00bb4.7.7&Prime; _module_preset=\u00a0\u00bbdefault\u00a0\u00bb type=\u00a0\u00bb1_4&Prime;][et_pb_text _builder_version=\u00a0\u00bb4.7.7&Prime; _module_preset=\u00a0\u00bbdefault\u00a0\u00bb hover_enabled=\u00a0\u00bb0&Prime; sticky_enabled=\u00a0\u00bb0&Prime;]<h2>QUI SOMMES-NOUS<\/h2>\r\n<p>Au d\u00e9but, nous \u00e9tions dans la m\u00eame situation que vous. Nous avons fait face aux m\u00eames difficult\u00e9s que vous faites face actuellement : nous avons eu du mal \u00e0 couvrir des d\u00e9penses impr\u00e9vues, des factures d\u2019urgence et des p\u00e9nalit\u00e9s de retard. Nous sommes conscients de ce que \u00e7a fait que de se faire refuser par toutes les institutions de cr\u00e9dit \u00e0 cause d\u2019une cote cr\u00e9dit trop faible. Nous avons donc commenc\u00e9 \u00e0 \u0153uvrer dans ce domaine il y a 12 ans avec un seul but en t\u00eate : aider ceux dans la m\u00eame situation \u00e0 obtenir une assistance financi\u00e8re \u00e0 tout moment et en tout lieu..<\/p>\n[\/et_pb_text][\/et_pb_column][et_pb_column _builder_version=\u00a0\u00bb4.7.7&Prime; _module_preset=\u00a0\u00bbdefault\u00a0\u00bb type=\u00a0\u00bb1_4&Prime;][et_pb_text _builder_version=\u00a0\u00bb4.7.7&Prime; _module_preset=\u00a0\u00bbdefault\u00a0\u00bb hover_enabled=\u00a0\u00bb0&Prime; sticky_enabled=\u00a0\u00bb0&Prime;]<h2>CE QUE NOUS FAISONS<\/h2>\r\n<p>Mynextpay propose des pr\u00eats sur salaire, des avances de fonds, des consolidations de dettes, des pr\u00eats sans v\u00e9rification cr\u00e9dit et des pr\u00eats pour mauvais cr\u00e9dits qui peuvent \u00eatre imm\u00e9diatement approuv\u00e9s. Nous sommes \u00e9galement en mesure d\u2019aider les emprunteurs \u00e0 restaurer leur cr\u00e9dit en toute s\u00e9curit\u00e9 en leur fournissant une carte de cr\u00e9dit s\u00e9curis\u00e9e. Nous ne collaborons qu\u2019avec des soci\u00e9t\u00e9s en r\u00e8gle avec le Bureau de la protection du consommateur, et tous les pr\u00eats que nous accordons sont 100 % s\u00e9curis\u00e9s. Aucuns frais initiaux ne vous seront factur\u00e9s ni aujourd\u2019hui ni \u00e0 l\u2019avenir.<\/p>[\/et_pb_text][\/et_pb_column][et_pb_column _builder_version=\u00a0\u00bb4.7.7&Prime; _module_preset=\u00a0\u00bbdefault\u00a0\u00bb type=\u00a0\u00bb1_4&Prime;][et_pb_text _builder_version=\u00a0\u00bb4.7.7&Prime; _module_preset=\u00a0\u00bbdefault\u00a0\u00bb hover_enabled=\u00a0\u00bb0&Prime; sticky_enabled=\u00a0\u00bb0&Prime;]<h2>NOTRE MISSION<\/h2>\r\n<p>Notre principale mission est d\u2019attribuer des pr\u00eats \u00e0 court terme dans les d\u00e9lais les plus brefs. D\u2019un autre c\u00f4t\u00e9, nous voulons \u00e9galement devenir la principale institution d\u2019avance de cr\u00e9dit au Canada. Pour ce faire, nous avons simplifi\u00e9 tout le processus de pr\u00eats afin que les emprunteurs puissent d\u00e9poser leurs demandes plus facilement et qu\u2019elles soient imm\u00e9diatement accept\u00e9es.<\/p>[\/et_pb_text][\/et_pb_column][et_pb_column _builder_version=\u00a0\u00bb4.7.7&Prime; _module_preset=\u00a0\u00bbdefault\u00a0\u00bb type=\u00a0\u00bb1_4&Prime;][et_pb_text _builder_version=\u00a0\u00bb4.7.7&Prime; _module_preset=\u00a0\u00bbdefault\u00a0\u00bb hover_enabled=\u00a0\u00bb0&Prime; sticky_enabled=\u00a0\u00bb0&Prime;]<h2>NOTRE VISION<\/h2>\r\n<p>Offrir des produits r\u00e9volutionnaires et des services \u00e0 la pointe de la technologie en les innovant constamment. Dans notre travail, il nous importe d\u2019\u00eatre transparents et \u00e9quitables. C\u2019est pour cela que nous faisons tout notre possible pour n\u2019utiliser que des m\u00e9thodes efficaces.<\/p>[\/et_pb_text][et_pb_text _builder_version=\u00a0\u00bb4.7.7&Prime; _module_preset=\u00a0\u00bbdefault\u00a0\u00bb hover_enabled=\u00a0\u00bb0&Prime; sticky_enabled=\u00a0\u00bb0&Prime;]<h2>NOS VALEURS<\/h2>\r\n<p>Nous nous engageons \u00e0 \u00eatre socialement et \u00e9thiquement responsables et nous nous effor\u00e7ons toujours de respecter tous nos employ\u00e9s, nos partenaires et nos clients.<\/p>[\/et_pb_text][\/et_pb_column][\/et_pb_row][\/et_pb_section]\n","protected":false},"excerpt":{"rendered":"<p>\u00c0 propos Mynextpay QUI SOMMES-NOUS Au d\u00e9but, nous \u00e9tions dans la m\u00eame situation que vous. Nous avons fait face aux m\u00eames difficult\u00e9s que vous faites face actuellement : nous avons eu du mal \u00e0 couvrir des d\u00e9penses impr\u00e9vues, des factures d\u2019urgence et des p\u00e9nalit\u00e9s de retard. Nous sommes conscients de ce que \u00e7a fait que [&hellip;]<\/p>\n","protected":false},"author":15,"featured_media":0,"parent":0,"menu_order":0,"comment_status":"closed","ping_status":"closed","template":"","meta":{"_et_pb_use_builder":"on","_et_pb_old_content":"","_et_gb_content_width":"","footnotes":""},"class_list":["post-49744","page","type-page","status-publish","hentry"],"_links":{"self":[{"href":"https:\/\/mynextpay.ca\/fr\/wp-json\/wp\/v2\/pages\/49744","targetHints":{"allow":["GET"]}}],"collection":[{"href":"https:\/\/mynextpay.ca\/fr\/wp-json\/wp\/v2\/pages"}],"about":[{"href":"https:\/\/mynextpay.ca\/fr\/wp-json\/wp\/v2\/types\/page"}],"author":[{"embeddable":true,"href":"https:\/\/mynextpay.ca\/fr\/wp-json\/wp\/v2\/users\/15"}],"replies":[{"embeddable":true,"href":"https:\/\/mynextpay.ca\/fr\/wp-json\/wp\/v2\/comments?post=49744"}],"version-history":[{"count":0,"href":"https:\/\/mynextpay.ca\/fr\/wp-json\/wp\/v2\/pages\/49744\/revisions"}],"wp:attachment":[{"href":"https:\/\/mynextpay.ca\/fr\/wp-json\/wp\/v2\/media?parent=49744"}],"curies":[{"name":"wp","href":"https:\/\/api.w.org\/{rel}","templated":true}]}}